{"id":43830,"date":"2022-08-04T12:48:02","date_gmt":"2022-08-04T12:48:02","guid":{"rendered":"https:\/\/www.ivh9.si\/Ponudbe\/chess\/?post_type=product&#038;p=43830"},"modified":"2026-04-20T15:39:38","modified_gmt":"2026-04-20T15:39:38","slug":"digitale-schachuhr-dgt-2010","status":"publish","type":"product","link":"https:\/\/chessgamesemporium.com\/de\/shop\/schachuhren\/digitale-uhren\/digitale-schachuhr-dgt-2010\/","title":{"rendered":"DGT 2010 digitale Schachuhr \u2013 FIDE Turnier"},"content":{"rendered":"<p>Uhrengeh\u00e4use: Kunststoff<br \/>\nFarbe: Rot<\/p>\n<p>Die offizielle Schachuhr des Weltschachbundes FIDE - Digitale Schachuhr DGT 2010.<\/p>\n<p>Die DGT 2010 wurde 2007 eingef\u00fchrt und erhielt im Juni 2008 den Status \"Offizielle FIDE-Schachuhr\", nachdem Tests von vier hochrangigen Schiedsrichtern zu dem Ergebnis kamen, dass die Uhr allen FIDE-Regeln und Vorschriften entspricht.<\/p>\n<p>Einige Merkmale der DGT 2010 wurden im November 2010 ge\u00e4ndert, um sie an die g\u00e4ngigen Zeitmessungssysteme anzupassen.<\/p>\n<p>Die wichtigsten Unterschiede des neuen Modells DGT 2010 (manchmal auch DGT2010SG - Zweite Generation genannt) gegen\u00fcber der Vorg\u00e4ngerversion sind:<br \/>\nDie Tasten auf der Vorderseite sind jetzt dunkelblau statt rot;<br \/>\nF\u00fcr jede manuelle Option wird die letzte Einstellung automatisch gespeichert. Auch nach dem Ausschalten des Timers oder der Verwendung anderer Optionen wird diese Einstellung gespeichert;<br \/>\nOptionen f\u00fcr Scrabble\u2122 wurden hinzugef\u00fcgt;<br \/>\nBronstein-Verz\u00f6gerung mit mehreren Zeitsteuerungen kann eingestellt werden;<br \/>\nIm kanadischen Byo-yomi kann die zus\u00e4tzliche Zeit automatisch nach der gew\u00fcnschten Anzahl von Z\u00fcgen hinzugef\u00fcgt werden;<br \/>\nEinige voreingestellte Zeiten wurden an popul\u00e4rere Einstellungen angepasst;<\/p>\n<p>Das DGT 2010 ist f\u00fcr viele Spiele geeignet, z.B. hat es japanische und kanadische Byo-yomi-Einstellungen f\u00fcr Go.<\/p>","protected":false},"excerpt":{"rendered":"<p>Die DGT 2010 ist eine FIDE-zugelassene digitale Schachuhr. Sie verf\u00fcgt \u00fcber ein gro\u00dfes Display, mehrere Zeitmodi sowie Unterst\u00fctzung f\u00fcr Inkrement und Delay. Eine zuverl\u00e4ssige Wahl f\u00fcr Vereine und Turniere.<\/p>","protected":false},"featured_media":45256,"comment_status":"closed","ping_status":"closed","template":"","meta":{"_seopress_robots_primary_cat":"none","_seopress_titles_title":"Digitalna \u0161ahovska ura DGT 2010 \u2013 FIDE, turnirska","_seopress_titles_desc":"","_seopress_robots_index":""},"product_brand":[],"product_cat":[520,513,194],"product_tag":[],"class_list":{"0":"post-43830","1":"product","2":"type-product","3":"status-publish","4":"has-post-thumbnail","6":"product_cat-digitalne-ure","7":"product_cat-sahovske-ure","8":"product_cat-vsi-izdelki","10":"entry","11":"has-media","13":"first","14":"instock","15":"sale","16":"taxable","17":"shipping-taxable","18":"purchasable","19":"product-type-simple","20":"has-product-nav","21":"col","22":"span_1_of_4","23":"owp-content-center","24":"item-entry","25":"owp-thumbs-layout-horizontal","26":"owp-btn-normal","27":"owp-tabs-layout-section"},"wcpa_form_fields":null,"_links":{"self":[{"href":"https:\/\/chessgamesemporium.com\/de\/wp-json\/wp\/v2\/product\/43830","targetHints":{"allow":["GET"]}}],"collection":[{"href":"https:\/\/chessgamesemporium.com\/de\/wp-json\/wp\/v2\/product"}],"about":[{"href":"https:\/\/chessgamesemporium.com\/de\/wp-json\/wp\/v2\/types\/product"}],"replies":[{"embeddable":true,"href":"https:\/\/chessgamesemporium.com\/de\/wp-json\/wp\/v2\/comments?post=43830"}],"version-history":[{"count":1,"href":"https:\/\/chessgamesemporium.com\/de\/wp-json\/wp\/v2\/product\/43830\/revisions"}],"predecessor-version":[{"id":63851,"href":"https:\/\/chessgamesemporium.com\/de\/wp-json\/wp\/v2\/product\/43830\/revisions\/63851"}],"wp:featuredmedia":[{"embeddable":true,"href":"https:\/\/chessgamesemporium.com\/de\/wp-json\/wp\/v2\/media\/45256"}],"wp:attachment":[{"href":"https:\/\/chessgamesemporium.com\/de\/wp-json\/wp\/v2\/media?parent=43830"}],"wp:term":[{"taxonomy":"product_brand","embeddable":true,"href":"https:\/\/chessgamesemporium.com\/de\/wp-json\/wp\/v2\/product_brand?post=43830"},{"taxonomy":"product_cat","embeddable":true,"href":"https:\/\/chessgamesemporium.com\/de\/wp-json\/wp\/v2\/product_cat?post=43830"},{"taxonomy":"product_tag","embeddable":true,"href":"https:\/\/chessgamesemporium.com\/de\/wp-json\/wp\/v2\/product_tag?post=43830"}],"curies":[{"name":"wp","href":"https:\/\/api.w.org\/{rel}","templated":true}]}}