{"id":43850,"date":"2022-08-04T13:02:56","date_gmt":"2022-08-04T13:02:56","guid":{"rendered":"https:\/\/www.ivh9.si\/Ponudbe\/chess\/?post_type=product&#038;p=43850"},"modified":"2026-04-23T17:13:24","modified_gmt":"2026-04-23T17:13:24","slug":"aufrollbares-schachbrett-57-mm","status":"publish","type":"product","link":"https:\/\/chessgamesemporium.com\/de\/shop\/schachbretter\/plastik-schachbretter\/aufrollbares-schachbrett-57-mm\/","title":{"rendered":"Rollbar Schachplan 57 mm"},"content":{"rendered":"<h3>\u265f\ufe0f Professionelles Turnierschachbrett f\u00fcr den Alltag<\/h3>\n<p>Rollbar Schachplan 57 mm<br \/>\nMaterial: PVC, Leinwand<br \/>\nFeld: 57 x 57 mm<br \/>\nMa\u00dfe Schachbrett: 50 x 50 cm<br \/>\nAbwaschbare<br \/>\nDieses Schachbrett mit Feldern von 57 x 57 mm eignet sich ideal f\u00fcr Schachfiguren mit einer K\u00f6nigsh\u00f6he von 95-98 mm.<\/p>\n<p>Die rollbare Schachmatte 57 mm ist ein standardm\u00e4\u00dfiges Turnierbrett, das weltweit verwendet wird. Sie ist ideal f\u00fcr Schulen, Vereine, Training und Turniere.<\/p>\n<h3>\ud83d\udccf Standardgr\u00f6\u00dfe 57 mm<\/h3>\n<p>Die Feldgr\u00f6\u00dfe von 57 mm entspricht dem offiziellen Turnierstandard und sorgt f\u00fcr komfortables Spielen. Kompatibel mit Staunton-Figuren.<\/p>\n<h3>\ud83c\udfaf F\u00fcr wen ist dieses Brett geeignet?<\/h3>\n<p>\u2714 za \u0161ole in \u0161ahovske kro\u017eke<br \/>\n\u2714 f\u00fcr Schachvereine und Turniere<br \/>\n\u2714 f\u00fcr Training und Partienanalyse<br \/>\n\u2714 f\u00fcr Anf\u00e4nger und Fortgeschrittene<br \/>\n\u2714 f\u00fcr Zuhause oder unterwegs<\/p>\n<h3>\u2699\ufe0f Die wichtigsten Vorteile:<\/h3>\n<p>\u2714 rollbares Brett f\u00fcr einfachen Transport<br \/>\n\u2714 langlebiges Material<br \/>\n\u2714 leicht und praktisch<br \/>\n\u2714 geeignet f\u00fcr verschiedene Spielbedingungen<br \/>\n\u2714 einfach zu lagern und zu transportieren<\/p>\n<h3>\u2753 Warum eine rollbare Schachmatte w\u00e4hlen?<\/h3>\n<p>Rollbare Schachmatten sind eine beliebte Wahl f\u00fcr Spieler, die eine praktische und transportable L\u00f6sung ben\u00f6tigen. Im Vergleich zu festen Brettern sind sie leichter zu transportieren und vielseitig einsetzbar, besonders in Schulen und Vereinen.<\/p>\n<h3>\ud83c\udfc1 Ideale Wahl f\u00fcr Schachspieler<\/h3>\n<p>Wenn Sie ein standardm\u00e4\u00dfiges Turnierschachbrett suchen, das Funktionalit\u00e4t und Langlebigkeit vereint, ist dies eine ausgezeichnete Wahl.<\/p>\n<p>Warnung! Nicht geeignet f\u00fcr Kinder unter 3 Jahren wegen Kleinteilen! Es besteht Erstickungsgefahr.<\/p>","protected":false},"excerpt":{"rendered":"<p>Dieses Schachbrett mit Feldern von 57 x 57 mm eignet sich ideal f\u00fcr Schachfiguren mit einer K\u00f6nigsh\u00f6he von 95-98 mm.<\/p>","protected":false},"featured_media":43853,"comment_status":"closed","ping_status":"closed","template":"","meta":{"_seopress_robots_primary_cat":"none","_seopress_titles_title":"Roll-up \u0161ahovnica 57 mm \u2013 turnirska gumijasta | ChessGamesEmporium","_seopress_titles_desc":"Turnirska \u0161ahovnica za zvijanje s polji 57 mm, priljubljena po vsem svetu. Trpe\u017ena gumijasta podlaga, idealna za trening, klube in tekmovanja.","_seopress_robots_index":""},"product_brand":[],"product_cat":[514,523,194],"product_tag":[590],"class_list":{"0":"post-43850","1":"product","2":"type-product","3":"status-publish","4":"has-post-thumbnail","6":"product_cat-sahovnice","7":"product_cat-plasticne-sahovnice","8":"product_cat-vsi-izdelki","9":"product_tag-55mm","11":"entry","12":"has-media","14":"first","15":"instock","16":"taxable","17":"shipping-taxable","18":"purchasable","19":"product-type-simple","20":"has-product-nav","21":"col","22":"span_1_of_4","23":"owp-content-center","24":"item-entry","25":"owp-thumbs-layout-horizontal","26":"owp-btn-normal","27":"owp-tabs-layout-section"},"wcpa_form_fields":null,"_links":{"self":[{"href":"https:\/\/chessgamesemporium.com\/de\/wp-json\/wp\/v2\/product\/43850","targetHints":{"allow":["GET"]}}],"collection":[{"href":"https:\/\/chessgamesemporium.com\/de\/wp-json\/wp\/v2\/product"}],"about":[{"href":"https:\/\/chessgamesemporium.com\/de\/wp-json\/wp\/v2\/types\/product"}],"replies":[{"embeddable":true,"href":"https:\/\/chessgamesemporium.com\/de\/wp-json\/wp\/v2\/comments?post=43850"}],"version-history":[{"count":0,"href":"https:\/\/chessgamesemporium.com\/de\/wp-json\/wp\/v2\/product\/43850\/revisions"}],"wp:featuredmedia":[{"embeddable":true,"href":"https:\/\/chessgamesemporium.com\/de\/wp-json\/wp\/v2\/media\/43853"}],"wp:attachment":[{"href":"https:\/\/chessgamesemporium.com\/de\/wp-json\/wp\/v2\/media?parent=43850"}],"wp:term":[{"taxonomy":"product_brand","embeddable":true,"href":"https:\/\/chessgamesemporium.com\/de\/wp-json\/wp\/v2\/product_brand?post=43850"},{"taxonomy":"product_cat","embeddable":true,"href":"https:\/\/chessgamesemporium.com\/de\/wp-json\/wp\/v2\/product_cat?post=43850"},{"taxonomy":"product_tag","embeddable":true,"href":"https:\/\/chessgamesemporium.com\/de\/wp-json\/wp\/v2\/product_tag?post=43850"}],"curies":[{"name":"wp","href":"https:\/\/api.w.org\/{rel}","templated":true}]}}