{"id":45058,"date":"2022-09-06T10:09:31","date_gmt":"2022-09-06T10:09:31","guid":{"rendered":"https:\/\/www.ivh9.si\/Ponudbe\/chess\/?post_type=product&#038;p=45058"},"modified":"2024-12-03T18:35:06","modified_gmt":"2024-12-03T18:35:06","slug":"digitale-schachuhr-dgt-960-travel","status":"publish","type":"product","link":"https:\/\/chessgamesemporium.com\/de\/shop\/schachuhren\/digitale-uhren\/digitale-schachuhr-dgt-960-travel\/","title":{"rendered":"Digitale Schachuhr DGT 960 Travel"},"content":{"rendered":"<p>Uhrengeh\u00e4use: Kunststoff<br \/>\nFarbe: Blau\/Wei\u00df<br \/>\nAbmessungen: 14 x 6,5 x 2,3 cm<\/p>\n<p>Die erste Schachuhr, die automatisch und nach dem Zufallsprinzip 960 Startpositionen erzeugt. Auf dem Display erscheinen Symbole, die anzeigen, in welcher Position die Figuren auf dem Brett platziert werden m\u00fcssen. Sie bringt viele Schachliebhaber zur\u00fcck ans Schachbrett.<\/p>\n<p>Die Idee des k\u00fcrzlich verstorbenen Ex-Weltmeisters Bobby Fischer, eine Schachvariante zu schaffen, bei der die Kenntnis der Er\u00f6ffnungstheorien weniger ins Gewicht f\u00e4llt, war die wichtigste Verbesserung des Schachs seit 500 Jahren.<\/p>\n<p>Diese Schachuhr ist ein Gadget, das sich jeder Schachspieler w\u00fcnschen w\u00fcrde.<br><br>\n- Die neue Art zu spielen!<br>\n- Die revolution\u00e4re faltbare DGT 960 Schachuhr\nUhr kann leicht eine der 960 Startpositionen f\u00fcr die neue Art, Schach zu spielen, erzeugen.<br>\n- Gro\u00dfes Display f\u00fcr gute Lesbarkeit<br>\n- Leichte Bedienung und einfachste Programmierung<\/p>","protected":false},"excerpt":{"rendered":"<ul>\n<li>Inklusive moderner Bonus- und Verz\u00f6gerungsoptionen<\/li>\n<li>Zusammenklappbarer Spieltimer, der in jede Tasche passt<\/li>\n<li>Mit gro\u00dfem Display und optionalem Buzzer<\/li>\n<li>Verf\u00fcgt \u00fcber Zugzeit- und Spielzeitmodi<\/li>\n<\/ul>","protected":false},"featured_media":47744,"comment_status":"closed","ping_status":"closed","template":"","meta":{"_seopress_robots_primary_cat":"none","_seopress_titles_title":"","_seopress_titles_desc":"","_seopress_robots_index":""},"product_brand":[],"product_cat":[513,520],"product_tag":[],"class_list":{"0":"post-45058","1":"product","2":"type-product","3":"status-publish","4":"has-post-thumbnail","6":"product_cat-sahovske-ure","7":"product_cat-digitalne-ure","9":"entry","10":"has-media","12":"first","13":"outofstock","14":"taxable","15":"shipping-taxable","16":"purchasable","17":"product-type-simple","18":"has-product-nav","19":"col","20":"span_1_of_4","21":"owp-content-center","22":"item-entry","23":"owp-thumbs-layout-horizontal","24":"owp-btn-normal","25":"owp-tabs-layout-section","26":"has-no-thumbnails"},"wcpa_form_fields":null,"_links":{"self":[{"href":"https:\/\/chessgamesemporium.com\/de\/wp-json\/wp\/v2\/product\/45058","targetHints":{"allow":["GET"]}}],"collection":[{"href":"https:\/\/chessgamesemporium.com\/de\/wp-json\/wp\/v2\/product"}],"about":[{"href":"https:\/\/chessgamesemporium.com\/de\/wp-json\/wp\/v2\/types\/product"}],"replies":[{"embeddable":true,"href":"https:\/\/chessgamesemporium.com\/de\/wp-json\/wp\/v2\/comments?post=45058"}],"version-history":[{"count":0,"href":"https:\/\/chessgamesemporium.com\/de\/wp-json\/wp\/v2\/product\/45058\/revisions"}],"wp:featuredmedia":[{"embeddable":true,"href":"https:\/\/chessgamesemporium.com\/de\/wp-json\/wp\/v2\/media\/47744"}],"wp:attachment":[{"href":"https:\/\/chessgamesemporium.com\/de\/wp-json\/wp\/v2\/media?parent=45058"}],"wp:term":[{"taxonomy":"product_brand","embeddable":true,"href":"https:\/\/chessgamesemporium.com\/de\/wp-json\/wp\/v2\/product_brand?post=45058"},{"taxonomy":"product_cat","embeddable":true,"href":"https:\/\/chessgamesemporium.com\/de\/wp-json\/wp\/v2\/product_cat?post=45058"},{"taxonomy":"product_tag","embeddable":true,"href":"https:\/\/chessgamesemporium.com\/de\/wp-json\/wp\/v2\/product_tag?post=45058"}],"curies":[{"name":"wp","href":"https:\/\/api.w.org\/{rel}","templated":true}]}}