{"id":45065,"date":"2022-09-06T10:17:47","date_gmt":"2022-09-06T10:17:47","guid":{"rendered":"https:\/\/www.ivh9.si\/Ponudbe\/chess\/?post_type=product&#038;p=45065"},"modified":"2026-04-18T05:11:05","modified_gmt":"2026-04-18T05:11:05","slug":"digitale-schachuhr-dgt-1001-black","status":"publish","type":"product","link":"https:\/\/chessgamesemporium.com\/de\/shop\/schachuhren\/digitale-uhren\/digitale-schachuhr-dgt-1001-black\/","title":{"rendered":"DGT 1001 Schachuhr \u2013 f\u00fcr Anf\u00e4nger"},"content":{"rendered":"<p>Der DGT 1001 ist ein universeller Spieltimer f\u00fcr die Schule, den Verein oder zu Hause. Er hat ein kristallklares Display, ist extrem einfach zu bedienen und sehr preiswert. Er verf\u00fcgt \u00fcber einen Countdown und einen Aufw\u00e4rtsz\u00e4hler und hat zwei gro\u00dfe Tasten oben links und rechts zur Bedienung des Timers. Dieser Spieltimer ist in zwei Farbversionen erh\u00e4ltlich. Die Batterie ist im Lieferumfang enthalten.<\/p>\n<p>Perfekte Einsteiger-Schachuhr zum Lernen und f\u00fcr entspanntes Spielen.<\/p>\n<p>Die DGT 1001 Schachuhr bringt zus\u00e4tzliche Spannung und Dynamik in jede Schachpartie zwischen zwei Spielern. Mit ihren praktischen Tasten und einem gro\u00dfen Bildschirm ist die DGT1001 extrem einfach zu programmieren und intuitiv zu bedienen.<\/p>\n<p>Sie verf\u00fcgt \u00fcber zwei Hauptoptionen, eine f\u00fcr den Countdown und die andere f\u00fcr das Z\u00e4hlen der Zeit in einer Periode, die in einem Bereich von 1 Sekunde bis 9 Stunden und 30 Minuten eingestellt werden kann. Die Uhr schaltet zwischen den Spielern um, wenn Sie eine der beiden Tasten dr\u00fccken.<\/p>\n<ul>\n<li>Verwendbar f\u00fcr verschiedene Spiele wie Schach, Dame, Poker und viele mehr.<\/li>\n<li>Gro\u00dfer und gut lesbarer Bildschirm.<\/li>\n<li>Einfach zu bedienende Einstellungen.<\/li>\n<\/ul>\n<p>Die DGT 1001 Schachuhr verf\u00fcgt nicht \u00fcber die M\u00f6glichkeit eines Zeitinkrements (Bonus).<\/p>","protected":false},"excerpt":{"rendered":"<p>Die DGT 1001 ist eine einfache und zuverl\u00e4ssige digitale Schachuhr f\u00fcr Anf\u00e4nger, Schulen und Training. Sie verf\u00fcgt \u00fcber ein klares Display und grundlegende Zeitfunktionen f\u00fcr den t\u00e4glichen Gebrauch.<\/p>","protected":false},"featured_media":56556,"comment_status":"closed","ping_status":"closed","template":"","meta":{"_seopress_robots_primary_cat":"none","_seopress_titles_title":"Digitalna \u0161ahovska ura DGT 1001 \u2013 za za\u010detnike | ChessGamesEmporium","_seopress_titles_desc":"","_seopress_robots_index":""},"product_brand":[],"product_cat":[513,520],"product_tag":[],"class_list":{"0":"post-45065","1":"product","2":"type-product","3":"status-publish","4":"has-post-thumbnail","6":"product_cat-sahovske-ure","7":"product_cat-digitalne-ure","9":"entry","10":"has-media","12":"first","13":"instock","14":"taxable","15":"shipping-taxable","16":"purchasable","17":"product-type-variable","18":"has-product-nav","19":"col","20":"span_1_of_4","21":"owp-content-center","22":"item-entry","23":"owp-thumbs-layout-horizontal","24":"owp-btn-normal","25":"owp-tabs-layout-section"},"wcpa_form_fields":null,"_links":{"self":[{"href":"https:\/\/chessgamesemporium.com\/de\/wp-json\/wp\/v2\/product\/45065","targetHints":{"allow":["GET"]}}],"collection":[{"href":"https:\/\/chessgamesemporium.com\/de\/wp-json\/wp\/v2\/product"}],"about":[{"href":"https:\/\/chessgamesemporium.com\/de\/wp-json\/wp\/v2\/types\/product"}],"replies":[{"embeddable":true,"href":"https:\/\/chessgamesemporium.com\/de\/wp-json\/wp\/v2\/comments?post=45065"}],"version-history":[{"count":0,"href":"https:\/\/chessgamesemporium.com\/de\/wp-json\/wp\/v2\/product\/45065\/revisions"}],"wp:featuredmedia":[{"embeddable":true,"href":"https:\/\/chessgamesemporium.com\/de\/wp-json\/wp\/v2\/media\/56556"}],"wp:attachment":[{"href":"https:\/\/chessgamesemporium.com\/de\/wp-json\/wp\/v2\/media?parent=45065"}],"wp:term":[{"taxonomy":"product_brand","embeddable":true,"href":"https:\/\/chessgamesemporium.com\/de\/wp-json\/wp\/v2\/product_brand?post=45065"},{"taxonomy":"product_cat","embeddable":true,"href":"https:\/\/chessgamesemporium.com\/de\/wp-json\/wp\/v2\/product_cat?post=45065"},{"taxonomy":"product_tag","embeddable":true,"href":"https:\/\/chessgamesemporium.com\/de\/wp-json\/wp\/v2\/product_tag?post=45065"}],"curies":[{"name":"wp","href":"https:\/\/api.w.org\/{rel}","templated":true}]}}