{"id":45213,"date":"2022-09-08T14:39:21","date_gmt":"2022-09-08T14:39:21","guid":{"rendered":"https:\/\/www.ivh9.si\/Ponudbe\/chess\/?post_type=product&#038;p=45213"},"modified":"2026-05-05T13:15:09","modified_gmt":"2026-05-05T13:15:09","slug":"plastikschachfiguren-dubrovnik-2","status":"publish","type":"product","link":"https:\/\/chessgamesemporium.com\/de\/shop\/schachfiguren\/plastik-schachfiguren\/plastikschachfiguren-dubrovnik-2\/","title":{"rendered":"Schachfiguren aus Kunststoff DUBROVNIK"},"content":{"rendered":"<p>Basis: Filz<br \/>\nMaterial: Kunststoff<br \/>\nFarbe: Ocker und Dunkelbraun<\/p>\n<p>Abmessungen: (H\u00f6he der Figur | Durchmesser der Basis)<br \/>\nK\u00f6nig: 9,1 cm | 3,6 cm<br \/>\nDame: 7,7 cm | 3,5 cm<br \/>\nTurm: 5,1 cm | 3,3 cm<br \/>\nL\u00e4ufer: 7,1 cm | 3,1 cm<br \/>\nSpringer: 6,6 cm | 3,3 cm<br \/>\nBauer: 4,7 cm | 2,9 cm<\/p>\n<p>Das Dubrovnik-Schachset basiert auf einem ber\u00fchmten Entwurf von 1950, der f\u00fcr die 9. Schacholympiade in Dubrovnik geschaffen wurde. Schacholympiade in Dubrovnik geschaffen wurde. Die Figuren sind bekannt f\u00fcr ihre Einfachheit, das Weglassen des K\u00f6nigskreuzes, sowie f\u00fcr ihre leichte Erkennbarkeit und Ergonomie.<\/p>\n<p>Dieses Design wurde von dem legend\u00e4ren Schachweltmeister Bobby Fischer geliebt. Er hat \u00f6ffentlich erkl\u00e4rt, dass die Dubrovnik-Schachfiguren seine Lieblingsfiguren sind, und er hat sie oft f\u00fcr seine Analysen und Heimspiele verwendet.<\/p>\n<p>&#8220;This is the best set I have ever played on. It is marvellous.&#8221;<br \/>\n- Bobby Fischer \u00fcber das Dubrovnik-Set<\/p>\n<p>Unsere Kunststoffvariante beh\u00e4lt die klassische Form dieser ber\u00fchmten Figuren bei, aber in einer erschwinglicheren und haltbaren Kunststoffausf\u00fchrung. Eine ausgezeichnete Wahl f\u00fcr Schachklubs, Anf\u00e4nger und Liebhaber der Schachgeschichte. Es ist auch f\u00fcr den t\u00e4glichen Gebrauch und als Geschenk geeignet.<\/p>\n<p>Warnung! Nicht geeignet f\u00fcr Kinder unter 3 Jahren wegen Kleinteilen! Es besteht Erstickungsgefahr.<\/p>","protected":false},"excerpt":{"rendered":"<p>Podlaga: Podlo\u017eene s filcem Material: Plastika Barva: Oker in temno rjava Dimenzije: (vi\u0161ina figure | premer podlage) Kralj: 9,1 cm | 3,6 cm Dama: 7,7 cm | 3,5 cm Top: 5,1 cm | 3,3 cm Lovec: 7,1 cm | 3,1 cm Skaka\u010d: 6,6 cm | 3,3 cm Kmet: 4,7 cm | 2,9 cm Komplet \u0161ahovskih [&hellip;]<\/p>","protected":false},"featured_media":48235,"comment_status":"closed","ping_status":"closed","template":"","meta":{"_seopress_robots_primary_cat":"none","_seopress_titles_title":"","_seopress_titles_desc":"","_seopress_robots_index":""},"product_brand":[],"product_cat":[511,521],"product_tag":[594],"class_list":{"0":"post-45213","1":"product","2":"type-product","3":"status-publish","4":"has-post-thumbnail","6":"product_cat-sahovske-figure","7":"product_cat-plasticne-figure","8":"product_tag-90mm","10":"entry","11":"has-media","13":"first","14":"instock","15":"taxable","16":"shipping-taxable","17":"purchasable","18":"product-type-simple","19":"has-product-nav","20":"col","21":"span_1_of_4","22":"owp-content-center","23":"item-entry","24":"owp-thumbs-layout-horizontal","25":"owp-btn-normal","26":"owp-tabs-layout-section"},"wcpa_form_fields":null,"_links":{"self":[{"href":"https:\/\/chessgamesemporium.com\/de\/wp-json\/wp\/v2\/product\/45213","targetHints":{"allow":["GET"]}}],"collection":[{"href":"https:\/\/chessgamesemporium.com\/de\/wp-json\/wp\/v2\/product"}],"about":[{"href":"https:\/\/chessgamesemporium.com\/de\/wp-json\/wp\/v2\/types\/product"}],"replies":[{"embeddable":true,"href":"https:\/\/chessgamesemporium.com\/de\/wp-json\/wp\/v2\/comments?post=45213"}],"version-history":[{"count":1,"href":"https:\/\/chessgamesemporium.com\/de\/wp-json\/wp\/v2\/product\/45213\/revisions"}],"predecessor-version":[{"id":64487,"href":"https:\/\/chessgamesemporium.com\/de\/wp-json\/wp\/v2\/product\/45213\/revisions\/64487"}],"wp:featuredmedia":[{"embeddable":true,"href":"https:\/\/chessgamesemporium.com\/de\/wp-json\/wp\/v2\/media\/48235"}],"wp:attachment":[{"href":"https:\/\/chessgamesemporium.com\/de\/wp-json\/wp\/v2\/media?parent=45213"}],"wp:term":[{"taxonomy":"product_brand","embeddable":true,"href":"https:\/\/chessgamesemporium.com\/de\/wp-json\/wp\/v2\/product_brand?post=45213"},{"taxonomy":"product_cat","embeddable":true,"href":"https:\/\/chessgamesemporium.com\/de\/wp-json\/wp\/v2\/product_cat?post=45213"},{"taxonomy":"product_tag","embeddable":true,"href":"https:\/\/chessgamesemporium.com\/de\/wp-json\/wp\/v2\/product_tag?post=45213"}],"curies":[{"name":"wp","href":"https:\/\/api.w.org\/{rel}","templated":true}]}}