{"id":45291,"date":"2022-09-24T13:10:51","date_gmt":"2022-09-24T13:10:51","guid":{"rendered":"https:\/\/www.ivh9.si\/Ponudbe\/chess\/?post_type=product&#038;p=45291"},"modified":"2026-04-09T14:49:15","modified_gmt":"2026-04-09T14:49:15","slug":"digitale-schachuhr-dgt-3000","status":"publish","type":"product","link":"https:\/\/chessgamesemporium.com\/de\/shop\/schachuhren\/digitale-uhren\/digitale-schachuhr-dgt-3000\/","title":{"rendered":"DGT 3000 Digitale Schachuhr \u2013 FIDE Turnieruhr"},"content":{"rendered":"<p>Die DGT 3000 Schachuhr wurde im Oktober 2014 eingef\u00fchrt und ist die bisher fortschrittlichste Schachuhr von DGT. Sie kann mit allen DGT e-Boards verbunden werden und entspricht den FIDE-Regeln und Vorschriften.<\/p>\n<p>Die DGT 3000 Schachuhr ist eine digitale Schachuhr der Spitzenklasse, die modernste Technologie mit benutzerfreundlichem Design verbindet. Diese pr\u00e4zise und zuverl\u00e4ssige Schachuhr ist bei Schachliebhabern und -spielern weltweit \u00e4u\u00dferst beliebt.<\/p>\n<p>Mit speziell entwickelten Funktionen wie einstellbaren Zeitkontrollen, Erinnerungen und Verz\u00f6gerungen erm\u00f6glicht die DGT 3000 ein flexibles und individuelles Spielerlebnis. Das Ger\u00e4t ist sowohl f\u00fcr Anf\u00e4nger als auch f\u00fcr erfahrene Schachspieler geeignet und bietet eine einfache Bedienung und ein klares, gut lesbares Display.<\/p>\n<p>Die digitale Technologie erm\u00f6glicht eine pr\u00e4zise Zeitmessung, ein entscheidender Aspekt des Schachspiels. Das DGT 3000 ist mit intuitiven Tasten ausgestattet, mit denen sich Zeiteinstellungen und Verz\u00f6gerungen leicht einstellen lassen. Au\u00dferdem besticht er durch sein modernes Design, das jedes Schachspiel wunderbar erg\u00e4nzt.<\/p>\n<p>Dar\u00fcber hinaus kann das DGT 3000 verschiedene Zeiteinstellungen speichern, was es f\u00fcr Trainingseinheiten oder Turniere mit unterschiedlichen Zeitkontrollen \u00e4u\u00dferst praktisch macht. All diese Eigenschaften machen die DGT 3000 Schachuhr zu einem unverzichtbaren Werkzeug f\u00fcr ernsthafte Schachspieler.<\/p>\n<p>Zuverl\u00e4ssigkeit, Benutzerfreundlichkeit und modernes Design stellen die DGT 3000 Schachuhr an die Spitze der digitalen Schachuhren auf dem Markt. Ob Sie Anf\u00e4nger oder erfahrener Schachspieler sind, die DGT 3000 wird Ihre Erwartungen an eine zuverl\u00e4ssige und fortschrittliche Schachuhr sicher erf\u00fcllen.<\/p>\n<p>Zu den Vorteilen geh\u00f6ren:<br \/>\n- Viel gr\u00f6\u00dferes Display mit mehr Informationen<br \/>\n- Die DGT3000 l\u00e4sst sich an alle elektronischen DGT-Schachbretter anschlie\u00dfen und verf\u00fcgt \u00fcber viele neue und verbesserte Funktionen:<br \/>\n- Sekunden werden von Anfang an angezeigt<br \/>\n- 25 voreingestellte Zeitmesssysteme<br \/>\n- 5 Slots f\u00fcr individuelle Einstellungen<br \/>\n- Das Handbuch wird in 6 Sprachen geliefert: Englisch, Franz\u00f6sisch, Spanisch, Niederl\u00e4ndisch, Deutsch und Russisch.<\/p>","protected":false},"excerpt":{"rendered":"<p>Die DGT 3000 ist eine FIDE-zugelassene digitale Schachuhr f\u00fcr Turniere. Sie verf\u00fcgt \u00fcber ein gro\u00dfes Display, 25 Zeitmodi sowie Unterst\u00fctzung f\u00fcr Inkrement und Delay. Ideal f\u00fcr ernsthafte Schachspieler und Vereine.<\/p>","protected":false},"featured_media":47735,"comment_status":"closed","ping_status":"closed","template":"","meta":{"_seopress_robots_primary_cat":"none","_seopress_titles_title":"","_seopress_titles_desc":"","_seopress_robots_index":""},"product_brand":[],"product_cat":[513,520],"product_tag":[],"class_list":{"0":"post-45291","1":"product","2":"type-product","3":"status-publish","4":"has-post-thumbnail","6":"product_cat-sahovske-ure","7":"product_cat-digitalne-ure","9":"entry","10":"has-media","12":"first","13":"instock","14":"sale","15":"taxable","16":"shipping-taxable","17":"purchasable","18":"product-type-simple","19":"has-product-nav","20":"col","21":"span_1_of_4","22":"owp-content-center","23":"item-entry","24":"owp-thumbs-layout-horizontal","25":"owp-btn-normal","26":"owp-tabs-layout-section"},"wcpa_form_fields":null,"_links":{"self":[{"href":"https:\/\/chessgamesemporium.com\/de\/wp-json\/wp\/v2\/product\/45291","targetHints":{"allow":["GET"]}}],"collection":[{"href":"https:\/\/chessgamesemporium.com\/de\/wp-json\/wp\/v2\/product"}],"about":[{"href":"https:\/\/chessgamesemporium.com\/de\/wp-json\/wp\/v2\/types\/product"}],"replies":[{"embeddable":true,"href":"https:\/\/chessgamesemporium.com\/de\/wp-json\/wp\/v2\/comments?post=45291"}],"version-history":[{"count":0,"href":"https:\/\/chessgamesemporium.com\/de\/wp-json\/wp\/v2\/product\/45291\/revisions"}],"wp:featuredmedia":[{"embeddable":true,"href":"https:\/\/chessgamesemporium.com\/de\/wp-json\/wp\/v2\/media\/47735"}],"wp:attachment":[{"href":"https:\/\/chessgamesemporium.com\/de\/wp-json\/wp\/v2\/media?parent=45291"}],"wp:term":[{"taxonomy":"product_brand","embeddable":true,"href":"https:\/\/chessgamesemporium.com\/de\/wp-json\/wp\/v2\/product_brand?post=45291"},{"taxonomy":"product_cat","embeddable":true,"href":"https:\/\/chessgamesemporium.com\/de\/wp-json\/wp\/v2\/product_cat?post=45291"},{"taxonomy":"product_tag","embeddable":true,"href":"https:\/\/chessgamesemporium.com\/de\/wp-json\/wp\/v2\/product_tag?post=45291"}],"curies":[{"name":"wp","href":"https:\/\/api.w.org\/{rel}","templated":true}]}}