{"id":45873,"date":"2022-10-13T10:17:12","date_gmt":"2022-10-13T10:17:12","guid":{"rendered":"https:\/\/www.ivh44.si\/Ponudbe\/chess\/?post_type=product&#038;p=45873"},"modified":"2025-10-16T11:09:47","modified_gmt":"2025-10-16T11:09:47","slug":"plastik-schachfiguren-schwarz-beige","status":"publish","type":"product","link":"https:\/\/chessgamesemporium.com\/de\/shop\/schachfiguren\/plastik-schachfiguren\/plastik-schachfiguren-schwarz-beige\/","title":{"rendered":"Schachfiguren aus Kunststoff SCHWARZ|BEIGE"},"content":{"rendered":"<p>Basis: Filz<br \/>\nMaterial: Kunststoff<br \/>\nFarbe: Ocker und Schwarz<\/p>\n<p>Abmessungen: (H\u00f6he der Figur | Durchmesser der Basis)<br \/>\nK\u00f6nig: 9,0 cm | 3,5 cm<br \/>\nDame: 7,8 cm | 3,5 cm<br \/>\nTurm: 4,7 cm | 3,1 cm<br \/>\nL\u00e4ufer: 6,7 cm | 3,1 cm<br \/>\nSpringer: 6,1 cm | 3,1 cm<br \/>\nBauer: 4,6 cm | 2,7 cm<\/p>\n<p>Dieses STAUNTON-Schachspiel aus Kunststoff ist eine zuverl\u00e4ssige und erschwingliche Wahl f\u00fcr Schulen, Vereine oder zu Hause. Die Figuren sind aus hochbelastbarem Kunststoff gefertigt, sodass sie auch bei intensiver Nutzung kaum oder gar keine Sch\u00e4den davontragen.<\/p>\n<p>Dieses Set wird empfohlen f\u00fcr:<\/p>\n<p>Schachvereine und Schulklubs<\/p>\n<p>Schulen und Bildungseinrichtungen<\/p>\n<p>Turnierveranstalter<\/p>\n<p>Anf\u00e4nger und Gelegenheitsspieler<\/p>\n<p>Warnung! Nicht geeignet f\u00fcr Kinder unter 3 Jahren wegen Kleinteilen! Es besteht Erstickungsgefahr.<\/p>","protected":false},"excerpt":{"rendered":"<p>Podlaga: Podlo\u017eene s filcem Material: Plastika Barva: oker in \u010drna Dimenzije: (vi\u0161ina | premer podlage) Kralj: 9,0 cm | 3,5 cm Dama: 7,8 cm | 3,5 cm Top: 4,7 cm | 3,1 cm Lovec: 6,7 cm | 3,1 cm Skaka\u010d: 6,1 cm | 3,1 cm Kmet: 4,6 cm | 2,7 cm Komplet plasti\u010dnih \u0161ahovskih figur [&hellip;]<\/p>","protected":false},"featured_media":48251,"comment_status":"closed","ping_status":"closed","template":"","meta":{"_seopress_robots_primary_cat":"none","_seopress_titles_title":"","_seopress_titles_desc":"","_seopress_robots_index":""},"product_brand":[],"product_cat":[521,511],"product_tag":[594],"class_list":{"0":"post-45873","1":"product","2":"type-product","3":"status-publish","4":"has-post-thumbnail","6":"product_cat-plasticne-figure","7":"product_cat-sahovske-figure","8":"product_tag-90mm","10":"entry","11":"has-media","13":"first","14":"instock","15":"taxable","16":"shipping-taxable","17":"purchasable","18":"product-type-simple","19":"has-product-nav","20":"col","21":"span_1_of_4","22":"owp-content-center","23":"item-entry","24":"owp-thumbs-layout-horizontal","25":"owp-btn-normal","26":"owp-tabs-layout-section"},"wcpa_form_fields":null,"_links":{"self":[{"href":"https:\/\/chessgamesemporium.com\/de\/wp-json\/wp\/v2\/product\/45873","targetHints":{"allow":["GET"]}}],"collection":[{"href":"https:\/\/chessgamesemporium.com\/de\/wp-json\/wp\/v2\/product"}],"about":[{"href":"https:\/\/chessgamesemporium.com\/de\/wp-json\/wp\/v2\/types\/product"}],"replies":[{"embeddable":true,"href":"https:\/\/chessgamesemporium.com\/de\/wp-json\/wp\/v2\/comments?post=45873"}],"version-history":[{"count":0,"href":"https:\/\/chessgamesemporium.com\/de\/wp-json\/wp\/v2\/product\/45873\/revisions"}],"wp:featuredmedia":[{"embeddable":true,"href":"https:\/\/chessgamesemporium.com\/de\/wp-json\/wp\/v2\/media\/48251"}],"wp:attachment":[{"href":"https:\/\/chessgamesemporium.com\/de\/wp-json\/wp\/v2\/media?parent=45873"}],"wp:term":[{"taxonomy":"product_brand","embeddable":true,"href":"https:\/\/chessgamesemporium.com\/de\/wp-json\/wp\/v2\/product_brand?post=45873"},{"taxonomy":"product_cat","embeddable":true,"href":"https:\/\/chessgamesemporium.com\/de\/wp-json\/wp\/v2\/product_cat?post=45873"},{"taxonomy":"product_tag","embeddable":true,"href":"https:\/\/chessgamesemporium.com\/de\/wp-json\/wp\/v2\/product_tag?post=45873"}],"curies":[{"name":"wp","href":"https:\/\/api.w.org\/{rel}","templated":true}]}}