{"id":45930,"date":"2022-10-13T10:35:20","date_gmt":"2022-10-13T10:35:20","guid":{"rendered":"https:\/\/www.ivh44.si\/Ponudbe\/chess\/?post_type=product&#038;p=45930"},"modified":"2026-05-05T13:10:52","modified_gmt":"2026-05-05T13:10:52","slug":"plastik-schachfiguren-staunton-s","status":"publish","type":"product","link":"https:\/\/chessgamesemporium.com\/de\/shop\/schachfiguren\/plastik-schachfiguren\/plastik-schachfiguren-staunton-s\/","title":{"rendered":"Schachfiguren aus Kunststoff STAUNTON SMALL"},"content":{"rendered":"<p>Basis: Filz<br \/>\nMaterial: Kunststoff<br \/>\nFarbe: Beige und Schwarz<\/p>\n<p>Abmessungen: (H\u00f6he der Figur | Durchmesser der Basis)<br \/>\nK\u00f6nig: 7,9 cm | 3,2 cm<br \/>\nDame: 7,3 cm | 3,1 cm<br \/>\nTurm: 4,6 cm | 3,0 cm<br \/>\nL\u00e4ufer: 6,2 cm | 2,8 cm<br \/>\nSpringer: 5,5 cm | 2,8 cm<br \/>\nBauer: 4,4 cm | 2,7 cm<\/p>\n<p>STAUNTON S ist ein kompaktes Schachspiel aus Kunststoff, das sich f\u00fcr Schulklubs, Anf\u00e4nger und kleinere R\u00e4ume eignet. Aufgrund seiner geringeren Gr\u00f6\u00dfe ist dieses Schachspiel ideal f\u00fcr Schultische, Reisesets und zum \u00dcben.<\/p>\n<p>Die Schachfiguren haben ein klassisches Staunton-Design mit einer Filzunterlage, die f\u00fcr ger\u00e4uschloses und stabiles Spielen sorgt. Das Set ist langlebig, erschwinglich und f\u00fcr den t\u00e4glichen Gebrauch geeignet.<\/p>\n<p>Warnung! Nicht geeignet f\u00fcr Kinder unter 3 Jahren wegen Kleinteilen! Es besteht Erstickungsgefahr.<\/p>","protected":false},"excerpt":{"rendered":"<p>Podlaga: Podlo\u017eene s filcem Material: Plastika Barva: Be\u017e in \u010drna Dimenzije: (vi\u0161ina figure | premer podlage) Kralj: 7,9 cm | 3,2 cm Dama: 7,3 cm | 3,1 cm Top: 4,6 cm | 3,0 cm Lovec: 6,2 cm | 2,8 cm Skaka\u010d: 5,5 cm | 2,8 cm Kmet: 4,4 cm | 2,7 cm STAUNTON\u202fS je kompakten [&hellip;]<\/p>","protected":false},"featured_media":48248,"comment_status":"closed","ping_status":"closed","template":"","meta":{"_seopress_robots_primary_cat":"none","_seopress_titles_title":"","_seopress_titles_desc":"Trpe\u017een in lahek \u0161ahovski set za \u0161olo, klub ali dom. Klasi\u010den Staunton dizajn omogo\u010da dobro vidljivost, stabilnost figur in prijetno igro.","_seopress_robots_index":""},"product_brand":[],"product_cat":[511,521],"product_tag":[596],"class_list":{"0":"post-45930","1":"product","2":"type-product","3":"status-publish","4":"has-post-thumbnail","6":"product_cat-sahovske-figure","7":"product_cat-plasticne-figure","8":"product_tag-80mm","10":"entry","11":"has-media","13":"first","14":"instock","15":"taxable","16":"shipping-taxable","17":"purchasable","18":"product-type-simple","19":"has-product-nav","20":"col","21":"span_1_of_4","22":"owp-content-center","23":"item-entry","24":"owp-thumbs-layout-horizontal","25":"owp-btn-normal","26":"owp-tabs-layout-section"},"wcpa_form_fields":null,"_links":{"self":[{"href":"https:\/\/chessgamesemporium.com\/de\/wp-json\/wp\/v2\/product\/45930","targetHints":{"allow":["GET"]}}],"collection":[{"href":"https:\/\/chessgamesemporium.com\/de\/wp-json\/wp\/v2\/product"}],"about":[{"href":"https:\/\/chessgamesemporium.com\/de\/wp-json\/wp\/v2\/types\/product"}],"replies":[{"embeddable":true,"href":"https:\/\/chessgamesemporium.com\/de\/wp-json\/wp\/v2\/comments?post=45930"}],"version-history":[{"count":1,"href":"https:\/\/chessgamesemporium.com\/de\/wp-json\/wp\/v2\/product\/45930\/revisions"}],"predecessor-version":[{"id":64484,"href":"https:\/\/chessgamesemporium.com\/de\/wp-json\/wp\/v2\/product\/45930\/revisions\/64484"}],"wp:featuredmedia":[{"embeddable":true,"href":"https:\/\/chessgamesemporium.com\/de\/wp-json\/wp\/v2\/media\/48248"}],"wp:attachment":[{"href":"https:\/\/chessgamesemporium.com\/de\/wp-json\/wp\/v2\/media?parent=45930"}],"wp:term":[{"taxonomy":"product_brand","embeddable":true,"href":"https:\/\/chessgamesemporium.com\/de\/wp-json\/wp\/v2\/product_brand?post=45930"},{"taxonomy":"product_cat","embeddable":true,"href":"https:\/\/chessgamesemporium.com\/de\/wp-json\/wp\/v2\/product_cat?post=45930"},{"taxonomy":"product_tag","embeddable":true,"href":"https:\/\/chessgamesemporium.com\/de\/wp-json\/wp\/v2\/product_tag?post=45930"}],"curies":[{"name":"wp","href":"https:\/\/api.w.org\/{rel}","templated":true}]}}