{"id":45973,"date":"2022-10-13T10:57:16","date_gmt":"2022-10-13T10:57:16","guid":{"rendered":"https:\/\/www.ivh44.si\/Ponudbe\/chess\/?post_type=product&#038;p=45973"},"modified":"2026-02-11T07:18:09","modified_gmt":"2026-02-11T07:18:09","slug":"plastik-schachfiguren-wikinger","status":"publish","type":"product","link":"https:\/\/chessgamesemporium.com\/de\/shop\/schachfiguren\/plastik-schachfiguren\/plastik-schachfiguren-wikinger\/","title":{"rendered":"Schachfiguren aus Kunststoff WIKINGER"},"content":{"rendered":"<p>Basis: Filz<br \/>\nMaterial: Kunststoff<br \/>\nFarbe: cremefarben und schwarz<\/p>\n<p>Abmessungen: (H\u00f6he der Figur | Durchmesser der Basis)<br \/>\nK\u00f6nig: 9,5 cm | 2,9 cm<br \/>\nDame: 8,9 cm | 2,9 cm<br \/>\nTurm: : 6,7 cm | 2,9 cm<br \/>\nL\u00e4ufer: 7,8 cm | 2,9 cm<br \/>\nSpringer: 7,5 cm | 2,9 cm<br \/>\nBauer: 5,8 cm | 2,4 cm<\/p>\n<p>Das Wikinger-Schachfiguren-Set verbindet Funktionalit\u00e4t und k\u00fcnstlerisches Design. Die Figuren sind von Motiven der nordischen Mythologie inspiriert und im Stil der Wikinger-Kultur gestaltet. Ihr einzigartiges Aussehen sorgt f\u00fcr ein spielerisches und zugleich historisch gepr\u00e4gtes Schacherlebnis.<\/p>\n<p>Empfohlen f\u00fcr:<\/p>\n<p>Fans der nordischen Geschichte und Thematik<\/p>\n<p>Sammler und Fans einzigartiger Designs<\/p>\n<p>alle, die eine Kombination aus Form und Funktion suchen<\/p>\n<p>Warnung! Nicht geeignet f\u00fcr Kinder unter 3 Jahren wegen Kleinteilen! Es besteht Erstickungsgefahr.<\/p>","protected":false},"excerpt":{"rendered":"<p>Podlaga: Podlo\u017eene s filcem Material: Plastika Barva: kremna in \u010drna Dimenzije: (vi\u0161ina figure | premer podlage) Kralj: 9,5 cm | 2,9 cm Dama: 8,9 cm | 2,9 cm Top: 6,7 cm | 2,9 cm Lovec: 7,8 cm | 2,9 cm Skaka\u010d: 7,5 cm | 2,9 cm Kmet: 5,8 cm | 2,4 cm Komplet \u0161ahovskih figur [&hellip;]<\/p>","protected":false},"featured_media":48244,"comment_status":"closed","ping_status":"closed","template":"","meta":{"_seopress_robots_primary_cat":"none","_seopress_titles_title":"","_seopress_titles_desc":"","_seopress_robots_index":""},"product_brand":[],"product_cat":[511,521],"product_tag":[595],"class_list":{"0":"post-45973","1":"product","2":"type-product","3":"status-publish","4":"has-post-thumbnail","6":"product_cat-sahovske-figure","7":"product_cat-plasticne-figure","8":"product_tag-95mm","10":"entry","11":"has-media","13":"first","14":"instock","15":"taxable","16":"shipping-taxable","17":"purchasable","18":"product-type-simple","19":"has-product-nav","20":"col","21":"span_1_of_4","22":"owp-content-center","23":"item-entry","24":"owp-thumbs-layout-horizontal","25":"owp-btn-normal","26":"owp-tabs-layout-section"},"wcpa_form_fields":null,"_links":{"self":[{"href":"https:\/\/chessgamesemporium.com\/de\/wp-json\/wp\/v2\/product\/45973","targetHints":{"allow":["GET"]}}],"collection":[{"href":"https:\/\/chessgamesemporium.com\/de\/wp-json\/wp\/v2\/product"}],"about":[{"href":"https:\/\/chessgamesemporium.com\/de\/wp-json\/wp\/v2\/types\/product"}],"replies":[{"embeddable":true,"href":"https:\/\/chessgamesemporium.com\/de\/wp-json\/wp\/v2\/comments?post=45973"}],"version-history":[{"count":0,"href":"https:\/\/chessgamesemporium.com\/de\/wp-json\/wp\/v2\/product\/45973\/revisions"}],"wp:featuredmedia":[{"embeddable":true,"href":"https:\/\/chessgamesemporium.com\/de\/wp-json\/wp\/v2\/media\/48244"}],"wp:attachment":[{"href":"https:\/\/chessgamesemporium.com\/de\/wp-json\/wp\/v2\/media?parent=45973"}],"wp:term":[{"taxonomy":"product_brand","embeddable":true,"href":"https:\/\/chessgamesemporium.com\/de\/wp-json\/wp\/v2\/product_brand?post=45973"},{"taxonomy":"product_cat","embeddable":true,"href":"https:\/\/chessgamesemporium.com\/de\/wp-json\/wp\/v2\/product_cat?post=45973"},{"taxonomy":"product_tag","embeddable":true,"href":"https:\/\/chessgamesemporium.com\/de\/wp-json\/wp\/v2\/product_tag?post=45973"}],"curies":[{"name":"wp","href":"https:\/\/api.w.org\/{rel}","templated":true}]}}