{"id":45981,"date":"2022-10-13T10:59:53","date_gmt":"2022-10-13T10:59:53","guid":{"rendered":"https:\/\/www.ivh44.si\/Ponudbe\/chess\/?post_type=product&#038;p=45981"},"modified":"2025-08-06T09:40:39","modified_gmt":"2025-08-06T09:40:39","slug":"plastik-schachfiguren-romer-cremefarben","status":"publish","type":"product","link":"https:\/\/chessgamesemporium.com\/de\/shop\/schachfiguren\/plastik-schachfiguren\/plastik-schachfiguren-romer-cremefarben\/","title":{"rendered":"Schachfiguren aus Kunststoff R\u00d6MER CREMEFARBEN"},"content":{"rendered":"<p>Basis: Filz<br \/>\nMaterial: Kunststoff<br \/>\nFarbe: cremefarben und schwarz<\/p>\n<p>Abmessungen: (H\u00f6he der Figur | Durchmesser der Basis)<br \/>\nK\u00f6nig: 9,5 cm | 3,0 cm<br \/>\nDame: 9,3 cm | 3,0 cm<br \/>\nTurm: 6,9 cm | 3,0 cm<br \/>\nL\u00e4ufer: 8,2 cm | 3,0, cm<br \/>\nSpringer: 7,5 cm | 3,0 cm<br \/>\nBauer: 6,2 cm | 2,3 cm<\/p>\n<p>Das Schachset \u201eRoman Cream\u201c enth\u00e4lt thematische Schachfiguren, die von antiken r\u00f6mischen Motiven inspiriert sind. Jede Figur ist detailreich gestaltet und vermittelt einen besonderen historischen Eindruck. Aufgrund ihres dekorativen Aussehens sind sie eine ausgezeichnete Wahl f\u00fcr alle, die ein \u00e4sthetisches Schachspiel suchen.<\/p>\n<p>Die Figuren sind zwar funktional und haben eine spielbare Gr\u00f6\u00dfe, aber ihr Hauptreiz liegt zweifellos in ihrer Optik \u2013 daher sind sie eine beliebte Wahl als Geschenk, f\u00fcr besondere Anl\u00e4sse oder als Sammlerst\u00fcck.<\/p>\n<p>Geeignet f\u00fcr:<\/p>\n<p>Fans historischer Themen,<\/p>\n<p>Geschenke und besondere Anl\u00e4sse,<\/p>\n<p>das Spielen in einer entspannten Umgebung, in der \u00c4sthetik Vorrang vor Praktikabilit\u00e4t hat.<\/p>\n<p>Warnung! Nicht geeignet f\u00fcr Kinder unter 3 Jahren wegen Kleinteilen! Es besteht Erstickungsgefahr.<\/p>","protected":false},"excerpt":{"rendered":"<p>Podlaga: Podlo\u017eene s filcem Material: Plastika Barva: kremna in \u010drna Dimenzije: (vi\u0161ina figure | premer podlage) Kralj: 9,5 cm | 3,0 cm Dama: 9,3 cm | 3,0 cm Top: 6,9 cm | 3,0 cm Lovec: 8,2 cm | 3,0, cm Skaka\u010d: 7,5 cm | 3,0 cm Kmet: 6,2 cm | 2,3 cm Komplet Roman Cream [&hellip;]<\/p>","protected":false},"featured_media":48242,"comment_status":"closed","ping_status":"closed","template":"","meta":{"_seopress_robots_primary_cat":"none","_seopress_titles_title":"","_seopress_titles_desc":"","_seopress_robots_index":""},"product_brand":[],"product_cat":[511,521],"product_tag":[595],"class_list":{"0":"post-45981","1":"product","2":"type-product","3":"status-publish","4":"has-post-thumbnail","6":"product_cat-sahovske-figure","7":"product_cat-plasticne-figure","8":"product_tag-95mm","10":"entry","11":"has-media","13":"first","14":"instock","15":"taxable","16":"shipping-taxable","17":"purchasable","18":"product-type-simple","19":"has-product-nav","20":"col","21":"span_1_of_4","22":"owp-content-center","23":"item-entry","24":"owp-thumbs-layout-horizontal","25":"owp-btn-normal","26":"owp-tabs-layout-section"},"wcpa_form_fields":null,"_links":{"self":[{"href":"https:\/\/chessgamesemporium.com\/de\/wp-json\/wp\/v2\/product\/45981","targetHints":{"allow":["GET"]}}],"collection":[{"href":"https:\/\/chessgamesemporium.com\/de\/wp-json\/wp\/v2\/product"}],"about":[{"href":"https:\/\/chessgamesemporium.com\/de\/wp-json\/wp\/v2\/types\/product"}],"replies":[{"embeddable":true,"href":"https:\/\/chessgamesemporium.com\/de\/wp-json\/wp\/v2\/comments?post=45981"}],"version-history":[{"count":0,"href":"https:\/\/chessgamesemporium.com\/de\/wp-json\/wp\/v2\/product\/45981\/revisions"}],"wp:featuredmedia":[{"embeddable":true,"href":"https:\/\/chessgamesemporium.com\/de\/wp-json\/wp\/v2\/media\/48242"}],"wp:attachment":[{"href":"https:\/\/chessgamesemporium.com\/de\/wp-json\/wp\/v2\/media?parent=45981"}],"wp:term":[{"taxonomy":"product_brand","embeddable":true,"href":"https:\/\/chessgamesemporium.com\/de\/wp-json\/wp\/v2\/product_brand?post=45981"},{"taxonomy":"product_cat","embeddable":true,"href":"https:\/\/chessgamesemporium.com\/de\/wp-json\/wp\/v2\/product_cat?post=45981"},{"taxonomy":"product_tag","embeddable":true,"href":"https:\/\/chessgamesemporium.com\/de\/wp-json\/wp\/v2\/product_tag?post=45981"}],"curies":[{"name":"wp","href":"https:\/\/api.w.org\/{rel}","templated":true}]}}