{"id":46064,"date":"2022-10-14T09:25:25","date_gmt":"2022-10-14T09:25:25","guid":{"rendered":"https:\/\/www.ivh44.si\/Ponudbe\/chess\/?post_type=product&#038;p=46064"},"modified":"2025-02-25T11:12:58","modified_gmt":"2025-02-25T11:12:58","slug":"mini-magnetische-schachspiel","status":"publish","type":"product","link":"https:\/\/chessgamesemporium.com\/de\/shop\/schachsets\/spezielle-schachspiele\/mini-magnetische-schachspiel\/","title":{"rendered":"Mini magnetische Schachspiel"},"content":{"rendered":"<p>Ein modernes Mini-Schachspiel. Dieses aus Kunststoff gefertigte und leder\u00e4hnliche Set passt in die meisten Taschen.<br \/>\nDieses magnetische Reiseschachspiel ist f\u00fcr praktisch jede Situation geeignet - im Bus, im Zug, am Lagerfeuer oder sonst wo!<br \/>\nEs ist besonders beliebt, um Schachpartien schnell zu analysieren.<br \/>\nEin Muss f\u00fcr jeden reisenden Schachbegeisterten!<\/p>\n<p>Feld: 2,0 x 2,0 cm<br \/>\nMa\u00dfe Schachspiel (geschlossen): 16,8 x 9,8 x 0,5 cm<\/p>\n<p>Nicht f\u00fcr Kinder unter 3 Jahren geeignet.<\/p>","protected":false},"excerpt":{"rendered":"<p>Moderni mini magnetni \u0161ah. Narejen je iz plastike in ima usnjen izgled. \u0160ahu lahko mirno re\u010demo tudi potovalni magnetni \u0161ah, kajti primeren je prakti\u010dno za vse situacije, lahko ga uporabljate na avtobusu, vlaku ali ob tabornem ognju. \u0160e posebej priljubljen je za hitre analize. Obvezen pripomo\u010dek vsakega \u0161ahista. Dimenzije polja: 2,0 x 2,0 cm Dimenzije [&hellip;]<\/p>","protected":false},"featured_media":46067,"comment_status":"closed","ping_status":"closed","template":"","meta":{"_seopress_robots_primary_cat":"none","_seopress_titles_title":"","_seopress_titles_desc":"","_seopress_robots_index":""},"product_brand":[],"product_cat":[537,510],"product_tag":[],"class_list":{"0":"post-46064","1":"product","2":"type-product","3":"status-publish","4":"has-post-thumbnail","6":"product_cat-posebni-sahi","7":"product_cat-sahovski-kompleti","9":"entry","10":"has-media","12":"first","13":"instock","14":"taxable","15":"shipping-taxable","16":"purchasable","17":"product-type-simple","18":"has-product-nav","19":"col","20":"span_1_of_4","21":"owp-content-center","22":"item-entry","23":"owp-thumbs-layout-horizontal","24":"owp-btn-normal","25":"owp-tabs-layout-section"},"wcpa_form_fields":null,"_links":{"self":[{"href":"https:\/\/chessgamesemporium.com\/de\/wp-json\/wp\/v2\/product\/46064","targetHints":{"allow":["GET"]}}],"collection":[{"href":"https:\/\/chessgamesemporium.com\/de\/wp-json\/wp\/v2\/product"}],"about":[{"href":"https:\/\/chessgamesemporium.com\/de\/wp-json\/wp\/v2\/types\/product"}],"replies":[{"embeddable":true,"href":"https:\/\/chessgamesemporium.com\/de\/wp-json\/wp\/v2\/comments?post=46064"}],"version-history":[{"count":0,"href":"https:\/\/chessgamesemporium.com\/de\/wp-json\/wp\/v2\/product\/46064\/revisions"}],"wp:featuredmedia":[{"embeddable":true,"href":"https:\/\/chessgamesemporium.com\/de\/wp-json\/wp\/v2\/media\/46067"}],"wp:attachment":[{"href":"https:\/\/chessgamesemporium.com\/de\/wp-json\/wp\/v2\/media?parent=46064"}],"wp:term":[{"taxonomy":"product_brand","embeddable":true,"href":"https:\/\/chessgamesemporium.com\/de\/wp-json\/wp\/v2\/product_brand?post=46064"},{"taxonomy":"product_cat","embeddable":true,"href":"https:\/\/chessgamesemporium.com\/de\/wp-json\/wp\/v2\/product_cat?post=46064"},{"taxonomy":"product_tag","embeddable":true,"href":"https:\/\/chessgamesemporium.com\/de\/wp-json\/wp\/v2\/product_tag?post=46064"}],"curies":[{"name":"wp","href":"https:\/\/api.w.org\/{rel}","templated":true}]}}