{"id":46546,"date":"2023-01-19T11:19:02","date_gmt":"2023-01-19T11:19:02","guid":{"rendered":"https:\/\/www.ivh44.si\/Ponudbe\/chess\/?post_type=product&#038;p=46546"},"modified":"2026-04-30T20:47:57","modified_gmt":"2026-04-30T20:47:57","slug":"holzschachfiguren-american-staunton","status":"publish","type":"product","link":"https:\/\/chessgamesemporium.com\/de\/shop\/schachfiguren\/holzfiguren\/holzschachfiguren-american-staunton\/","title":{"rendered":"Holzschachfiguren AMERICAN STAUNTON"},"content":{"rendered":"<div class=\"cge-desc-tabs\" data-cge-tabs=\"\">\n<div class=\"cge-desc-tab-buttons\">\n<button class=\"active\" type=\"button\" data-tab=\"opis\">Beschreibung<\/button><br \/>\n<button type=\"button\" data-tab=\"specifikacije\">Spezifikationen<\/button><br \/>\n<button type=\"button\" data-tab=\"primernost\">Geeignet f\u00fcr<\/button>\n<\/div>\n<p><!-- OPIS --><\/p>\n<div class=\"cge-desc-tab-panel active\" data-panel=\"opis\">\n<p>Wir pr\u00e4sentieren stolz unsere au\u00dfergew\u00f6hnlichen Holzschachfiguren im amerikanischen Staunton-Stil. Jedes St\u00fcck ist mit h\u00f6chster Pr\u00e4zision und Liebe zum Detail gefertigt, was sowohl Anf\u00e4nger als auch erfahrene Schachspieler begeistern wird.<\/p>\n<p>Jedes St\u00fcck wird von Hand aus hochwertigem Holz gefertigt, was Langlebigkeit und ein wundersch\u00f6nes Erscheinungsbild gew\u00e4hrleistet. Der amerikanische Staunton-Stil, gekennzeichnet durch elegante Linien und eine klassische Form, hebt die Sch\u00f6nheit des Schachspiels hervor und erm\u00f6glicht eine einfache Identifizierung jeder Figur auf dem Schachbrett.<\/p>\n<p>Holzschachfiguren im amerikanischen Staunton-Stil sind f\u00fcr optimales Spielen konzipiert und eignen sich f\u00fcr alle Spielerlevel. Jedes St\u00fcck ist f\u00fcr Stabilit\u00e4t auf dem Schachbrett gewichtet, um ein reibungsloses Bewegen und ein verbessertes Spielerlebnis zu gew\u00e4hrleisten.<\/p>\n<p>Bestellen Sie noch heute Ihr Set Holzschachfiguren im amerikanischen Staunton-Stil und erleben Sie die erstklassige Qualit\u00e4t und Eleganz, die jedes Spiel auf dem Schachbrett mit sich bringt.<\/p>\n<p>American Staunton Holzschachfiguren sind die ideale Wahl f\u00fcr alle, die hochwertige beschwerte Schachfiguren aus echtem Holz im klassischen Staunton-Design suchen. Dank ihrer Stabilit\u00e4t, pr\u00e4zisen Verarbeitung und eleganten Optik eignen sie sich f\u00fcr Zuhause, Verein, Turniere oder als Geschenk f\u00fcr Schachliebhaber.<\/p>\n<p class=\"cge-warning\">Warnung! Nicht geeignet f\u00fcr Kinder unter 3 Jahren wegen Kleinteilen! Es besteht Erstickungsgefahr.<\/p>\n<\/div>\n<p><!-- SPECIFIKACIJE --><\/p>\n<div class=\"cge-desc-tab-panel\" data-panel=\"specifikacije\">\n<div class=\"cge-spec-list\">\n<div><b>Unterseite:<\/b> Mit Filz versehen<\/div>\n<div><b>Gewichtete<\/b> Ja<\/div>\n<div><b>Material:<\/b> Palisander \/ Buchsbaum<\/div>\n<div><b>Farbe:<\/b> nat\u00fcrliche Holzfarbe und braun<\/div>\n<div><b>Gewicht<\/b> 1100 g<\/div>\n<div><b>Geeignet f\u00fcr Schachbrett:<\/b> Feldgr\u00f6\u00dfe 55 mm bis 58 mm<\/div>\n<\/div>\n<p class=\"cge-spec-heading\">Abmessungen: (H\u00f6he der Figur | Durchmesser der Basis)<\/p>\n<div class=\"cge-dimensions\">\n<div><b>K\u00f6nig<\/b> 9,8 cm | 3,6 cm<\/div>\n<div><b>Dame:<\/b> 8,2 cm | 3,6 cm<\/div>\n<div><b>Turm:<\/b> 5,9 cm | 3,3 cm<\/div>\n<div><b>L\u00e4ufer<\/b> 7,1 cm | 3,3 cm<\/div>\n<div><b>Springer:<\/b> 6,6 cm | 3,2 cm<\/div>\n<div><b>Bauer:<\/b> 5,2 cm | 2,6 cm<\/div>\n<\/div>\n<\/div>\n<p><!-- PRIMERNOST --><\/p>\n<div class=\"cge-desc-tab-panel\" data-panel=\"primernost\">\n<div class=\"cge-check-list\">\n<div>\u2713 anf\u00e4nger<\/div>\n<div>\u2713 f\u00fcr den Heimgebrauch<\/div>\n<div>\u2713 Schachvereine<\/div>\n<div>\u2713 f\u00fcr Turniere<\/div>\n<div>\u2713 Exklusives Geschenk f\u00fcr Schachspieler<\/div>\n<\/div>\n<\/div>\n<\/div>","protected":false},"excerpt":{"rendered":"<p>Opis Specifikacije Primernost Ponosno predstavljamo na\u0161e izjemne lesene \u0161ahovske figure v ameri\u0161kem slogu Staunton. Vsak ko\u0161\u010dek je izdelan z najve\u010djo natan\u010dnostjo in ljubeznijo do detajlov, ki bo navdu\u0161il tako za\u010detnike kot izku\u0161ene \u0161ahiste. Vsaka figura je ro\u010dno izdelana iz visokokakovostnega lesa, kar zagotavlja trpe\u017enost in \u010dudovit videz. Ameri\u0161ki Staunton slog, zna\u010dilen po elegantnih linijah in [&hellip;]<\/p>","protected":false},"featured_media":47693,"comment_status":"closed","ping_status":"closed","template":"","meta":{"_seopress_robots_primary_cat":"none","_seopress_titles_title":"","_seopress_titles_desc":"Lesene obte\u017eene \u0161ahovske figure iz kakovostnega lesa s klasi\u010dnim Staunton dizajnom in dodatnimi kraljicami. Stabilne in primerne za doma\u010do ali turnirsko igro.","_seopress_robots_index":""},"product_brand":[],"product_cat":[522,511],"product_tag":[595],"class_list":{"0":"post-46546","1":"product","2":"type-product","3":"status-publish","4":"has-post-thumbnail","6":"product_cat-lesene-figure","7":"product_cat-sahovske-figure","8":"product_tag-95mm","9":"wcpa_has_options","11":"entry","12":"has-media","14":"first","15":"instock","16":"taxable","17":"shipping-taxable","18":"purchasable","19":"product-type-variable","20":"has-product-nav","21":"col","22":"span_1_of_4","23":"owp-content-center","24":"item-entry","25":"owp-thumbs-layout-horizontal","26":"owp-btn-normal","27":"owp-tabs-layout-section"},"wcpa_form_fields":{"rules":{"pric_overide_base_price":false,"pric_overide_base_price_if_gt_zero":false,"pric_overide_base_price_fully":false,"pric_cal_option_once":false,"pric_use_as_fee":false,"bind_quantity":false,"quantity_bind_formula":false},"fields":[{"type":"checkbox-group","elementId":"wcpa-checkbox-group-1707738535577","label":"Dodatek","enablePrice":true,"priceOptions":"fixed_for_all","pricingType":"fixed","price":"5","name":"checkbox-group-1707738535577","other_text":"Other","cl_rule":"show","col":6,"values":[{"label":"Dodatni kraljici (bela in \u010drna)","value":"5.00 Eur","price":"","pimage":"","pimage_id":"","pthumb":""}],"relations":false,"form_id":55845,"form_rules":{"pric_cal_option_once":false,"exclude_from_discount":false,"pric_use_as_fee":false,"fee_label":"Fee","render_after_acb":false,"disp_hide_options_price":false}}]},"_links":{"self":[{"href":"https:\/\/chessgamesemporium.com\/de\/wp-json\/wp\/v2\/product\/46546","targetHints":{"allow":["GET"]}}],"collection":[{"href":"https:\/\/chessgamesemporium.com\/de\/wp-json\/wp\/v2\/product"}],"about":[{"href":"https:\/\/chessgamesemporium.com\/de\/wp-json\/wp\/v2\/types\/product"}],"replies":[{"embeddable":true,"href":"https:\/\/chessgamesemporium.com\/de\/wp-json\/wp\/v2\/comments?post=46546"}],"version-history":[{"count":0,"href":"https:\/\/chessgamesemporium.com\/de\/wp-json\/wp\/v2\/product\/46546\/revisions"}],"wp:featuredmedia":[{"embeddable":true,"href":"https:\/\/chessgamesemporium.com\/de\/wp-json\/wp\/v2\/media\/47693"}],"wp:attachment":[{"href":"https:\/\/chessgamesemporium.com\/de\/wp-json\/wp\/v2\/media?parent=46546"}],"wp:term":[{"taxonomy":"product_brand","embeddable":true,"href":"https:\/\/chessgamesemporium.com\/de\/wp-json\/wp\/v2\/product_brand?post=46546"},{"taxonomy":"product_cat","embeddable":true,"href":"https:\/\/chessgamesemporium.com\/de\/wp-json\/wp\/v2\/product_cat?post=46546"},{"taxonomy":"product_tag","embeddable":true,"href":"https:\/\/chessgamesemporium.com\/de\/wp-json\/wp\/v2\/product_tag?post=46546"}],"curies":[{"name":"wp","href":"https:\/\/api.w.org\/{rel}","templated":true}]}}