{"id":46825,"date":"2023-01-24T13:34:25","date_gmt":"2023-01-24T13:34:25","guid":{"rendered":"https:\/\/www.ivh44.si\/Ponudbe\/chess\/?post_type=product&#038;p=46825"},"modified":"2024-07-19T09:16:59","modified_gmt":"2024-07-19T09:16:59","slug":"schachfigurenbox-standart-2","status":"publish","type":"product","link":"https:\/\/chessgamesemporium.com\/de\/shop\/schachzubehor-2\/schach-schachteln-taschen\/schachfigurenbox-standart-2\/","title":{"rendered":"Schachfigurenbox STANDART"},"content":{"rendered":"<p>Die Standard-Schachbox strahlt eine gewisse Raffinesse und Eleganz aus.<br \/>\nDer gesamte Innenraum ist gefilzt, um die Figuren zu sch\u00fctzen.<br \/>\nDie Schachtel ist aus gepresstem Holz hergestellt, wobei die Au\u00dfenseite mit einer Beschichtung im Wurzelholzdesign versehen ist.<br \/>\nDie Box verf\u00fcgt \u00fcber eine herausnehmbare Trennwand, um die wei\u00dfen und schwarzen Figuren zu trennen.<\/p>\n<p>Die STANDARD-Box eignet sich f\u00fcr Schachfiguren in Standardgr\u00f6\u00dfe oder kleiner (K\u00f6nigsh\u00f6he 95 mm oder weniger). Falls Sie ein Schachset mit zus\u00e4tzlichen Damen kaufen, empfehlen wir den Kauf der STANDARD LARGE Box, damit alle Figuren hineinpassen.<br \/>\nDie STANDARD LARGE Box ist f\u00fcr jedes Schachfiguren-Set aus unserem Sortiment geeignet.<\/p>\n<p>Schachfiguren nicht enthalten.<\/p>","protected":false},"excerpt":{"rendered":"<p>\u0160katla za figure Standard ustvarja vtis elegance in prefinjenosti. Celotna notranjost je prekrita s filcem, kateri \u0161\u010diti na\u0161e figure. \u0160katla je narejena iz pre\u0161anega lesa, zunanjost je prelepljena s tapeto (videz lesa iz korenine). V \u0161katli je pregrada, ki lo\u010duje prostor za shranjevanje belih in \u010drnih figur. \u0160katla STANDARD je primerna za \u0161ahovske figure standardnih [&hellip;]<\/p>","protected":false},"featured_media":47155,"comment_status":"closed","ping_status":"closed","template":"","meta":{"_seopress_robots_primary_cat":"none","_seopress_titles_title":"","_seopress_titles_desc":"","_seopress_robots_index":""},"product_brand":[],"product_cat":[547,578],"product_tag":[],"class_list":{"0":"post-46825","1":"product","2":"type-product","3":"status-publish","4":"has-post-thumbnail","6":"product_cat-razno-za-sah","7":"product_cat-sahovske-skatle-torbe","8":"wcpa_has_options","10":"entry","11":"has-media","13":"first","14":"instock","15":"taxable","16":"shipping-taxable","17":"purchasable","18":"product-type-variable","19":"has-product-nav","20":"col","21":"span_1_of_4","22":"owp-content-center","23":"item-entry","24":"owp-thumbs-layout-horizontal","25":"owp-btn-normal","26":"owp-tabs-layout-section"},"wcpa_form_fields":{"rules":{"pric_overide_base_price":false,"pric_overide_base_price_if_gt_zero":false,"pric_overide_base_price_fully":false,"pric_cal_option_once":false,"pric_use_as_fee":false,"bind_quantity":false,"quantity_bind_formula":false},"fields":[{"type":"text","elementId":"wcpa-text-1666713333654","label":"Gravura ( opcijsko )","description":"Vpi\u0161ite \u017eeljeni tekst za graviranje (npr. Vse najbolj\u0161e, IME, datum ipd.)","desc_type":true,"enablePrice":true,"pricingType":"fixed","price":"7","name":"text-1666713333654","fee_label":"Za naro\u010dnike izven eu, bo davek od\u0161tet na blagajni.","subtype":"text","maxlength":"16","cl_rule":"show","col":6,"relations":false,"form_id":46231,"form_rules":{"pric_cal_option_once":false,"exclude_from_discount":false,"pric_use_as_fee":false,"fee_label":"Fee","render_after_acb":false,"disp_hide_options_price":false}}]},"_links":{"self":[{"href":"https:\/\/chessgamesemporium.com\/de\/wp-json\/wp\/v2\/product\/46825","targetHints":{"allow":["GET"]}}],"collection":[{"href":"https:\/\/chessgamesemporium.com\/de\/wp-json\/wp\/v2\/product"}],"about":[{"href":"https:\/\/chessgamesemporium.com\/de\/wp-json\/wp\/v2\/types\/product"}],"replies":[{"embeddable":true,"href":"https:\/\/chessgamesemporium.com\/de\/wp-json\/wp\/v2\/comments?post=46825"}],"version-history":[{"count":0,"href":"https:\/\/chessgamesemporium.com\/de\/wp-json\/wp\/v2\/product\/46825\/revisions"}],"wp:featuredmedia":[{"embeddable":true,"href":"https:\/\/chessgamesemporium.com\/de\/wp-json\/wp\/v2\/media\/47155"}],"wp:attachment":[{"href":"https:\/\/chessgamesemporium.com\/de\/wp-json\/wp\/v2\/media?parent=46825"}],"wp:term":[{"taxonomy":"product_brand","embeddable":true,"href":"https:\/\/chessgamesemporium.com\/de\/wp-json\/wp\/v2\/product_brand?post=46825"},{"taxonomy":"product_cat","embeddable":true,"href":"https:\/\/chessgamesemporium.com\/de\/wp-json\/wp\/v2\/product_cat?post=46825"},{"taxonomy":"product_tag","embeddable":true,"href":"https:\/\/chessgamesemporium.com\/de\/wp-json\/wp\/v2\/product_tag?post=46825"}],"curies":[{"name":"wp","href":"https:\/\/api.w.org\/{rel}","templated":true}]}}