{"id":47210,"date":"2023-01-27T11:48:25","date_gmt":"2023-01-27T11:48:25","guid":{"rendered":"https:\/\/www.ivh44.si\/Ponudbe\/chess\/?post_type=product&#038;p=47210"},"modified":"2026-04-23T07:25:14","modified_gmt":"2026-04-23T07:25:14","slug":"schachspiel-staunton-standart","status":"publish","type":"product","link":"https:\/\/chessgamesemporium.com\/de\/shop\/schachsets\/klappbare-schachspiele\/schachspiel-staunton-standart\/","title":{"rendered":"Schachspiel STAUNTON STANDART"},"content":{"rendered":"<p>Schachfiguren:<br \/>\nDie Staunton Standard-Schachfiguren sind zus\u00e4tzlich gewichtet, lackiert und aus edlem indischem Holz (Palisander | Buchsbaum) gefertigt. Die Figuren sind mit Stoff ausgelegt und haben turniergerechte Gr\u00f6\u00dfe.<\/p>\n<p>Abmessungen: (H\u00f6he der Figur | Durchmesser der Basis)<br \/>\nK\u00f6nig: 9,6 cm | 3,5 cm<br \/>\nDame: 8,2 cm | 3,5 cm<br \/>\nTurm: 5,6 cm | 3,2 cm<br \/>\nL\u00e4ufer: 6,9 cm | 3,2 cm<br \/>\nSpringer: 6,7 cm | 3,2 cm<br \/>\nBauer: 4,5 cm | 2,6 cm<\/p>\n<p>Schachkasette aus Holz:<br \/>\nFeld: 5,8 x 5,8 cm<br \/>\nMa\u00dfe Schachspiel (geschlossen): 52,5 x 25,5 x 6 cm<\/p>\n<p>Das klappbare Holzschachset Staunton Standard ist die perfekte Wahl f\u00fcr alle, die ein hochwertiges, praktisches und optisch ansprechendes Schachset suchen. Das klassische Staunton-Design sorgt f\u00fcr hervorragende \u00dcbersicht, w\u00e4hrend die gewichteten und filzunterlegten Figuren ein stabiles und angenehmes Spiel erm\u00f6glichen. Die Kombination aus Palisander und Buchsbaum bietet ein edles Erscheinungsbild und lange Haltbarkeit.<\/p>\n<p>Das klappbare Schachbrett mit integriertem Stauraum erm\u00f6glicht eine sichere Aufbewahrung und einfachen Transport. Es ist ideal f\u00fcr Zuhause, Vereine oder Reisen. Die Turniergr\u00f6\u00dfe sorgt f\u00fcr komfortables Spielen und entspricht den g\u00e4ngigen Standards.<\/p>\n<h3>\u2714 Warum dieses Schachset w\u00e4hlen<\/h3>\n<p>\u2714 klappbares Holzschach mit Stauraum<br \/>\n\u2714 gewichtete und filzunterlegte Figuren f\u00fcr stabiles Spiel<br \/>\n\u2714 aus hochwertigem Holz gefertigt<br \/>\n\u2714 ideal als Geschenk, f\u00fcr Zuhause oder Vereine<br \/>\n\u2714 klassisches Design und langlebig<\/p>\n<p>Dieses Holzschachset ist eine ausgezeichnete Wahl f\u00fcr Anf\u00e4nger, Fortgeschrittene und alle Schachliebhaber.<\/p>\n<p>Warnung! Nicht geeignet f\u00fcr Kinder unter 3 Jahren wegen Kleinteilen! Es besteht Erstickungsgefahr.<\/p>","protected":false},"excerpt":{"rendered":"<p>\u0160ahovske figure: \u0160ahovske figure Staunton standard so dodatno obte\u017eene, lakirane in narejene iz plemenitega indijskega lesa ( palisander | zelenika ). Figure so podlo\u017eene z blagom. Dimenzije: (vi\u0161ina figure| premer podlage) Kralj: 9,6 cm | 3,5 cm Dama: 8,2 cm | 3,5 cm Top: 5,6 cm | 3,2 cm Lovec: 6,9 cm | 3,2 cm [&hellip;]<\/p>","protected":false},"featured_media":48304,"comment_status":"closed","ping_status":"closed","template":"","meta":{"_seopress_robots_primary_cat":"none","_seopress_titles_title":"Zlo\u017eljiv \u0161ah Staunton Standard \u2013 lesen komplet | ChessGamesEmporium","_seopress_titles_desc":"Zlo\u017eljiv lesen \u0161ahovski komplet Staunton Standard z obte\u017eenimi figurami. Klasi\u010den dizajn, shranjevanje v \u0161ahovnici, idealno za darilo ali igro doma.","_seopress_robots_index":""},"product_brand":[],"product_cat":[510,518],"product_tag":[],"class_list":{"0":"post-47210","1":"product","2":"type-product","3":"status-publish","4":"has-post-thumbnail","6":"product_cat-sahovski-kompleti","7":"product_cat-zlozljive-garniture","8":"wcpa_has_options","10":"entry","11":"has-media","13":"first","14":"instock","15":"taxable","16":"shipping-taxable","17":"purchasable","18":"product-type-variable","19":"has-product-nav","20":"col","21":"span_1_of_4","22":"owp-content-center","23":"item-entry","24":"owp-thumbs-layout-horizontal","25":"owp-btn-normal","26":"owp-tabs-layout-section"},"wcpa_form_fields":{"rules":{"pric_overide_base_price":false,"pric_overide_base_price_if_gt_zero":false,"pric_overide_base_price_fully":false,"pric_cal_option_once":false,"pric_use_as_fee":false,"bind_quantity":false,"quantity_bind_formula":false},"fields":[{"type":"text","elementId":"wcpa-text-1666713333654","label":"Gravura ( opcijsko )","description":"Vpi\u0161ite \u017eeljeni tekst za graviranje (npr. Vse najbolj\u0161e, IME, datum ipd.)","desc_type":true,"enablePrice":true,"pricingType":"fixed","price":"7","name":"text-1666713333654","fee_label":"Za naro\u010dnike izven eu, bo davek od\u0161tet na blagajni.","subtype":"text","maxlength":"16","cl_rule":"show","col":6,"relations":false,"form_id":46231,"form_rules":{"pric_cal_option_once":false,"exclude_from_discount":false,"pric_use_as_fee":false,"fee_label":"Fee","render_after_acb":false,"disp_hide_options_price":false}}]},"_links":{"self":[{"href":"https:\/\/chessgamesemporium.com\/de\/wp-json\/wp\/v2\/product\/47210","targetHints":{"allow":["GET"]}}],"collection":[{"href":"https:\/\/chessgamesemporium.com\/de\/wp-json\/wp\/v2\/product"}],"about":[{"href":"https:\/\/chessgamesemporium.com\/de\/wp-json\/wp\/v2\/types\/product"}],"replies":[{"embeddable":true,"href":"https:\/\/chessgamesemporium.com\/de\/wp-json\/wp\/v2\/comments?post=47210"}],"version-history":[{"count":0,"href":"https:\/\/chessgamesemporium.com\/de\/wp-json\/wp\/v2\/product\/47210\/revisions"}],"wp:featuredmedia":[{"embeddable":true,"href":"https:\/\/chessgamesemporium.com\/de\/wp-json\/wp\/v2\/media\/48304"}],"wp:attachment":[{"href":"https:\/\/chessgamesemporium.com\/de\/wp-json\/wp\/v2\/media?parent=47210"}],"wp:term":[{"taxonomy":"product_brand","embeddable":true,"href":"https:\/\/chessgamesemporium.com\/de\/wp-json\/wp\/v2\/product_brand?post=47210"},{"taxonomy":"product_cat","embeddable":true,"href":"https:\/\/chessgamesemporium.com\/de\/wp-json\/wp\/v2\/product_cat?post=47210"},{"taxonomy":"product_tag","embeddable":true,"href":"https:\/\/chessgamesemporium.com\/de\/wp-json\/wp\/v2\/product_tag?post=47210"}],"curies":[{"name":"wp","href":"https:\/\/api.w.org\/{rel}","templated":true}]}}