{"id":47220,"date":"2023-01-27T12:04:16","date_gmt":"2023-01-27T12:04:16","guid":{"rendered":"https:\/\/www.ivh44.si\/Ponudbe\/chess\/?post_type=product&#038;p=47220"},"modified":"2026-01-23T11:55:37","modified_gmt":"2026-01-23T11:55:37","slug":"schachspiel-new-york","status":"publish","type":"product","link":"https:\/\/chessgamesemporium.com\/de\/shop\/schachsets\/klappbare-schachspiele\/schachspiel-new-york\/","title":{"rendered":"Schachspiel NEW YORK"},"content":{"rendered":"<p>Wir stellen Ihnen unser FALTBARES SCHACHSET NEW YORK aus Holz vor, das aus erstklassigem Holz gefertigt ist, um ein erstklassiges Schachspielerlebnis zu gew\u00e4hrleisten. Dieses Schachspiel ist f\u00fcr alle Schachliebhaber gedacht, die Eleganz, Qualit\u00e4t und zeitlosen Stil sch\u00e4tzen.<\/p>\n<p>Das faltbare Design erm\u00f6glicht eine einfache Aufbewahrung und Portabilit\u00e4t und ist damit ideal f\u00fcr Schachspieler, die gerne an verschiedenen Orten spielen.<\/p>\n<p>Dieses Set zeichnet sich durch ein zeitloses, handgefertigtes Design der Schachfiguren aus, das das h\u00f6lzerne Schachbrett in jedem Raum perfekt erg\u00e4nzt. Seine Raffinesse und \u00c4sthetik werden sicher Ihre Aufmerksamkeit erregen.<\/p>\n<p>FOLDING WOODEN CHESS SET NEW YORK ist die perfekte Wahl f\u00fcr diejenigen, die Schach mit Stil und Eleganz genie\u00dfen wollen. Unabh\u00e4ngig von Ihrer Spielst\u00e4rke wird dieses Holzschach-Set Freude und Charme in Ihre Schachpartien bringen.<\/p>\n<p>Schachfiguren:<br \/>\nQualit\u00e4tsschachfiguren aus Holz. Gefilzt, doppel gewichtet, lackiert! Tournament Gr\u00f6\u00dfe.<br \/>\nMaterial: Palisander<\/p>\n<p>Abmessungen: (H\u00f6he der Figur | Durchmesser der Basis)<br \/>\nK\u00f6nig: 8,2 cm | 3,4 cm<br \/>\nDame: 6,7 cm | 3,2 cm<br \/>\nTurm: 4,6 cm | 3,0 cm<br \/>\nL\u00e4ufer: 6,2 cm | 3,0 cm<br \/>\nSpringer: 6,0 cm | 3,0 cm<br \/>\nBauer: 4,7 cm | 2,8 cm<\/p>\n<p>Schachkasette aus Holz:<br \/>\nDas faltbare Holzschachbrett enth\u00e4lt ein Einsatzfach zur Aufbewahrung der Schachfiguren.<br>\nFeld: 5,0 \u00d7 5,0 cm<br \/>\nMa\u00dfe Schachspiel (geschlossen): 48 x 24 x 5 cm<\/p>\n<p>Warnung! Nicht geeignet f\u00fcr Kinder unter 3 Jahren wegen Kleinteilen! Es besteht Erstickungsgefahr.<\/p>","protected":false},"excerpt":{"rendered":"<p>Predstavljamo na\u0161o leseno PREKLOPNO GARNITURO NEW YORK, izdelano iz prvovrstnega lesa, ki zagotavlja vrhunsko izku\u0161njo igranja \u0161aha. Ta \u0161ahovski komplet je ustvarjen za vse ljubitelje \u0161aha, ki cenijo eleganco, kakovost in brez\u010dasen slog. Zlo\u017eljiva zasnova omogo\u010da enostavno shranjevanje in prena\u0161anje, kar je idealno za \u0161ahiste, ki radi igrajo na razli\u010dnih mestih. PREKLOPNA GARNITURA NEW YORK [&hellip;]<\/p>","protected":false},"featured_media":48302,"comment_status":"closed","ping_status":"closed","template":"","meta":{"_seopress_robots_primary_cat":"none","_seopress_titles_title":"","_seopress_titles_desc":"","_seopress_robots_index":""},"product_brand":[],"product_cat":[510,518],"product_tag":[],"class_list":{"0":"post-47220","1":"product","2":"type-product","3":"status-publish","4":"has-post-thumbnail","6":"product_cat-sahovski-kompleti","7":"product_cat-zlozljive-garniture","8":"wcpa_has_options","10":"entry","11":"has-media","13":"first","14":"instock","15":"taxable","16":"shipping-taxable","17":"purchasable","18":"product-type-variable","19":"has-product-nav","20":"col","21":"span_1_of_4","22":"owp-content-center","23":"item-entry","24":"owp-thumbs-layout-horizontal","25":"owp-btn-normal","26":"owp-tabs-layout-section"},"wcpa_form_fields":{"rules":{"pric_overide_base_price":false,"pric_overide_base_price_if_gt_zero":false,"pric_overide_base_price_fully":false,"pric_cal_option_once":false,"pric_use_as_fee":false,"bind_quantity":false,"quantity_bind_formula":false},"fields":[{"type":"text","elementId":"wcpa-text-1666713333654","label":"Gravura ( opcijsko )","description":"Vpi\u0161ite \u017eeljeni tekst za graviranje (npr. Vse najbolj\u0161e, IME, datum ipd.)","desc_type":true,"enablePrice":true,"pricingType":"fixed","price":"7","name":"text-1666713333654","fee_label":"Za naro\u010dnike izven eu, bo davek od\u0161tet na blagajni.","subtype":"text","maxlength":"16","cl_rule":"show","col":6,"relations":false,"form_id":46231,"form_rules":{"pric_cal_option_once":false,"exclude_from_discount":false,"pric_use_as_fee":false,"fee_label":"Fee","render_after_acb":false,"disp_hide_options_price":false}}]},"_links":{"self":[{"href":"https:\/\/chessgamesemporium.com\/de\/wp-json\/wp\/v2\/product\/47220","targetHints":{"allow":["GET"]}}],"collection":[{"href":"https:\/\/chessgamesemporium.com\/de\/wp-json\/wp\/v2\/product"}],"about":[{"href":"https:\/\/chessgamesemporium.com\/de\/wp-json\/wp\/v2\/types\/product"}],"replies":[{"embeddable":true,"href":"https:\/\/chessgamesemporium.com\/de\/wp-json\/wp\/v2\/comments?post=47220"}],"version-history":[{"count":0,"href":"https:\/\/chessgamesemporium.com\/de\/wp-json\/wp\/v2\/product\/47220\/revisions"}],"wp:featuredmedia":[{"embeddable":true,"href":"https:\/\/chessgamesemporium.com\/de\/wp-json\/wp\/v2\/media\/48302"}],"wp:attachment":[{"href":"https:\/\/chessgamesemporium.com\/de\/wp-json\/wp\/v2\/media?parent=47220"}],"wp:term":[{"taxonomy":"product_brand","embeddable":true,"href":"https:\/\/chessgamesemporium.com\/de\/wp-json\/wp\/v2\/product_brand?post=47220"},{"taxonomy":"product_cat","embeddable":true,"href":"https:\/\/chessgamesemporium.com\/de\/wp-json\/wp\/v2\/product_cat?post=47220"},{"taxonomy":"product_tag","embeddable":true,"href":"https:\/\/chessgamesemporium.com\/de\/wp-json\/wp\/v2\/product_tag?post=47220"}],"curies":[{"name":"wp","href":"https:\/\/api.w.org\/{rel}","templated":true}]}}