{"id":47251,"date":"2023-02-01T12:41:43","date_gmt":"2023-02-01T12:41:43","guid":{"rendered":"https:\/\/www.ivh44.si\/Ponudbe\/chess\/?post_type=product&#038;p=47251"},"modified":"2025-09-03T11:42:01","modified_gmt":"2025-09-03T11:42:01","slug":"holz-schachfiguren-staunton-classic-s","status":"publish","type":"product","link":"https:\/\/chessgamesemporium.com\/de\/shop\/schachfiguren\/holzfiguren\/holz-schachfiguren-staunton-classic-s\/","title":{"rendered":"Holzschachfiguren STAUNTON CLASSIC S"},"content":{"rendered":"<p>Sockel: Kunstleder<br \/>\nMaterial: Akazie, Buche<br \/>\nFarbe: Naturholz, braun<\/p>\n<p>Abmessungen: (H\u00f6he der Figur | Durchmesser der Basis)<br \/>\nK\u00f6nig: 8,7 cm | 3,1 cm<br \/>\nDame: 7,3 cm | 3,1 cm<br \/>\nTurm: 4,8 cm | 2,8 cm<br \/>\nL\u00e4ufer: 6,6 cm | 2,8 cm<br \/>\nSpringer: 5,9 cm | 2,8 cm<br \/>\nBauer: 4,5 cm | 2,4 cm<\/p>\n<p>Die Schachfiguren Staunton Classic S aus hochwertigem Akazienholz sind sorgf\u00e4ltig gefertigt und daher langlebig und \u00e4sthetisch ansprechend. Mit einer K\u00f6nigsh\u00f6he von 87 mm und einem Basisdurchmesser von 31 mm eignen sie sich f\u00fcr Schachbretter mit 50-mm-Feldern und somit f\u00fcr Standardtische.<\/p>\n<p>Die Unterseite aus Kunstleder sorgt f\u00fcr ein sanftes und ger\u00e4uschloses Bewegen der Figuren und sch\u00fctzt gleichzeitig das Schachbrett vor Besch\u00e4digungen. Diese Figuren sind die ideale Wahl f\u00fcr Schulen, Schachvereine oder f\u00fcr den privaten Gebrauch, wo Qualit\u00e4t und Optik eine wichtige Rolle spielen.<\/p>\n<p>Warnung! Nicht geeignet f\u00fcr Kinder unter 3 Jahren wegen Kleinteilen! Es besteht Erstickungsgefahr.<\/p>","protected":false},"excerpt":{"rendered":"<p>Podlaga: Podlo\u017eene z umetnim usnjem Material: akacija, bukev Barva: naravna barva lesa in rjava Dimenzije: (vi\u0161ina figure | premer podlage): Kralj: 8,7 cm | 3,1 cm Dama: 7,3 cm | 3,1 cm Top: 4,8 cm | 2,8 cm Lovec: 6,6 cm | 2,8 cm Skaka\u010d: 5,9 cm | 2,8 cm Kmet: 4,5 cm | 2,4 [&hellip;]<\/p>","protected":false},"featured_media":48255,"comment_status":"closed","ping_status":"closed","template":"","meta":{"_seopress_robots_primary_cat":"none","_seopress_titles_title":"","_seopress_titles_desc":"","_seopress_robots_index":""},"product_brand":[],"product_cat":[511,522],"product_tag":[596],"class_list":{"0":"post-47251","1":"product","2":"type-product","3":"status-publish","4":"has-post-thumbnail","6":"product_cat-sahovske-figure","7":"product_cat-lesene-figure","8":"product_tag-80mm","10":"entry","11":"has-media","13":"first","14":"instock","15":"taxable","16":"shipping-taxable","17":"purchasable","18":"product-type-simple","19":"has-product-nav","20":"col","21":"span_1_of_4","22":"owp-content-center","23":"item-entry","24":"owp-thumbs-layout-horizontal","25":"owp-btn-normal","26":"owp-tabs-layout-section"},"wcpa_form_fields":null,"_links":{"self":[{"href":"https:\/\/chessgamesemporium.com\/de\/wp-json\/wp\/v2\/product\/47251","targetHints":{"allow":["GET"]}}],"collection":[{"href":"https:\/\/chessgamesemporium.com\/de\/wp-json\/wp\/v2\/product"}],"about":[{"href":"https:\/\/chessgamesemporium.com\/de\/wp-json\/wp\/v2\/types\/product"}],"replies":[{"embeddable":true,"href":"https:\/\/chessgamesemporium.com\/de\/wp-json\/wp\/v2\/comments?post=47251"}],"version-history":[{"count":0,"href":"https:\/\/chessgamesemporium.com\/de\/wp-json\/wp\/v2\/product\/47251\/revisions"}],"wp:featuredmedia":[{"embeddable":true,"href":"https:\/\/chessgamesemporium.com\/de\/wp-json\/wp\/v2\/media\/48255"}],"wp:attachment":[{"href":"https:\/\/chessgamesemporium.com\/de\/wp-json\/wp\/v2\/media?parent=47251"}],"wp:term":[{"taxonomy":"product_brand","embeddable":true,"href":"https:\/\/chessgamesemporium.com\/de\/wp-json\/wp\/v2\/product_brand?post=47251"},{"taxonomy":"product_cat","embeddable":true,"href":"https:\/\/chessgamesemporium.com\/de\/wp-json\/wp\/v2\/product_cat?post=47251"},{"taxonomy":"product_tag","embeddable":true,"href":"https:\/\/chessgamesemporium.com\/de\/wp-json\/wp\/v2\/product_tag?post=47251"}],"curies":[{"name":"wp","href":"https:\/\/api.w.org\/{rel}","templated":true}]}}