{"id":47375,"date":"2023-02-15T13:45:18","date_gmt":"2023-02-15T13:45:18","guid":{"rendered":"https:\/\/www.ivh44.si\/Ponudbe\/chess\/?post_type=product&#038;p=47375"},"modified":"2023-11-20T12:27:26","modified_gmt":"2023-11-20T12:27:26","slug":"holzschachbrett-bonn-50-mm","status":"publish","type":"product","link":"https:\/\/chessgamesemporium.com\/de\/shop\/schachbretter\/holz-schachbretter\/holzschachbrett-bonn-50-mm\/","title":{"rendered":"Schachbrett BONN 50 mm"},"content":{"rendered":"<p>Schachbrett BONN 50<br \/>\nEingelegt, mit Notation, gefilzte Basis<\/p>\n<p>Feld: 50 x 50 mm<br \/>\nMa\u00dfe Schachbrett: 48 \u00d7 48 cm<br \/>\nBrettdicke: 1,3 cm<\/p>\n<p>Dieses 48 x 48 cm gro\u00dfe Furnier-Schachbrett wurde aus Ahorn und Palisander-Optik gefertigt.  Dieses feine Schachbrett hat eine quadratische Gr\u00f6\u00dfe von 50 x 50 mm und es ist ideal f\u00fcr Schachfiguren mit einer K\u00f6nigsh\u00f6he von 90-95 mm.<\/p>","protected":false},"excerpt":{"rendered":"<p>Lesena \u0161ahovnica BONN 50 Intarzija, z notacijo, podlo\u017eena Dimenzije polja: 50 mm Dimenzije \u0161ahovnice: 48 cm Debelina \u0161ahovnice: 1,3 cm Ta 48 x 48 cm furnirana \u0161ahovnica je narejena iz javorja in sapelija. Polje meri 50 x 50 mm in je kot nala\u0161\u010d za figure s kraljem vi\u0161ine 90-95 mm.<\/p>","protected":false},"featured_media":47348,"comment_status":"closed","ping_status":"closed","template":"","meta":{"_seopress_robots_primary_cat":"none","_seopress_titles_title":"","_seopress_titles_desc":"","_seopress_robots_index":""},"product_brand":[],"product_cat":[514,524],"product_tag":[589],"class_list":{"0":"post-47375","1":"product","2":"type-product","3":"status-publish","4":"has-post-thumbnail","6":"product_cat-sahovnice","7":"product_cat-lesene-sahovnice","8":"product_tag-50mm","9":"wcpa_has_options","11":"entry","12":"has-media","14":"first","15":"instock","16":"taxable","17":"shipping-taxable","18":"purchasable","19":"product-type-simple","20":"has-product-nav","21":"col","22":"span_1_of_4","23":"owp-content-center","24":"item-entry","25":"owp-thumbs-layout-horizontal","26":"owp-btn-normal","27":"owp-tabs-layout-section","28":"has-no-thumbnails"},"wcpa_form_fields":{"rules":{"pric_overide_base_price":false,"pric_overide_base_price_if_gt_zero":false,"pric_overide_base_price_fully":false,"pric_cal_option_once":false,"pric_use_as_fee":false,"bind_quantity":false,"quantity_bind_formula":false},"fields":[{"type":"text","elementId":"wcpa-text-1666713333654","label":"Gravura ( opcijsko )","description":"Vpi\u0161ite \u017eeljeni tekst za graviranje (npr. Vse najbolj\u0161e, IME, datum ipd.)","desc_type":true,"enablePrice":true,"pricingType":"fixed","price":"7","name":"text-1666713333654","fee_label":"Za naro\u010dnike izven eu, bo davek od\u0161tet na blagajni.","subtype":"text","maxlength":"16","cl_rule":"show","col":6,"relations":false,"form_id":46231,"form_rules":{"pric_cal_option_once":false,"exclude_from_discount":false,"pric_use_as_fee":false,"fee_label":"Fee","render_after_acb":false,"disp_hide_options_price":false}}]},"_links":{"self":[{"href":"https:\/\/chessgamesemporium.com\/de\/wp-json\/wp\/v2\/product\/47375","targetHints":{"allow":["GET"]}}],"collection":[{"href":"https:\/\/chessgamesemporium.com\/de\/wp-json\/wp\/v2\/product"}],"about":[{"href":"https:\/\/chessgamesemporium.com\/de\/wp-json\/wp\/v2\/types\/product"}],"replies":[{"embeddable":true,"href":"https:\/\/chessgamesemporium.com\/de\/wp-json\/wp\/v2\/comments?post=47375"}],"version-history":[{"count":0,"href":"https:\/\/chessgamesemporium.com\/de\/wp-json\/wp\/v2\/product\/47375\/revisions"}],"wp:featuredmedia":[{"embeddable":true,"href":"https:\/\/chessgamesemporium.com\/de\/wp-json\/wp\/v2\/media\/47348"}],"wp:attachment":[{"href":"https:\/\/chessgamesemporium.com\/de\/wp-json\/wp\/v2\/media?parent=47375"}],"wp:term":[{"taxonomy":"product_brand","embeddable":true,"href":"https:\/\/chessgamesemporium.com\/de\/wp-json\/wp\/v2\/product_brand?post=47375"},{"taxonomy":"product_cat","embeddable":true,"href":"https:\/\/chessgamesemporium.com\/de\/wp-json\/wp\/v2\/product_cat?post=47375"},{"taxonomy":"product_tag","embeddable":true,"href":"https:\/\/chessgamesemporium.com\/de\/wp-json\/wp\/v2\/product_tag?post=47375"}],"curies":[{"name":"wp","href":"https:\/\/api.w.org\/{rel}","templated":true}]}}