{"id":47880,"date":"2023-03-08T11:16:31","date_gmt":"2023-03-08T11:16:31","guid":{"rendered":"https:\/\/www.ivh44.si\/Ponudbe\/chess\/?post_type=product&#038;p=47880"},"modified":"2026-01-07T08:47:44","modified_gmt":"2026-01-07T08:47:44","slug":"schachspiel-staunton-6ef","status":"publish","type":"product","link":"https:\/\/chessgamesemporium.com\/de\/shop\/schachsets\/klappbare-schachspiele\/schachspiel-staunton-6ef\/","title":{"rendered":"Schachspiel STAUNTON 6EF"},"content":{"rendered":"<p>Holzschachfiguren STAUNTON STANDARD<\/p>\n<p>Die Staunton Standard-Schachfiguren sind zus\u00e4tzlich gewichtet, lackiert und aus edlem indischem Holz (Palisander | Buchsbaum) gefertigt. Die Figuren sind mit Stoff ausgelegt und haben turniergerechte Gr\u00f6\u00dfe.<\/p>\n<p>Abmessungen: (H\u00f6he der Figur | Durchmesser der Basis)<br \/>\nK\u00f6nig: 9,6 cm | 3,5 cm<br \/>\nDame: 8,2 cm | 3,5 cm<br \/>\nTurm: 5,6 cm | 3,2 cm<br \/>\nL\u00e4ufer: 6,9 cm | 3,2 cm<br \/>\nSpringer: 6,7 cm | 3,2 cm<br \/>\nBauer: 4,5 cm | 2,6 cm<\/p>\n<p>Schachkasette aus Holz:<br \/>\nGebranntes Design, mit Ablagefach<\/p>\n<p>Feld: 5,3 x 5,3 cm<br \/>\nMa\u00dfe Schachspiel (geschlossen): 55 x 27,5 x 6 cm<\/p>\n<p>Warnung! Nicht geeignet f\u00fcr Kinder unter 3 Jahren wegen Kleinteilen! Es besteht Erstickungsgefahr.<\/p>","protected":false},"excerpt":{"rendered":"<p>\u0160ahovske figure STAUNTON STANDARD \u0160ahovske figure Staunton standard so dodatno obte\u017eene, lakirane in narejene iz plemenitega indijskega lesa ( palisander | zelenika ). Figure so podlo\u017eene z blagom in so turnirske velikosti. Dimenzije: (vi\u0161ina figure | premer podlage) Kralj: 9,6 cm | 3,5 cm Dama: 8,2 cm | 3,5 cm Top: 5,6 cm | 3,2 [&hellip;]<\/p>","protected":false},"featured_media":50993,"comment_status":"closed","ping_status":"closed","template":"","meta":{"_seopress_robots_primary_cat":"none","_seopress_titles_title":"","_seopress_titles_desc":"","_seopress_robots_index":""},"product_brand":[],"product_cat":[510,518],"product_tag":[],"class_list":{"0":"post-47880","1":"product","2":"type-product","3":"status-publish","4":"has-post-thumbnail","6":"product_cat-sahovski-kompleti","7":"product_cat-zlozljive-garniture","8":"wcpa_has_options","10":"entry","11":"has-media","13":"first","14":"instock","15":"taxable","16":"shipping-taxable","17":"purchasable","18":"product-type-variable","19":"has-product-nav","20":"col","21":"span_1_of_4","22":"owp-content-center","23":"item-entry","24":"owp-thumbs-layout-horizontal","25":"owp-btn-normal","26":"owp-tabs-layout-section"},"wcpa_form_fields":{"rules":{"pric_overide_base_price":false,"pric_overide_base_price_if_gt_zero":false,"pric_overide_base_price_fully":false,"pric_cal_option_once":false,"pric_use_as_fee":false,"bind_quantity":false,"quantity_bind_formula":false},"fields":[{"type":"text","elementId":"wcpa-text-1666713333654","label":"Gravura ( opcijsko )","description":"Vpi\u0161ite \u017eeljeni tekst za graviranje (npr. Vse najbolj\u0161e, IME, datum ipd.)","desc_type":true,"enablePrice":true,"pricingType":"fixed","price":"7","name":"text-1666713333654","fee_label":"Za naro\u010dnike izven eu, bo davek od\u0161tet na blagajni.","subtype":"text","maxlength":"16","cl_rule":"show","col":6,"relations":false,"form_id":46231,"form_rules":{"pric_cal_option_once":false,"exclude_from_discount":false,"pric_use_as_fee":false,"fee_label":"Fee","render_after_acb":false,"disp_hide_options_price":false}}]},"_links":{"self":[{"href":"https:\/\/chessgamesemporium.com\/de\/wp-json\/wp\/v2\/product\/47880","targetHints":{"allow":["GET"]}}],"collection":[{"href":"https:\/\/chessgamesemporium.com\/de\/wp-json\/wp\/v2\/product"}],"about":[{"href":"https:\/\/chessgamesemporium.com\/de\/wp-json\/wp\/v2\/types\/product"}],"replies":[{"embeddable":true,"href":"https:\/\/chessgamesemporium.com\/de\/wp-json\/wp\/v2\/comments?post=47880"}],"version-history":[{"count":0,"href":"https:\/\/chessgamesemporium.com\/de\/wp-json\/wp\/v2\/product\/47880\/revisions"}],"wp:featuredmedia":[{"embeddable":true,"href":"https:\/\/chessgamesemporium.com\/de\/wp-json\/wp\/v2\/media\/50993"}],"wp:attachment":[{"href":"https:\/\/chessgamesemporium.com\/de\/wp-json\/wp\/v2\/media?parent=47880"}],"wp:term":[{"taxonomy":"product_brand","embeddable":true,"href":"https:\/\/chessgamesemporium.com\/de\/wp-json\/wp\/v2\/product_brand?post=47880"},{"taxonomy":"product_cat","embeddable":true,"href":"https:\/\/chessgamesemporium.com\/de\/wp-json\/wp\/v2\/product_cat?post=47880"},{"taxonomy":"product_tag","embeddable":true,"href":"https:\/\/chessgamesemporium.com\/de\/wp-json\/wp\/v2\/product_tag?post=47880"}],"curies":[{"name":"wp","href":"https:\/\/api.w.org\/{rel}","templated":true}]}}