{"id":47894,"date":"2023-10-31T11:29:04","date_gmt":"2023-10-31T11:29:04","guid":{"rendered":"https:\/\/www.ivh44.si\/Ponudbe\/chess\/?post_type=product&#038;p=47894"},"modified":"2026-04-09T17:14:38","modified_gmt":"2026-04-09T17:14:38","slug":"schachspiel-ambassador","status":"publish","type":"product","link":"https:\/\/chessgamesemporium.com\/de\/shop\/schachsets\/klappbare-schachspiele\/schachspiel-ambassador\/","title":{"rendered":"Ambassador Schachset \u2013 klappbares Holz Geschenkset"},"content":{"rendered":"<p>Schachfiguren:<br \/>\nH\u00f6lzern, gefilzt, lackiert, gebranntes Design<\/p>\n<p>Abmessungen: (H\u00f6he der Figur | Durchmesser der Basis)<br \/>\nK\u00f6nig: 10,8 cm | 3,8 cm<br \/>\nDame: 9,1 cm | 3,8 cm<br \/>\nTurm: 6,2 cm | 3,8 cm<br \/>\nL\u00e4ufer: 7,2 cm | 3,8 cm<br \/>\nSpringer: 7,1 cm | 3,8 cm<br \/>\nBauer: 5,1 cm | 3,1 cm<\/p>\n<p>Schachkasette aus Holz:<br \/>\nGebranntes Design, mit Ablagefach<\/p>\n<p>Feld: 5,3 x 5,3 cm<br \/>\nMa\u00dfe Schachspiel (geschlossen): 55 x 27,5 x 6 cm<\/p>\n<p>Das Ambassador-Schach ist das beliebteste Set aus unserem dekorativen Sortiment. Dank seines gr\u00f6\u00dferen Formats und einzigartigen Designs gilt es als Luxusschachspiel. Die sch\u00f6nen Schachfiguren sind aus Hainbuchen- und Platanenholz gefertigt. Wie das Schachbrett sind sie mit gebrannten Ornamenten versehen. Das gebrannte, klappbare Schachbrett hat ein Einsatzfach, in dem die Schachfiguren aufbewahrt werden k\u00f6nnen.<\/p>\n<p>Warnung! Nicht geeignet f\u00fcr Kinder unter 3 Jahren wegen Kleinteilen! Es besteht Erstickungsgefahr.<\/p>","protected":false},"excerpt":{"rendered":"<p>Das Ambassador Schachset ist ein klappbares Holzbrett mit integriertem Stauraum f\u00fcr Figuren. Perfektes Geschenk f\u00fcr Schachliebhaber, ideal f\u00fcr Zuhause und unterwegs.<\/p>","protected":false},"featured_media":56464,"comment_status":"closed","ping_status":"closed","template":"","meta":{"_seopress_robots_primary_cat":"none","_seopress_titles_title":"","_seopress_titles_desc":"","_seopress_robots_index":""},"product_brand":[],"product_cat":[510,518],"product_tag":[],"class_list":{"0":"post-47894","1":"product","2":"type-product","3":"status-publish","4":"has-post-thumbnail","6":"product_cat-sahovski-kompleti","7":"product_cat-zlozljive-garniture","8":"wcpa_has_options","10":"entry","11":"has-media","13":"first","14":"instock","15":"taxable","16":"shipping-taxable","17":"purchasable","18":"product-type-variable","19":"has-product-nav","20":"col","21":"span_1_of_4","22":"owp-content-center","23":"item-entry","24":"owp-thumbs-layout-horizontal","25":"owp-btn-normal","26":"owp-tabs-layout-section"},"wcpa_form_fields":{"rules":{"pric_overide_base_price":false,"pric_overide_base_price_if_gt_zero":false,"pric_overide_base_price_fully":false,"pric_cal_option_once":false,"pric_use_as_fee":false,"bind_quantity":false,"quantity_bind_formula":false},"fields":[{"type":"text","elementId":"wcpa-text-1666713333654","label":"Gravura ( opcijsko )","description":"Vpi\u0161ite \u017eeljeni tekst za graviranje (npr. Vse najbolj\u0161e, IME, datum ipd.)","desc_type":true,"enablePrice":true,"pricingType":"fixed","price":"7","name":"text-1666713333654","fee_label":"Za naro\u010dnike izven eu, bo davek od\u0161tet na blagajni.","subtype":"text","maxlength":"16","cl_rule":"show","col":6,"relations":false,"form_id":46231,"form_rules":{"pric_cal_option_once":false,"exclude_from_discount":false,"pric_use_as_fee":false,"fee_label":"Fee","render_after_acb":false,"disp_hide_options_price":false}}]},"_links":{"self":[{"href":"https:\/\/chessgamesemporium.com\/de\/wp-json\/wp\/v2\/product\/47894","targetHints":{"allow":["GET"]}}],"collection":[{"href":"https:\/\/chessgamesemporium.com\/de\/wp-json\/wp\/v2\/product"}],"about":[{"href":"https:\/\/chessgamesemporium.com\/de\/wp-json\/wp\/v2\/types\/product"}],"replies":[{"embeddable":true,"href":"https:\/\/chessgamesemporium.com\/de\/wp-json\/wp\/v2\/comments?post=47894"}],"version-history":[{"count":0,"href":"https:\/\/chessgamesemporium.com\/de\/wp-json\/wp\/v2\/product\/47894\/revisions"}],"wp:featuredmedia":[{"embeddable":true,"href":"https:\/\/chessgamesemporium.com\/de\/wp-json\/wp\/v2\/media\/56464"}],"wp:attachment":[{"href":"https:\/\/chessgamesemporium.com\/de\/wp-json\/wp\/v2\/media?parent=47894"}],"wp:term":[{"taxonomy":"product_brand","embeddable":true,"href":"https:\/\/chessgamesemporium.com\/de\/wp-json\/wp\/v2\/product_brand?post=47894"},{"taxonomy":"product_cat","embeddable":true,"href":"https:\/\/chessgamesemporium.com\/de\/wp-json\/wp\/v2\/product_cat?post=47894"},{"taxonomy":"product_tag","embeddable":true,"href":"https:\/\/chessgamesemporium.com\/de\/wp-json\/wp\/v2\/product_tag?post=47894"}],"curies":[{"name":"wp","href":"https:\/\/api.w.org\/{rel}","templated":true}]}}