{"id":47954,"date":"2023-03-08T13:40:57","date_gmt":"2023-03-08T13:40:57","guid":{"rendered":"https:\/\/www.ivh44.si\/Ponudbe\/chess\/?post_type=product&#038;p=47954"},"modified":"2026-01-07T08:34:04","modified_gmt":"2026-01-07T08:34:04","slug":"schachspiel-dubrovnik-6ef","status":"publish","type":"product","link":"https:\/\/chessgamesemporium.com\/de\/shop\/schachsets\/klappbare-schachspiele\/schachspiel-dubrovnik-6ef\/","title":{"rendered":"Schachspiel DUBROVNIK 6EF"},"content":{"rendered":"<div><span style=\"font-family: verdana; font-size: medium;\"><b>Schachfiguren:<\/b><\/span><\/div>\n<div><\/div>\n<div>\n<p><span style=\"font-family: verdana; font-size: medium;\">Qualit\u00e4tsschachfiguren aus Plastik - Dubrovnik Zagreb design. Gefilzt und gewichtet.<\/span><\/p>\n<p>Diese Schachfiguren haben eine reiche Geschichte, die bis zur Schacholympiade 1950 in Dubrovnik zur\u00fcckreicht. Ein Schl\u00fcsselmerkmal dieser Schachfiguren ist das Fehlen religi\u00f6ser Ikonographie. Bobby Fischer hat bei zahlreichen Gelegenheiten erkl\u00e4rt, dass diese Dubrovniker Schachfiguren seine Lieblingsfiguren sind.<br \/>\n<b><br \/>\nAbmessungen: (H\u00f6he der Figur | Durchmesser der Basis)<\/b><br \/>\nK\u00f6nig: 9,1 cm | 3,6 cm<br \/>\nDame: 7,7 cm | 3,5 cm<br \/>\nTurm: 5,1 cm | 3,3 cm<br \/>\nL\u00e4ufer: 7,1 cm | 3,1 cm<br \/>\nSpringer: 6,6 cm | 3,3 cm<br \/>\nBauer: 4,7 cm | 2,9 cm<\/p>\n<\/div>\n<div><\/div>\n<p>&nbsp;<\/p>\n<div><span style=\"font-family: verdana; font-size: medium;\"><span style=\"font-family: verdana; font-size: medium;\"><b>Schachkasette aus Holz:<br \/>\n<\/b>Gebranntes Design, mit Ablagefach<\/span><\/span>Feld: 5,3 x 5,3 cm<br \/>\nMa\u00dfe Schachspiel (geschlossen): 55 x 27,5 x 6 cm<\/p>\n<div><\/div>\n<\/div>\n<div><span style=\"font-family: verdana; font-size: medium;\">Warnung! Nicht geeignet f\u00fcr Kinder unter 3 Jahren wegen Kleinteilen! Es besteht Erstickungsgefahr.<\/span><\/div>","protected":false},"excerpt":{"rendered":"<p>\u0160ahovske figure: Visokokvalitetne plasti\u010dne \u0161ahovske figure Dubrovnik plastika. Figure so obte\u017eene in podlo\u017eene. Te figure imajo bogato zgodovino, ki sega v leto 1950, ko je bila v Dubrovniku \u0161ahovska olimpijada. Glavna zna\u010dilno teg figur je, da so bile oblikovane brez verskih simbolov. Bobby Fischer je ve\u010dkrat poudaril, da so Dubrovnik figure njegove najljub\u0161e. Dimenzije: (vi\u0161ina [&hellip;]<\/p>","protected":false},"featured_media":47965,"comment_status":"closed","ping_status":"closed","template":"","meta":{"_seopress_robots_primary_cat":"none","_seopress_titles_title":"","_seopress_titles_desc":"","_seopress_robots_index":""},"product_brand":[],"product_cat":[510,518],"product_tag":[],"class_list":{"0":"post-47954","1":"product","2":"type-product","3":"status-publish","4":"has-post-thumbnail","6":"product_cat-sahovski-kompleti","7":"product_cat-zlozljive-garniture","8":"wcpa_has_options","10":"entry","11":"has-media","13":"first","14":"instock","15":"taxable","16":"shipping-taxable","17":"purchasable","18":"product-type-simple","19":"has-product-nav","20":"col","21":"span_1_of_4","22":"owp-content-center","23":"item-entry","24":"owp-thumbs-layout-horizontal","25":"owp-btn-normal","26":"owp-tabs-layout-section"},"wcpa_form_fields":{"rules":{"pric_overide_base_price":false,"pric_overide_base_price_if_gt_zero":false,"pric_overide_base_price_fully":false,"pric_cal_option_once":false,"pric_use_as_fee":false,"bind_quantity":false,"quantity_bind_formula":false},"fields":[{"type":"text","elementId":"wcpa-text-1666713333654","label":"Gravura ( opcijsko )","description":"Vpi\u0161ite \u017eeljeni tekst za graviranje (npr. Vse najbolj\u0161e, IME, datum ipd.)","desc_type":true,"enablePrice":true,"pricingType":"fixed","price":"7","name":"text-1666713333654","fee_label":"Za naro\u010dnike izven eu, bo davek od\u0161tet na blagajni.","subtype":"text","maxlength":"16","cl_rule":"show","col":6,"relations":false,"form_id":46231,"form_rules":{"pric_cal_option_once":false,"exclude_from_discount":false,"pric_use_as_fee":false,"fee_label":"Fee","render_after_acb":false,"disp_hide_options_price":false}}]},"_links":{"self":[{"href":"https:\/\/chessgamesemporium.com\/de\/wp-json\/wp\/v2\/product\/47954","targetHints":{"allow":["GET"]}}],"collection":[{"href":"https:\/\/chessgamesemporium.com\/de\/wp-json\/wp\/v2\/product"}],"about":[{"href":"https:\/\/chessgamesemporium.com\/de\/wp-json\/wp\/v2\/types\/product"}],"replies":[{"embeddable":true,"href":"https:\/\/chessgamesemporium.com\/de\/wp-json\/wp\/v2\/comments?post=47954"}],"version-history":[{"count":0,"href":"https:\/\/chessgamesemporium.com\/de\/wp-json\/wp\/v2\/product\/47954\/revisions"}],"wp:featuredmedia":[{"embeddable":true,"href":"https:\/\/chessgamesemporium.com\/de\/wp-json\/wp\/v2\/media\/47965"}],"wp:attachment":[{"href":"https:\/\/chessgamesemporium.com\/de\/wp-json\/wp\/v2\/media?parent=47954"}],"wp:term":[{"taxonomy":"product_brand","embeddable":true,"href":"https:\/\/chessgamesemporium.com\/de\/wp-json\/wp\/v2\/product_brand?post=47954"},{"taxonomy":"product_cat","embeddable":true,"href":"https:\/\/chessgamesemporium.com\/de\/wp-json\/wp\/v2\/product_cat?post=47954"},{"taxonomy":"product_tag","embeddable":true,"href":"https:\/\/chessgamesemporium.com\/de\/wp-json\/wp\/v2\/product_tag?post=47954"}],"curies":[{"name":"wp","href":"https:\/\/api.w.org\/{rel}","templated":true}]}}