{"id":48416,"date":"2023-04-07T10:28:53","date_gmt":"2023-04-07T10:28:53","guid":{"rendered":"https:\/\/www.ivh44.si\/Ponudbe\/chess\/?post_type=product&#038;p=48416"},"modified":"2024-02-20T12:14:51","modified_gmt":"2024-02-20T12:14:51","slug":"schachset-essen-classic","status":"publish","type":"product","link":"https:\/\/chessgamesemporium.com\/de\/shop\/schachsets\/kombi-schachspiele\/schachset-essen-classic\/","title":{"rendered":"Schachset ESSEN CLASSIC"},"content":{"rendered":"<p>Das Essen Classic Schachspiel ist eine raffinierte und elegante Wahl f\u00fcr jeden Schachliebhaber! Dieses mit viel Liebe zum Detail hergestellte Set enth\u00e4lt wundersch\u00f6n geschnitzte Holzschachfiguren mit einem klassischen Staunton-Design. Das Schachbrett selbst ist ein hochwertiges Holzbrett, das ein luxuri\u00f6ses Erlebnis bietet. Ob Sie ein Anf\u00e4nger oder ein erfahrener Spieler sind, das Essen Classic Schachspiel ist eine zeitlose und elegante Erg\u00e4nzung f\u00fcr jede Sammlung. Verbessern Sie Ihr Schacherlebnis mit diesem hervorragenden Set!<\/p>\n<p>Holzschachfiguren STAUNTON CLASSIC S<br \/>\nGewichted, gefilzt, lackiert<\/p>\n<p>Material:<br \/>\nSheesham \/ Buchsbaum<\/p>\n<p>Abmessungen: (H\u00f6he der Figur | Durchmesser der Basis)<br \/>\nK\u00f6nig: 8,7 cm | 3,1 cm<br \/>\nDame: 7,3 cm | 3,1 cm<br \/>\nTurm: 4,8 cm | 2,8 cm<br \/>\nL\u00e4ufer: 6,6 cm | 2,8 cm<br \/>\nSpringer: 5,9 cm | 2,8 cm<br \/>\nBauer: 4,5 cm | 2,4 cm<\/p>\n<p>&nbsp;<\/p>\n<p>Holzschachbrett Essen<br \/>\nFeld: 50 x 50 mm<br \/>\nMa\u00dfe Schachbrett: 45 \u00d7 45 cm<br \/>\nBrettdicke: 1,3 cm<\/p>\n<p>Dieses 45 x 45 cm gro\u00dfe Furnier-Schachbrett ist aus Walnuss- und Ahornholz gefertigt. Dieses feine Schachbrett hat eine Feldesgr\u00f6\u00dfe von 50 x 50 mm.<\/p>\n<p>Warnung! Nicht geeignet f\u00fcr Kinder unter 3 Jahren wegen Kleinteilen! Es besteht Erstickungsgefahr.<\/p>","protected":false},"excerpt":{"rendered":"<p>\u0160ahovski komplet Essen Classic je prefinjena in elegantna izbira za vsakega \u0161ahovskega navdu\u0161enca. Ta komplet, izdelan s pozornostjo do detajlov, vsebuje \u010dudovito izrezljane lesene figure s klasi\u010dnim Staunton dizajnom. Sama plo\u0161\u010da je visokokakovostna lesena plo\u0161\u010da, ki ustvarja razko\u0161no igralno izku\u0161njo. Ne glede na to, ali ste za\u010detnik ali izku\u0161en igralec, je \u0161ahovski komplet Essen Classic [&hellip;]<\/p>","protected":false},"featured_media":48430,"comment_status":"closed","ping_status":"closed","template":"","meta":{"_seopress_robots_primary_cat":"none","_seopress_titles_title":"","_seopress_titles_desc":"","_seopress_robots_index":""},"product_brand":[],"product_cat":[510,581],"product_tag":[],"class_list":{"0":"post-48416","1":"product","2":"type-product","3":"status-publish","4":"has-post-thumbnail","6":"product_cat-sahovski-kompleti","7":"product_cat-sestavljeni-kompleti","8":"wcpa_has_options","10":"entry","11":"has-media","13":"first","14":"instock","15":"taxable","16":"shipping-taxable","17":"purchasable","18":"product-type-simple","19":"has-product-nav","20":"col","21":"span_1_of_4","22":"owp-content-center","23":"item-entry","24":"owp-thumbs-layout-horizontal","25":"owp-btn-normal","26":"owp-tabs-layout-section"},"wcpa_form_fields":{"rules":{"pric_overide_base_price":false,"pric_overide_base_price_if_gt_zero":false,"pric_overide_base_price_fully":false,"pric_cal_option_once":false,"pric_use_as_fee":false,"bind_quantity":false,"quantity_bind_formula":false},"fields":[{"type":"text","elementId":"wcpa-text-1666713333654","label":"Gravura ( opcijsko )","description":"Vpi\u0161ite \u017eeljeni tekst za graviranje (npr. Vse najbolj\u0161e, IME, datum ipd.)","desc_type":true,"enablePrice":true,"pricingType":"fixed","price":"7","name":"text-1666713333654","fee_label":"Za naro\u010dnike izven eu, bo davek od\u0161tet na blagajni.","subtype":"text","maxlength":"16","cl_rule":"show","col":6,"relations":false,"form_id":46231,"form_rules":{"pric_cal_option_once":false,"exclude_from_discount":false,"pric_use_as_fee":false,"fee_label":"Fee","render_after_acb":false,"disp_hide_options_price":false}}]},"_links":{"self":[{"href":"https:\/\/chessgamesemporium.com\/de\/wp-json\/wp\/v2\/product\/48416","targetHints":{"allow":["GET"]}}],"collection":[{"href":"https:\/\/chessgamesemporium.com\/de\/wp-json\/wp\/v2\/product"}],"about":[{"href":"https:\/\/chessgamesemporium.com\/de\/wp-json\/wp\/v2\/types\/product"}],"replies":[{"embeddable":true,"href":"https:\/\/chessgamesemporium.com\/de\/wp-json\/wp\/v2\/comments?post=48416"}],"version-history":[{"count":0,"href":"https:\/\/chessgamesemporium.com\/de\/wp-json\/wp\/v2\/product\/48416\/revisions"}],"wp:featuredmedia":[{"embeddable":true,"href":"https:\/\/chessgamesemporium.com\/de\/wp-json\/wp\/v2\/media\/48430"}],"wp:attachment":[{"href":"https:\/\/chessgamesemporium.com\/de\/wp-json\/wp\/v2\/media?parent=48416"}],"wp:term":[{"taxonomy":"product_brand","embeddable":true,"href":"https:\/\/chessgamesemporium.com\/de\/wp-json\/wp\/v2\/product_brand?post=48416"},{"taxonomy":"product_cat","embeddable":true,"href":"https:\/\/chessgamesemporium.com\/de\/wp-json\/wp\/v2\/product_cat?post=48416"},{"taxonomy":"product_tag","embeddable":true,"href":"https:\/\/chessgamesemporium.com\/de\/wp-json\/wp\/v2\/product_tag?post=48416"}],"curies":[{"name":"wp","href":"https:\/\/api.w.org\/{rel}","templated":true}]}}