{"id":48553,"date":"2023-04-24T12:01:04","date_gmt":"2023-04-24T12:01:04","guid":{"rendered":"https:\/\/www.ivh44.si\/Ponudbe\/chess\/?post_type=product&#038;p=48553"},"modified":"2026-02-06T09:00:27","modified_gmt":"2026-02-06T09:00:27","slug":"schachset-tournament-staunton-6","status":"publish","type":"product","link":"https:\/\/chessgamesemporium.com\/de\/shop\/schachsets\/kombi-schachspiele\/schachset-tournament-staunton-6\/","title":{"rendered":"Schachset TOURNAMENT STAUNTON 6"},"content":{"rendered":"<p>Das Tournament Staunton 6 Schachspiel ist eine hochwertige und klassische Wahl f\u00fcr Schachliebhaber. Das mit Pr\u00e4zision und Liebe zum Detail gefertigte Set enth\u00e4lt ein langlebiges Brett und fein gearbeitete Holzfiguren, die die zeitlose Eleganz des Staunton-Designs verk\u00f6rpern. Dieses Set eignet sich sowohl f\u00fcr das Freizeit- als auch f\u00fcr das Wettkampfspiel und bietet ein hervorragendes Schacherlebnis f\u00fcr Spieler aller Spielst\u00e4rken.<\/p>\n<p>Qualit\u00e4tsschachfiguren aus Holz, gefilzter Boden<br \/>\nTurniergr\u00f6\u00dfe<br \/>\nMaterial: Hainbuche<\/p>\n<p>Diese Schachfiguren sind ideal f\u00fcr unsere Schachbretter Nr. 6 oder Nr. 5+, liegen gut in der Hand und gleiten gut \u00fcber das Brett.<\/p>\n<p>Abmessungen: (H\u00f6he der Figur | Durchmesser der Basis)<br \/>\nK\u00f6nig: 9,8 cm \/ 3,6 cm<br \/>\nDame: 8,3 cm \/ 3,6 cm<br \/>\nTurm: 5,3 cm \/ 3,2 cm<br \/>\nL\u00e4ufer: 6,8 cm \/ 3,2 cm<br \/>\nSpringer: 6,4 cm \/ 3,2 cm<br \/>\nBauer: 4,5 cm \/ 2,6 cm<\/p>\n<p>Holzschachbrett<br \/>\nFeld: 58 \u00d7 58 mm<br \/>\nMa\u00dfe Schachbrett: 54 \u00d7 54 cm<br \/>\nBrettdicke: 1,4 cm<\/p>\n<p>Dieses 54 x 54 cm gro\u00dfe Furnierschachbrett ist aus Ahorn und Mahagoni gefertigt.  Dieses feine Schachbrett hat eine quadratische Gr\u00f6\u00dfe von 58 x 58 mm und ist ideal f\u00fcr Schachfiguren mit einer K\u00f6nigsh\u00f6he von 95-98 mm.<\/p>\n<p>Warnung! Nicht geeignet f\u00fcr Kinder unter 3 Jahren wegen Kleinteilen! Es besteht Erstickungsgefahr.<\/p>\n<p>Nicht sicher, ob dieses Schachset die richtige Wahl ist?<br \/>\nLies unseren Leitfaden, <a href=\"https:\/\/chessgamesemporium.com\/de\/kako-izbrati-pravi-sahovski-komplet-les-velikost-figure-darilo\/\">zur Auswahl des richtigen Schachsets<\/a> nach Verwendungszweck, Gr\u00f6\u00dfe und Figuren.<\/p>","protected":false},"excerpt":{"rendered":"<p>\u0160ahovski set Tournament Staunton 6 je kakovostna in klasi\u010dna izbira za \u0161ahovske navdu\u0161ence. Komplet, izdelan z natan\u010dnostjo in pozornostjo do detajlov, vklju\u010duje trpe\u017eno plo\u0161\u010do in fino izdelane lesene figure, ki utele\u0161ajo brez\u010dasno eleganco dizajna Staunton. Idealen tako za vsakdanjo kot tekmovalno igro, ta komplet ponuja vrhunsko \u0161ahovsko izku\u0161njo za igralce vseh ravni. Kvalitetne podlo\u017eene lesene [&hellip;]<\/p>","protected":false},"featured_media":48558,"comment_status":"closed","ping_status":"closed","template":"","meta":{"_seopress_robots_primary_cat":"none","_seopress_titles_title":"","_seopress_titles_desc":"","_seopress_robots_index":""},"product_brand":[],"product_cat":[581,510],"product_tag":[],"class_list":{"0":"post-48553","1":"product","2":"type-product","3":"status-publish","4":"has-post-thumbnail","6":"product_cat-sestavljeni-kompleti","7":"product_cat-sahovski-kompleti","8":"wcpa_has_options","10":"entry","11":"has-media","13":"first","14":"instock","15":"taxable","16":"shipping-taxable","17":"purchasable","18":"product-type-simple","19":"has-product-nav","20":"col","21":"span_1_of_4","22":"owp-content-center","23":"item-entry","24":"owp-thumbs-layout-horizontal","25":"owp-btn-normal","26":"owp-tabs-layout-section"},"wcpa_form_fields":{"rules":{"pric_overide_base_price":false,"pric_overide_base_price_if_gt_zero":false,"pric_overide_base_price_fully":false,"pric_cal_option_once":false,"pric_use_as_fee":false,"bind_quantity":false,"quantity_bind_formula":false},"fields":[{"type":"text","elementId":"wcpa-text-1666713333654","label":"Gravura ( opcijsko )","description":"Vpi\u0161ite \u017eeljeni tekst za graviranje (npr. Vse najbolj\u0161e, IME, datum ipd.)","desc_type":true,"enablePrice":true,"pricingType":"fixed","price":"7","name":"text-1666713333654","fee_label":"Za naro\u010dnike izven eu, bo davek od\u0161tet na blagajni.","subtype":"text","maxlength":"16","cl_rule":"show","col":6,"relations":false,"form_id":46231,"form_rules":{"pric_cal_option_once":false,"exclude_from_discount":false,"pric_use_as_fee":false,"fee_label":"Fee","render_after_acb":false,"disp_hide_options_price":false}}]},"_links":{"self":[{"href":"https:\/\/chessgamesemporium.com\/de\/wp-json\/wp\/v2\/product\/48553","targetHints":{"allow":["GET"]}}],"collection":[{"href":"https:\/\/chessgamesemporium.com\/de\/wp-json\/wp\/v2\/product"}],"about":[{"href":"https:\/\/chessgamesemporium.com\/de\/wp-json\/wp\/v2\/types\/product"}],"replies":[{"embeddable":true,"href":"https:\/\/chessgamesemporium.com\/de\/wp-json\/wp\/v2\/comments?post=48553"}],"version-history":[{"count":0,"href":"https:\/\/chessgamesemporium.com\/de\/wp-json\/wp\/v2\/product\/48553\/revisions"}],"wp:featuredmedia":[{"embeddable":true,"href":"https:\/\/chessgamesemporium.com\/de\/wp-json\/wp\/v2\/media\/48558"}],"wp:attachment":[{"href":"https:\/\/chessgamesemporium.com\/de\/wp-json\/wp\/v2\/media?parent=48553"}],"wp:term":[{"taxonomy":"product_brand","embeddable":true,"href":"https:\/\/chessgamesemporium.com\/de\/wp-json\/wp\/v2\/product_brand?post=48553"},{"taxonomy":"product_cat","embeddable":true,"href":"https:\/\/chessgamesemporium.com\/de\/wp-json\/wp\/v2\/product_cat?post=48553"},{"taxonomy":"product_tag","embeddable":true,"href":"https:\/\/chessgamesemporium.com\/de\/wp-json\/wp\/v2\/product_tag?post=48553"}],"curies":[{"name":"wp","href":"https:\/\/api.w.org\/{rel}","templated":true}]}}