{"id":48587,"date":"2023-04-25T10:51:56","date_gmt":"2023-04-25T10:51:56","guid":{"rendered":"https:\/\/www.ivh44.si\/Ponudbe\/chess\/?post_type=product&#038;p=48587"},"modified":"2025-02-25T12:45:53","modified_gmt":"2025-02-25T12:45:53","slug":"schachset-tournament-oak","status":"publish","type":"product","link":"https:\/\/chessgamesemporium.com\/de\/shop\/schachsets\/kombi-schachspiele\/schachset-tournament-oak\/","title":{"rendered":"Schachset TOURNAMENT OAK"},"content":{"rendered":"<p>SCHACHFIGUREN<\/p>\n<p>Qualit\u00e4tsschachfiguren aus Holz, gefilzter Boden<br \/>\nTurniergr\u00f6\u00dfe<br \/>\nMaterial: Hainbuche<\/p>\n<p>Diese Schachfiguren sind ideal f\u00fcr unsere Schachbretter Nr. 6 oder Nr. 5+, liegen gut in der Hand und gleiten gut \u00fcber das Brett.<\/p>\n<p>Abmessungen: (H\u00f6he der Figur | Durchmesser der Basis)<br \/>\nK\u00f6nig: 9,8 cm \/ 3,6 cm<br \/>\nDame: 8,3 cm \/ 3,6 cm<br \/>\nTurm: 5,3 cm \/ 3,2 cm<br \/>\nL\u00e4ufer: 6,8 cm \/ 3,2 cm<br \/>\nSpringer: 6,4 cm \/ 3,2 cm<br \/>\nBauer: 4,5 cm \/ 2,6 cm<\/p>\n<p>Schachbrett OAK<\/p>\n<p>Ein handgefertigtes Schachbrett aus Walnuss- und Eichenholz.<\/p>\n<p>Abmessungen: 50 x 50 x 1,5 cm<br \/>\nFeld: 50 \u00d7 50 mm<br \/>\nDieses exquisite Schachbrett ist aus handverlesenem Walnuss- und Eichenfurnier gefertigt.<br \/>\nSein sch\u00f6nes Design macht es zu einem ausgezeichneten Geschenk.<\/p>\n<p>Warnung! Nicht geeignet f\u00fcr Kinder unter 3 Jahren wegen Kleinteilen! Es besteht Erstickungsgefahr.<\/p>","protected":false},"excerpt":{"rendered":"<p>FIGURE Kvalitetne podlo\u017eene lesene figure. obte\u017eene Turnirska velikost Material: gabrovina Te \u0161ahovske figure so idealne za 6 in 5+ velikosti \u0161ahovnic in lepo drsijo po \u0161ahovnici. Dimenzije: (vi\u0161ina | premer podlage) Kralj: 9,8 cm \/ 3,6 cm Dama: 8,3 cm \/ 3,6 cm Top: 5,3 cm \/ 3,2 cm Lovec: 6,8 cm \/ 3,2 cm [&hellip;]<\/p>","protected":false},"featured_media":48596,"comment_status":"closed","ping_status":"closed","template":"","meta":{"_seopress_robots_primary_cat":"none","_seopress_titles_title":"","_seopress_titles_desc":"","_seopress_robots_index":""},"product_brand":[],"product_cat":[581,510],"product_tag":[],"class_list":{"0":"post-48587","1":"product","2":"type-product","3":"status-publish","4":"has-post-thumbnail","6":"product_cat-sestavljeni-kompleti","7":"product_cat-sahovski-kompleti","8":"wcpa_has_options","10":"entry","11":"has-media","13":"first","14":"instock","15":"taxable","16":"shipping-taxable","17":"purchasable","18":"product-type-simple","19":"has-product-nav","20":"col","21":"span_1_of_4","22":"owp-content-center","23":"item-entry","24":"owp-thumbs-layout-horizontal","25":"owp-btn-normal","26":"owp-tabs-layout-section"},"wcpa_form_fields":{"rules":{"pric_overide_base_price":false,"pric_overide_base_price_if_gt_zero":false,"pric_overide_base_price_fully":false,"pric_cal_option_once":false,"pric_use_as_fee":false,"bind_quantity":false,"quantity_bind_formula":false},"fields":[{"type":"text","elementId":"wcpa-text-1666713333654","label":"Gravura ( opcijsko )","description":"Vpi\u0161ite \u017eeljeni tekst za graviranje (npr. Vse najbolj\u0161e, IME, datum ipd.)","desc_type":true,"enablePrice":true,"pricingType":"fixed","price":"7","name":"text-1666713333654","fee_label":"Za naro\u010dnike izven eu, bo davek od\u0161tet na blagajni.","subtype":"text","maxlength":"16","cl_rule":"show","col":6,"relations":false,"form_id":46231,"form_rules":{"pric_cal_option_once":false,"exclude_from_discount":false,"pric_use_as_fee":false,"fee_label":"Fee","render_after_acb":false,"disp_hide_options_price":false}}]},"_links":{"self":[{"href":"https:\/\/chessgamesemporium.com\/de\/wp-json\/wp\/v2\/product\/48587","targetHints":{"allow":["GET"]}}],"collection":[{"href":"https:\/\/chessgamesemporium.com\/de\/wp-json\/wp\/v2\/product"}],"about":[{"href":"https:\/\/chessgamesemporium.com\/de\/wp-json\/wp\/v2\/types\/product"}],"replies":[{"embeddable":true,"href":"https:\/\/chessgamesemporium.com\/de\/wp-json\/wp\/v2\/comments?post=48587"}],"version-history":[{"count":0,"href":"https:\/\/chessgamesemporium.com\/de\/wp-json\/wp\/v2\/product\/48587\/revisions"}],"wp:featuredmedia":[{"embeddable":true,"href":"https:\/\/chessgamesemporium.com\/de\/wp-json\/wp\/v2\/media\/48596"}],"wp:attachment":[{"href":"https:\/\/chessgamesemporium.com\/de\/wp-json\/wp\/v2\/media?parent=48587"}],"wp:term":[{"taxonomy":"product_brand","embeddable":true,"href":"https:\/\/chessgamesemporium.com\/de\/wp-json\/wp\/v2\/product_brand?post=48587"},{"taxonomy":"product_cat","embeddable":true,"href":"https:\/\/chessgamesemporium.com\/de\/wp-json\/wp\/v2\/product_cat?post=48587"},{"taxonomy":"product_tag","embeddable":true,"href":"https:\/\/chessgamesemporium.com\/de\/wp-json\/wp\/v2\/product_tag?post=48587"}],"curies":[{"name":"wp","href":"https:\/\/api.w.org\/{rel}","templated":true}]}}