{"id":48629,"date":"2023-04-25T12:06:40","date_gmt":"2023-04-25T12:06:40","guid":{"rendered":"https:\/\/www.ivh44.si\/Ponudbe\/chess\/?post_type=product&#038;p=48629"},"modified":"2024-04-18T11:11:10","modified_gmt":"2024-04-18T11:11:10","slug":"schachset-dubrovnik-zagreb","status":"publish","type":"product","link":"https:\/\/chessgamesemporium.com\/de\/shop\/schachsets\/kombi-schachspiele\/schachset-dubrovnik-zagreb\/","title":{"rendered":"Schachset DUBROVNIK ZAGREB"},"content":{"rendered":"<p>Schachfiguren:<br \/>\nQualit\u00e4tsschachfiguren aus Plastik - Dubrovnik Zagreb design<\/p>\n<p>Beschwert, gefilzt<\/p>\n<p>Diese Schachfiguren haben eine reiche Geschichte, die bis zur Schacholympiade 1950 in Dubrovnik zur\u00fcckreicht. Ein Schl\u00fcsselmerkmal dieser Schachfiguren ist das Fehlen religi\u00f6ser Ikonographie. Bobby Fischer hat bei zahlreichen Gelegenheiten erkl\u00e4rt, dass diese Dubrovniker Schachfiguren seine Lieblingsfiguren sind.<\/p>\n<p>Abmessungen: (H\u00f6he der Figur | Durchmesser der Basis)<br \/>\nK\u00f6nig: 8,2 cm | 3,6 cm<br \/>\nDame: 7,7 cm | 3,6 cm<br \/>\nTurm: 5,1 cm | 3,4 cm<br \/>\nL\u00e4ufer: 7,1 cm | 3,4 cm<br \/>\nSpringer: 6,1 cm | 3,4 cm<br \/>\nBauer: 4,7 cm | 3,2 cm<\/p>\n<p>Schachbrett:<br \/>\nMaterial: PVC, Leinwand<br \/>\nFeld: 5,7 x 5,7 cm<br \/>\nMa\u00dfe Schachbrett: 50 \u00d7 50 cm<br \/>\nAbwaschbare<\/p>\n<p>Warnung! Nicht geeignet f\u00fcr Kinder unter 3 Jahren wegen Kleinteilen! Es besteht Erstickungsgefahr.<\/p>","protected":false},"excerpt":{"rendered":"<p>Figure: Visokokvalitetne plasti\u010dne \u0161ahovske figure Dubrovnik Zagreb. Obte\u017eene in podlo\u017eene. Te figure imajo bogato zgodovino, ki sega v leto 1950, ko je bila v Dubrovniku \u0161ahovska olimpijada. Glavna zna\u010dilnost teh figur je, da so bile oblikovane brez verskih simbolov. Bobby Fischer je ve\u010dkrat poudaril, da so Dubrovnik figure njegove najljub\u0161e. Dimenzije: (vi\u0161ina | premer podlage) [&hellip;]<\/p>","protected":false},"featured_media":48626,"comment_status":"closed","ping_status":"closed","template":"","meta":{"_seopress_robots_primary_cat":"none","_seopress_titles_title":"","_seopress_titles_desc":"","_seopress_robots_index":""},"product_brand":[],"product_cat":[510,581],"product_tag":[],"class_list":{"0":"post-48629","1":"product","2":"type-product","3":"status-publish","4":"has-post-thumbnail","6":"product_cat-sahovski-kompleti","7":"product_cat-sestavljeni-kompleti","9":"entry","10":"has-media","12":"first","13":"instock","14":"taxable","15":"shipping-taxable","16":"purchasable","17":"product-type-simple","18":"has-product-nav","19":"col","20":"span_1_of_4","21":"owp-content-center","22":"item-entry","23":"owp-thumbs-layout-horizontal","24":"owp-btn-normal","25":"owp-tabs-layout-section"},"wcpa_form_fields":null,"_links":{"self":[{"href":"https:\/\/chessgamesemporium.com\/de\/wp-json\/wp\/v2\/product\/48629","targetHints":{"allow":["GET"]}}],"collection":[{"href":"https:\/\/chessgamesemporium.com\/de\/wp-json\/wp\/v2\/product"}],"about":[{"href":"https:\/\/chessgamesemporium.com\/de\/wp-json\/wp\/v2\/types\/product"}],"replies":[{"embeddable":true,"href":"https:\/\/chessgamesemporium.com\/de\/wp-json\/wp\/v2\/comments?post=48629"}],"version-history":[{"count":0,"href":"https:\/\/chessgamesemporium.com\/de\/wp-json\/wp\/v2\/product\/48629\/revisions"}],"wp:featuredmedia":[{"embeddable":true,"href":"https:\/\/chessgamesemporium.com\/de\/wp-json\/wp\/v2\/media\/48626"}],"wp:attachment":[{"href":"https:\/\/chessgamesemporium.com\/de\/wp-json\/wp\/v2\/media?parent=48629"}],"wp:term":[{"taxonomy":"product_brand","embeddable":true,"href":"https:\/\/chessgamesemporium.com\/de\/wp-json\/wp\/v2\/product_brand?post=48629"},{"taxonomy":"product_cat","embeddable":true,"href":"https:\/\/chessgamesemporium.com\/de\/wp-json\/wp\/v2\/product_cat?post=48629"},{"taxonomy":"product_tag","embeddable":true,"href":"https:\/\/chessgamesemporium.com\/de\/wp-json\/wp\/v2\/product_tag?post=48629"}],"curies":[{"name":"wp","href":"https:\/\/api.w.org\/{rel}","templated":true}]}}