{"id":48674,"date":"2023-05-08T11:57:52","date_gmt":"2023-05-08T11:57:52","guid":{"rendered":"https:\/\/www.ivh44.si\/Ponudbe\/chess\/?post_type=product&#038;p=48674"},"modified":"2025-02-25T12:40:14","modified_gmt":"2025-02-25T12:40:14","slug":"jigchess-set-romer","status":"publish","type":"product","link":"https:\/\/chessgamesemporium.com\/de\/shop\/schachsets\/kombi-schachspiele\/jigchess-set-romer\/","title":{"rendered":"JigChess set R\u00d6MER"},"content":{"rendered":"<p>SCHACHBRETT<br \/>\nSchachbrett in Standardgr\u00f6\u00dfe<br \/>\nMa\u00dfe Schachbrett: 50 \u00d7 50 cm<br \/>\nFeld: 55 \u00d7 55 mm<br \/>\nBrettdicke: 2 mm<br \/>\nPuzzleteile: 16 (4x4)<br \/>\nMit Notation<\/p>\n<p>Dieses Schachbrett kann zur einfachen Lagerung und zum Transport zerlegt werden.<\/p>\n<p>Das Schachbrett ist aus hartem, extrudiertem PVC-Schaum mit einer feinen, homogenen, geschlossenen Zellstruktur hergestellt. Es ist wasser- und feuerbest\u00e4ndig.<br \/>\nDas Material ist robust und widerstandsf\u00e4hig gegen Dellen.<br \/>\nF\u00fcr den Innen- und Au\u00dfenbereich geeignet.<\/p>\n<p>SCHACHFIGUREN<br \/>\nSchachfiguren im r\u00f6mischen Design<\/p>\n<p>Material: Kunststoff<\/p>\n<p>Abmessungen: (H\u00f6he der Figur | Durchmesser der Basis)<br \/>\nK\u00f6nig: 9,5 cm | 3,0 cm<br \/>\nDame: 9,3 cm | 3,0 cm<br \/>\nTurm: 6,9 cm | 3,0 cm<br \/>\nL\u00e4ufer: 8,2 cm | 3,0, cm<br \/>\nSpringer: 7,5 cm | 3,0 cm<br \/>\nBauer: 6,2 cm | 2,3 cm<br \/>\nFarbe: cremefarben \/ schwarz<\/p>\n<p>Ungewichtet, gefilzt<\/p>\n<p>Warnung! Nicht geeignet f\u00fcr Kinder unter 3 Jahren wegen Kleinteilen! Es besteht Erstickungsgefahr.<\/p>","protected":false},"excerpt":{"rendered":"<p>\u0160AHOVNICA \u0160ahovnica standardne velikosti Dimenzije \u0161ahovnice: 50 X 50 cm Dimenzije polja: 55 mm Debelina \u0161ahovnice: 2 mm \u0160tevilo kosov (puzzle): 16 kosov (4&#215;4) Z notacijo \u0160ahovnica se enostavno prena\u0161a ali spakira, ker se razstavi na ve\u010d kosov in je primerna tudi za potovanja. Izdelana iz trdega ekstrudiranega penastega pvc-ja z izredno fino in homogeno [&hellip;]<\/p>","protected":false},"featured_media":51071,"comment_status":"closed","ping_status":"closed","template":"","meta":{"_seopress_robots_primary_cat":"none","_seopress_titles_title":"","_seopress_titles_desc":"","_seopress_robots_index":""},"product_brand":[],"product_cat":[581,510],"product_tag":[],"class_list":{"0":"post-48674","1":"product","2":"type-product","3":"status-publish","4":"has-post-thumbnail","6":"product_cat-sestavljeni-kompleti","7":"product_cat-sahovski-kompleti","9":"entry","10":"has-media","12":"first","13":"instock","14":"taxable","15":"shipping-taxable","16":"purchasable","17":"product-type-variable","18":"has-product-nav","19":"col","20":"span_1_of_4","21":"owp-content-center","22":"item-entry","23":"owp-thumbs-layout-horizontal","24":"owp-btn-normal","25":"owp-tabs-layout-section"},"wcpa_form_fields":null,"_links":{"self":[{"href":"https:\/\/chessgamesemporium.com\/de\/wp-json\/wp\/v2\/product\/48674","targetHints":{"allow":["GET"]}}],"collection":[{"href":"https:\/\/chessgamesemporium.com\/de\/wp-json\/wp\/v2\/product"}],"about":[{"href":"https:\/\/chessgamesemporium.com\/de\/wp-json\/wp\/v2\/types\/product"}],"replies":[{"embeddable":true,"href":"https:\/\/chessgamesemporium.com\/de\/wp-json\/wp\/v2\/comments?post=48674"}],"version-history":[{"count":0,"href":"https:\/\/chessgamesemporium.com\/de\/wp-json\/wp\/v2\/product\/48674\/revisions"}],"wp:featuredmedia":[{"embeddable":true,"href":"https:\/\/chessgamesemporium.com\/de\/wp-json\/wp\/v2\/media\/51071"}],"wp:attachment":[{"href":"https:\/\/chessgamesemporium.com\/de\/wp-json\/wp\/v2\/media?parent=48674"}],"wp:term":[{"taxonomy":"product_brand","embeddable":true,"href":"https:\/\/chessgamesemporium.com\/de\/wp-json\/wp\/v2\/product_brand?post=48674"},{"taxonomy":"product_cat","embeddable":true,"href":"https:\/\/chessgamesemporium.com\/de\/wp-json\/wp\/v2\/product_cat?post=48674"},{"taxonomy":"product_tag","embeddable":true,"href":"https:\/\/chessgamesemporium.com\/de\/wp-json\/wp\/v2\/product_tag?post=48674"}],"curies":[{"name":"wp","href":"https:\/\/api.w.org\/{rel}","templated":true}]}}