{"id":48676,"date":"2023-05-08T12:53:02","date_gmt":"2023-05-08T12:53:02","guid":{"rendered":"https:\/\/www.ivh44.si\/Ponudbe\/chess\/?post_type=product&#038;p=48676"},"modified":"2024-02-13T12:37:16","modified_gmt":"2024-02-13T12:37:16","slug":"jigchess-set-color","status":"publish","type":"product","link":"https:\/\/chessgamesemporium.com\/de\/shop\/schachsets\/kombi-schachspiele\/jigchess-set-color\/","title":{"rendered":"JigChess Set - COLOR"},"content":{"rendered":"<p>SCHACHFIGUREN<br \/>\nPlastikschachfiguren, typ Staunton, gefilzt, in einer Plastikt\u00fcte.<\/p>\n<p>Abmessungen: (H\u00f6he der Figur | Durchmesser der Basis)<br \/>\nK\u00f6nig: 9,6 cm | 3,7 cm<br \/>\nDame: 7,5 cm | 3,6 cm<br \/>\nTurm: 4,6 cm | 3,2 cm<br \/>\nL\u00e4ufer: 6,5 cm | 3,1 cm<br \/>\nSpringer: 5,8 cm | 3,2 cm<br \/>\nBauer: 4,5 cm | 2,7 cm<\/p>\n<p>SCHACHBRETT<br \/>\nSchachbrett in Standardgr\u00f6\u00dfe<br \/>\nMa\u00dfe Schachbrett: 50 \u00d7 50 cm<br \/>\nFeld: 55 \u00d7 55 mm<br \/>\nBrettdicke: 2 mm<br \/>\nPuzzleteile: 16 (4x4)<br \/>\nMit Notation<\/p>\n<p>Dieses Schachbrett kann zur einfachen Lagerung und zum Transport zerlegt werden.<\/p>\n<p>Das Schachbrett ist aus hartem, extrudiertem PVC-Schaum mit einer feinen, homogenen, geschlossenen Zellstruktur hergestellt. Es ist wasser- und feuerbest\u00e4ndig.<br \/>\nDas Material ist robust und widerstandsf\u00e4hig gegen Dellen.<br \/>\nF\u00fcr den Innen- und Au\u00dfenbereich geeignet.<\/p>\n<p>Warnung! Nicht geeignet f\u00fcr Kinder unter 3 Jahren wegen Kleinteilen! Es besteht Erstickungsgefahr.<\/p>","protected":false},"excerpt":{"rendered":"<p>FIGURE Plasti\u010dne figure, tip Staunton, podlo\u017eene v polivinilasti vre\u010dki. Dimenzije: (vi\u0161ina figure| premer podlage) Kralj: 9,6 cm | 3,7 cm Dama: 7,5 cm | 3,6 cm Top: 4,6 cm | 3,2 cm Lovec: 6,5 cm | 3,1 cm Skaka\u010d: 5,8 cm | 3,2 cm Kmet: 4,5 cm | 2,7 cm \u0160AHOVNICA \u0160ahovnica standardne velikosti Dimenzije [&hellip;]<\/p>","protected":false},"featured_media":51080,"comment_status":"closed","ping_status":"closed","template":"","meta":{"_seopress_robots_primary_cat":"none","_seopress_titles_title":"","_seopress_titles_desc":"","_seopress_robots_index":""},"product_brand":[],"product_cat":[581,510],"product_tag":[],"class_list":{"0":"post-48676","1":"product","2":"type-product","3":"status-publish","4":"has-post-thumbnail","6":"product_cat-sestavljeni-kompleti","7":"product_cat-sahovski-kompleti","9":"entry","10":"has-media","12":"first","13":"instock","14":"taxable","15":"shipping-taxable","16":"purchasable","17":"product-type-variable","18":"has-product-nav","19":"col","20":"span_1_of_4","21":"owp-content-center","22":"item-entry","23":"owp-thumbs-layout-horizontal","24":"owp-btn-normal","25":"owp-tabs-layout-section"},"wcpa_form_fields":null,"_links":{"self":[{"href":"https:\/\/chessgamesemporium.com\/de\/wp-json\/wp\/v2\/product\/48676","targetHints":{"allow":["GET"]}}],"collection":[{"href":"https:\/\/chessgamesemporium.com\/de\/wp-json\/wp\/v2\/product"}],"about":[{"href":"https:\/\/chessgamesemporium.com\/de\/wp-json\/wp\/v2\/types\/product"}],"replies":[{"embeddable":true,"href":"https:\/\/chessgamesemporium.com\/de\/wp-json\/wp\/v2\/comments?post=48676"}],"version-history":[{"count":0,"href":"https:\/\/chessgamesemporium.com\/de\/wp-json\/wp\/v2\/product\/48676\/revisions"}],"wp:featuredmedia":[{"embeddable":true,"href":"https:\/\/chessgamesemporium.com\/de\/wp-json\/wp\/v2\/media\/51080"}],"wp:attachment":[{"href":"https:\/\/chessgamesemporium.com\/de\/wp-json\/wp\/v2\/media?parent=48676"}],"wp:term":[{"taxonomy":"product_brand","embeddable":true,"href":"https:\/\/chessgamesemporium.com\/de\/wp-json\/wp\/v2\/product_brand?post=48676"},{"taxonomy":"product_cat","embeddable":true,"href":"https:\/\/chessgamesemporium.com\/de\/wp-json\/wp\/v2\/product_cat?post=48676"},{"taxonomy":"product_tag","embeddable":true,"href":"https:\/\/chessgamesemporium.com\/de\/wp-json\/wp\/v2\/product_tag?post=48676"}],"curies":[{"name":"wp","href":"https:\/\/api.w.org\/{rel}","templated":true}]}}