{"id":48706,"date":"2023-05-09T09:09:29","date_gmt":"2023-05-09T09:09:29","guid":{"rendered":"https:\/\/www.ivh44.si\/Ponudbe\/chess\/?post_type=product&#038;p=48706"},"modified":"2026-04-18T03:57:52","modified_gmt":"2026-04-18T03:57:52","slug":"plastik-schachfiguren-staunton-color","status":"publish","type":"product","link":"https:\/\/chessgamesemporium.com\/de\/shop\/schachfiguren\/plastik-schachfiguren\/plastik-schachfiguren-staunton-color\/","title":{"rendered":"Schachfiguren aus Kunststoff STAUNTON COLOR"},"content":{"rendered":"<p>Erstellen Sie Ihre eigene Farbkombination von Schachfiguren!<\/p>\n<p>Basis: Filz<br \/>\nMaterial: Kunststoff<br \/>\nFarbe: Wei\u00df, Gelb, Rot, Rosa, Gr\u00fcn, Blau, Schwarz<\/p>\n<p>Bunte Plastik Schachfiguren, Staunton Design, gefilzt (Halbes Set).<\/p>\n<p>Abmessungen: (H\u00f6he der Figur | Durchmesser der Basis)<br \/>\nK\u00f6nig: 9,5 cm | 3,7 cm<br \/>\nDame: 7,5 cm | 3,6 cm<br \/>\nTurm: 4,6 cm | 3,2 cm<br \/>\nL\u00e4ufer: 6,5 cm | 3,1 cm<br \/>\nSpringer: 5,8 cm | 3,2 cm<br \/>\nBauer: 4,5 cm | 2,7 cm<\/p>\n<p>Diese farbenfrohen Schachfiguren sind eine ausgezeichnete Wahl f\u00fcr Schachaktivit\u00e4ten, Schulen und Anf\u00e4nger. Das Set enth\u00e4lt robuste Schachfiguren aus Kunststoff, die regelm\u00e4\u00dfigem Gebrauch standhalten und zudem eine ansprechende Farbgebung aufweisen.<\/p>\n<p>Da es sich um ein halbes Set handelt, sind f\u00fcr ein Standard-Schachspiel zwei Sets in unterschiedlichen Farben erforderlich (z. B. blau gegen gelb). Dies erm\u00f6glicht Mentoren und Lehrern, eine interessantere Lernumgebung zu schaffen und Schachkonzepte leicht zu erkl\u00e4ren.<\/p>\n<p>Dieses Schachspiel eignet sich besonders f\u00fcr:<\/p>\n<p>Schachschulen und Schach f\u00fcr Anf\u00e4nger,<br \/>\nSchachclubs in Schulen,<br \/>\nSchachausr\u00fcstung f\u00fcr Kinder,<br \/>\nKlassenzimmer, Bibliotheken und andere Bildungseinrichtungen.<\/p>\n<p>Diese Figuren bieten eine erschwingliche L\u00f6sung f\u00fcr alle, die ein farbenfrohes, robustes und einfaches Schachspiel suchen.<\/p>\n<p>Warnung! Nicht geeignet f\u00fcr Kinder unter 3 Jahren wegen Kleinteilen! Es besteht Erstickungsgefahr.<\/p>","protected":false},"excerpt":{"rendered":"<p>Sestavite svojo barvno kombinacijo \u0161ahovskih figur! Podlaga: Podlo\u017eene s filcem Material: Plastika Barva: Bela, rumena, rde\u010da, roza, zelena, modra in \u010drna Plasti\u010dne figure tipa Staunton, standardne vi\u0161ine, podlo\u017eene s filcem (polovi\u010dni set). Dimenzije: (vi\u0161ina figure | premer podlage) Kralj: 9,5 cm | 3,7 cm Dama: 7,5 cm | 3,6 cm Top: 4,6 cm | 3,2 [&hellip;]<\/p>","protected":false},"featured_media":56872,"comment_status":"closed","ping_status":"closed","template":"","meta":{"_seopress_robots_primary_cat":"none","_seopress_titles_title":"","_seopress_titles_desc":"Kupite plasti\u010dne \u0161ahovske figure Staunton Colour \u2013 trpe\u017een, barvno prepoznaven set za \u0161olo, klub ali doma. Klasi\u010den dizajn, dobra vidljivost in udobna igra.","_seopress_robots_index":""},"product_brand":[],"product_cat":[511,521],"product_tag":[],"class_list":{"0":"post-48706","1":"product","2":"type-product","3":"status-publish","4":"has-post-thumbnail","6":"product_cat-sahovske-figure","7":"product_cat-plasticne-figure","9":"entry","10":"has-media","12":"first","13":"instock","14":"taxable","15":"shipping-taxable","16":"purchasable","17":"product-type-variable","18":"has-product-nav","19":"col","20":"span_1_of_4","21":"owp-content-center","22":"item-entry","23":"owp-thumbs-layout-horizontal","24":"owp-btn-normal","25":"owp-tabs-layout-section"},"wcpa_form_fields":null,"_links":{"self":[{"href":"https:\/\/chessgamesemporium.com\/de\/wp-json\/wp\/v2\/product\/48706","targetHints":{"allow":["GET"]}}],"collection":[{"href":"https:\/\/chessgamesemporium.com\/de\/wp-json\/wp\/v2\/product"}],"about":[{"href":"https:\/\/chessgamesemporium.com\/de\/wp-json\/wp\/v2\/types\/product"}],"replies":[{"embeddable":true,"href":"https:\/\/chessgamesemporium.com\/de\/wp-json\/wp\/v2\/comments?post=48706"}],"version-history":[{"count":1,"href":"https:\/\/chessgamesemporium.com\/de\/wp-json\/wp\/v2\/product\/48706\/revisions"}],"predecessor-version":[{"id":63706,"href":"https:\/\/chessgamesemporium.com\/de\/wp-json\/wp\/v2\/product\/48706\/revisions\/63706"}],"wp:featuredmedia":[{"embeddable":true,"href":"https:\/\/chessgamesemporium.com\/de\/wp-json\/wp\/v2\/media\/56872"}],"wp:attachment":[{"href":"https:\/\/chessgamesemporium.com\/de\/wp-json\/wp\/v2\/media?parent=48706"}],"wp:term":[{"taxonomy":"product_brand","embeddable":true,"href":"https:\/\/chessgamesemporium.com\/de\/wp-json\/wp\/v2\/product_brand?post=48706"},{"taxonomy":"product_cat","embeddable":true,"href":"https:\/\/chessgamesemporium.com\/de\/wp-json\/wp\/v2\/product_cat?post=48706"},{"taxonomy":"product_tag","embeddable":true,"href":"https:\/\/chessgamesemporium.com\/de\/wp-json\/wp\/v2\/product_tag?post=48706"}],"curies":[{"name":"wp","href":"https:\/\/api.w.org\/{rel}","templated":true}]}}