{"id":48785,"date":"2023-05-16T11:51:25","date_gmt":"2023-05-16T11:51:25","guid":{"rendered":"https:\/\/www.ivh44.si\/Ponudbe\/chess\/?post_type=product&#038;p=48785"},"modified":"2026-03-12T07:40:15","modified_gmt":"2026-03-12T07:40:15","slug":"the-sicilan-taimanov","status":"publish","type":"product","link":"https:\/\/chessgamesemporium.com\/de\/shop\/schachbucher\/schach-eroffnungen\/the-sicilan-taimanov\/","title":{"rendered":"The SICILAN TAIMANOV"},"content":{"rendered":"<p>Autor: Antonios Pavlidis<br \/>\nErscheinungsjahr: 2019<br \/>\nSprache: Englisch<br \/>\nSeiten: 480<br \/>\nFormat: 24 x 17 cm<br \/>\nEinband: Soft<\/p>\n<p>Der Sizilianer Taimanov entsteht nach den Er\u00f6ffnungsz\u00fcgen 1.e4 c5 2.Nf3 e6 3.d4 cxd4 4.Nxd4 Nc6 und ist eine ideale Waffe f\u00fcr Schwarz in der modernen Zeit. Sie ist theoretisch fundiert und bietet ein perfektes Gleichgewicht zwischen Solidit\u00e4t und dynamischem Gegenangriffspotenzial, was sie bei Vereinsspielern und Spitzengro\u00dfmeistern gleicherma\u00dfen beliebt macht.<\/p>\n<p>GM Antonios Pavlidis ist der ideale F\u00fchrer f\u00fcr diese Er\u00f6ffnung. Als leidenschaftlicher Theoretiker hat er die Taimanov-Er\u00f6ffnung seit vielen Jahren als R\u00fcckgrat seines Repertoires verwendet. Als lebenslanger 1.e4-Spieler ist er auch in der Lage, die Stellung aus der Perspektive des Wei\u00dfen zu betrachten, was seinen Einblick f\u00fcr den Leser noch wertvoller macht. In diesem Buch teilt Pavlidis sowohl erstklassige Analysen als auch sein Expertenwissen, das er durch seine langj\u00e4hrige Erfahrung mit dem Taimanov gewonnen hat.<\/p>\n<p>Antonios Pavlidis ist eines der gr\u00f6\u00dften Talente im griechischen Schach. Er wurde 2014, im Alter von 21 Jahren, Gro\u00dfmeister. Erstaunlicherweise hat er die griechische Meisterschaft dreimal in drei Anl\u00e4ufen gewonnen, alle vor seinem 24. Geburtstag. Er ist ein Experte f\u00fcr Taimanov, da er den gr\u00f6\u00dften Teil seiner Schachkarriere beide Seiten gespielt hat.<\/p>\n<p>&nbsp;<\/p>","protected":false},"excerpt":{"rendered":"<p><a href=\"https:\/\/chessgamesemporium.com\/wp-content\/uploads\/2023\/05\/SicilianTaimanov-excerpt.pdf\" target=\"_blank\" rel=\"noopener\">pdf-Auszug<\/a><\/p>","protected":false},"featured_media":49801,"comment_status":"closed","ping_status":"closed","template":"","meta":{"_seopress_robots_primary_cat":"none","_seopress_titles_title":"","_seopress_titles_desc":"","_seopress_robots_index":""},"product_brand":[],"product_cat":[605,512],"product_tag":[],"class_list":{"0":"post-48785","1":"product","2":"type-product","3":"status-publish","4":"has-post-thumbnail","6":"product_cat-otvoritve","7":"product_cat-sahovske-knjige","8":"pa_avtor-antonios-pavlidis","9":"pa_glavna-linija-1-e4-c5-2-nf3-e6-3-d4-cxd4","10":"pa_leto-izdaje-820","11":"pa_nivo-knjige-napredni","12":"pa_otvoritev-tema-sicilijanska-obramba","13":"pa_otvoritev-tema-taimanov","14":"pa_stran-crni","15":"pa_tip-knjige-otvoritve","16":"pa_zalozba-quality-chess","18":"entry","19":"has-media","21":"first","22":"instock","23":"taxable","24":"shipping-taxable","25":"purchasable","26":"product-type-simple","27":"has-product-nav","28":"col","29":"span_1_of_4","30":"owp-content-center","31":"item-entry","32":"owp-thumbs-layout-horizontal","33":"owp-btn-normal","34":"owp-tabs-layout-section"},"wcpa_form_fields":null,"_links":{"self":[{"href":"https:\/\/chessgamesemporium.com\/de\/wp-json\/wp\/v2\/product\/48785","targetHints":{"allow":["GET"]}}],"collection":[{"href":"https:\/\/chessgamesemporium.com\/de\/wp-json\/wp\/v2\/product"}],"about":[{"href":"https:\/\/chessgamesemporium.com\/de\/wp-json\/wp\/v2\/types\/product"}],"replies":[{"embeddable":true,"href":"https:\/\/chessgamesemporium.com\/de\/wp-json\/wp\/v2\/comments?post=48785"}],"version-history":[{"count":0,"href":"https:\/\/chessgamesemporium.com\/de\/wp-json\/wp\/v2\/product\/48785\/revisions"}],"wp:featuredmedia":[{"embeddable":true,"href":"https:\/\/chessgamesemporium.com\/de\/wp-json\/wp\/v2\/media\/49801"}],"wp:attachment":[{"href":"https:\/\/chessgamesemporium.com\/de\/wp-json\/wp\/v2\/media?parent=48785"}],"wp:term":[{"taxonomy":"product_brand","embeddable":true,"href":"https:\/\/chessgamesemporium.com\/de\/wp-json\/wp\/v2\/product_brand?post=48785"},{"taxonomy":"product_cat","embeddable":true,"href":"https:\/\/chessgamesemporium.com\/de\/wp-json\/wp\/v2\/product_cat?post=48785"},{"taxonomy":"product_tag","embeddable":true,"href":"https:\/\/chessgamesemporium.com\/de\/wp-json\/wp\/v2\/product_tag?post=48785"}],"curies":[{"name":"wp","href":"https:\/\/api.w.org\/{rel}","templated":true}]}}