{"id":48839,"date":"2023-05-17T12:21:56","date_gmt":"2023-05-17T12:21:56","guid":{"rendered":"https:\/\/www.ivh44.si\/Ponudbe\/chess\/?post_type=product&#038;p=48839"},"modified":"2026-03-12T08:02:35","modified_gmt":"2026-03-12T08:02:35","slug":"1-e4-vs-the-french-caro-kann-and-philidor","status":"publish","type":"product","link":"https:\/\/chessgamesemporium.com\/de\/shop\/schachbucher\/schach-eroffnungen\/1-e4-vs-the-french-caro-kann-and-philidor\/","title":{"rendered":"Grandmaster Repertoire: 1.e4 vs The French, Caro-Kann and Philidor"},"content":{"rendered":"<p>Autor: Parimarjan Negi<br \/>\nErscheinungsjahr: 2017<br \/>\nSprache: Englisch<br \/>\nSeiten: 600<br \/>\nFormat: 24 x 17 cm<br \/>\nEinband: Soft<\/p>\n<p>Seit ihrer Einf\u00fchrung im Jahr 2008 hat die Grandmaster Repertoire-Reihe einige der besten Er\u00f6ffnungsb\u00fccher der Welt hervorgebracht, aber ein Eliterepertoire mit 1.e4 hat immer gefehlt - bis jetzt.<\/p>\n<p>In der Reihe Grandmaster Repertoire - 1.e4 pr\u00e4sentiert der indische Superstar Parimarjan Negi sein eigenes Weltklasse-Repertoire. Aufbauend auf einem Fundament von bew\u00e4hrten Hauptlinien teilt der Autor eine F\u00fclle seiner innovativen Analysen, um einen Kurs in Richtung eines Vorteils f\u00fcr Wei\u00df zu zeichnen.<\/p>\n<p>Band Eins behandelt Franz\u00f6sisch, Caro-Kann und Philidor.<\/p>\n<p>Parimarjan Negi ist ein ehemaliges Wunderkind und der zweitj\u00fcngste Spieler aller Zeiten, der den Gro\u00dfmeistertitel erlangt hat. Er war 2012 Asienmeister und ist ein wichtiges Mitglied der indischen Nationalmannschaft, die bei der Tromson-Olympiade 2014 die Bronzemedaille gewann.<\/p>","protected":false},"excerpt":{"rendered":"<p><a href=\"https:\/\/chessgamesemporium.com\/wp-content\/uploads\/2023\/05\/GMRep-1e4-vol1-excerpt.pdf\" target=\"_blank\" rel=\"noopener\">pdf-Auszug<\/a><\/p>","protected":false},"featured_media":49785,"comment_status":"closed","ping_status":"closed","template":"","meta":{"_seopress_robots_primary_cat":"none","_seopress_titles_title":"","_seopress_titles_desc":"","_seopress_robots_index":""},"product_brand":[],"product_cat":[605,512],"product_tag":[],"class_list":{"0":"post-48839","1":"product","2":"type-product","3":"status-publish","4":"has-post-thumbnail","6":"product_cat-otvoritve","7":"product_cat-sahovske-knjige","8":"pa_avtor-parimarjan-negi","9":"pa_glavna-linija-1-e4-c6-2-d4-d5","10":"pa_glavna-linija-1-e4-e5-2-nf3-d6","11":"pa_glavna-linija-1-e4-e6-2-d4-d5","12":"pa_leto-izdaje-845","13":"pa_nivo-knjige-napredni","14":"pa_otvoritev-tema-caro-kann","15":"pa_otvoritev-tema-francoska","16":"pa_otvoritev-tema-philidor","17":"pa_stran-beli","18":"pa_tip-knjige-otvoritve","19":"pa_zalozba-quality-chess","21":"entry","22":"has-media","24":"first","25":"instock","26":"taxable","27":"shipping-taxable","28":"purchasable","29":"product-type-simple","30":"has-product-nav","31":"col","32":"span_1_of_4","33":"owp-content-center","34":"item-entry","35":"owp-thumbs-layout-horizontal","36":"owp-btn-normal","37":"owp-tabs-layout-section"},"wcpa_form_fields":null,"_links":{"self":[{"href":"https:\/\/chessgamesemporium.com\/de\/wp-json\/wp\/v2\/product\/48839","targetHints":{"allow":["GET"]}}],"collection":[{"href":"https:\/\/chessgamesemporium.com\/de\/wp-json\/wp\/v2\/product"}],"about":[{"href":"https:\/\/chessgamesemporium.com\/de\/wp-json\/wp\/v2\/types\/product"}],"replies":[{"embeddable":true,"href":"https:\/\/chessgamesemporium.com\/de\/wp-json\/wp\/v2\/comments?post=48839"}],"version-history":[{"count":0,"href":"https:\/\/chessgamesemporium.com\/de\/wp-json\/wp\/v2\/product\/48839\/revisions"}],"wp:featuredmedia":[{"embeddable":true,"href":"https:\/\/chessgamesemporium.com\/de\/wp-json\/wp\/v2\/media\/49785"}],"wp:attachment":[{"href":"https:\/\/chessgamesemporium.com\/de\/wp-json\/wp\/v2\/media?parent=48839"}],"wp:term":[{"taxonomy":"product_brand","embeddable":true,"href":"https:\/\/chessgamesemporium.com\/de\/wp-json\/wp\/v2\/product_brand?post=48839"},{"taxonomy":"product_cat","embeddable":true,"href":"https:\/\/chessgamesemporium.com\/de\/wp-json\/wp\/v2\/product_cat?post=48839"},{"taxonomy":"product_tag","embeddable":true,"href":"https:\/\/chessgamesemporium.com\/de\/wp-json\/wp\/v2\/product_tag?post=48839"}],"curies":[{"name":"wp","href":"https:\/\/api.w.org\/{rel}","templated":true}]}}