{"id":48929,"date":"2023-05-29T08:37:10","date_gmt":"2023-05-29T08:37:10","guid":{"rendered":"https:\/\/www.ivh44.si\/Ponudbe\/chess\/?post_type=product&#038;p=48929"},"modified":"2026-03-06T09:04:34","modified_gmt":"2026-03-06T09:04:34","slug":"magnus-carlsens-middlegame-evolution","status":"publish","type":"product","link":"https:\/\/chessgamesemporium.com\/de\/shop\/schachbucher\/strategie-und-taktik\/magnus-carlsens-middlegame-evolution\/","title":{"rendered":"Magnus Carlsen&#8217;s Middlegame Evolution"},"content":{"rendered":"<p>Autor: Ivan Sokolov<br \/>\nErscheinungsjahr: 2022<br \/>\nSprache: Englisch<br \/>\nSeiten: 280<br \/>\nFormat: 24 x 17 cm<br \/>\nEinband: Soft<\/p>\n<p>Magnus Carlsens Beherrschung des Mittelspiels ist erstaunlich, selbst nach den Ma\u00dfst\u00e4ben von Weltmeistern. Aber wie hat sich diese St\u00e4rke entwickelt, und was k\u00f6nnen wir anderen davon lernen? Um die Geheimnisse zu erkl\u00e4ren, bedarf es eines weiteren Elite-Gro\u00dfmeisters, und Ivan Sokolov ist f\u00fcr diese Rolle perfekt qualifiziert.<\/p>\n<p>Magnus Carlsen's Middlegame Evolution  erm\u00f6glicht es dem Leser, die Brillanz des h\u00f6chstbewerteten Schachspielers der Geschichte zu feiern und gleichzeitig von seinem Beispiel zu lernen. Mit aufschlussreichen kommentierten Partien nimmt uns Sokolov mit in die Gedankenwelt eines Schachgenies.<\/p>\n<p>GM Ivan Sokolov ist ein jugoslawischer und zweimaliger niederl\u00e4ndischer Meister mit jahrzehntelanger Erfahrung im Eliteschach. Seine h\u00f6chste Wertungszahl lag bei \u00fcber 2700, und zu seiner umfangreichen Liste von Siegen geh\u00f6ren Kasparov, Kramnik und Anand.<\/p>\n<p>&nbsp;<\/p>","protected":false},"excerpt":{"rendered":"<p><a href=\"https:\/\/chessgamesemporium.com\/wp-content\/uploads\/2023\/05\/MagnusCarlsensMiddlegameEvolution-excerpt.pdf\" target=\"_blank\" rel=\"noopener\">pdf-Auszug<\/a><\/p>","protected":false},"featured_media":48939,"comment_status":"closed","ping_status":"closed","template":"","meta":{"_seopress_robots_primary_cat":"none","_seopress_titles_title":"","_seopress_titles_desc":"","_seopress_robots_index":""},"product_brand":[],"product_cat":[608,512],"product_tag":[],"class_list":{"0":"post-48929","1":"product","2":"type-product","3":"status-publish","4":"has-post-thumbnail","6":"product_cat-strategija-in-taktika","7":"product_cat-sahovske-knjige","8":"pa_avtor-ivan-sokolov","9":"pa_leto-izdaje-747","10":"pa_nivo-knjige-srednji","11":"pa_stran-oboje-nevtralno","12":"pa_tip-knjige-srednja-igra-strategija","13":"pa_zalozba-quality-chess","15":"entry","16":"has-media","18":"first","19":"instock","20":"taxable","21":"shipping-taxable","22":"purchasable","23":"product-type-simple","24":"has-product-nav","25":"col","26":"span_1_of_4","27":"owp-content-center","28":"item-entry","29":"owp-thumbs-layout-horizontal","30":"owp-btn-normal","31":"owp-tabs-layout-section"},"wcpa_form_fields":null,"_links":{"self":[{"href":"https:\/\/chessgamesemporium.com\/de\/wp-json\/wp\/v2\/product\/48929","targetHints":{"allow":["GET"]}}],"collection":[{"href":"https:\/\/chessgamesemporium.com\/de\/wp-json\/wp\/v2\/product"}],"about":[{"href":"https:\/\/chessgamesemporium.com\/de\/wp-json\/wp\/v2\/types\/product"}],"replies":[{"embeddable":true,"href":"https:\/\/chessgamesemporium.com\/de\/wp-json\/wp\/v2\/comments?post=48929"}],"version-history":[{"count":0,"href":"https:\/\/chessgamesemporium.com\/de\/wp-json\/wp\/v2\/product\/48929\/revisions"}],"wp:featuredmedia":[{"embeddable":true,"href":"https:\/\/chessgamesemporium.com\/de\/wp-json\/wp\/v2\/media\/48939"}],"wp:attachment":[{"href":"https:\/\/chessgamesemporium.com\/de\/wp-json\/wp\/v2\/media?parent=48929"}],"wp:term":[{"taxonomy":"product_brand","embeddable":true,"href":"https:\/\/chessgamesemporium.com\/de\/wp-json\/wp\/v2\/product_brand?post=48929"},{"taxonomy":"product_cat","embeddable":true,"href":"https:\/\/chessgamesemporium.com\/de\/wp-json\/wp\/v2\/product_cat?post=48929"},{"taxonomy":"product_tag","embeddable":true,"href":"https:\/\/chessgamesemporium.com\/de\/wp-json\/wp\/v2\/product_tag?post=48929"}],"curies":[{"name":"wp","href":"https:\/\/api.w.org\/{rel}","templated":true}]}}