{"id":48933,"date":"2023-05-29T09:56:45","date_gmt":"2023-05-29T09:56:45","guid":{"rendered":"https:\/\/www.ivh44.si\/Ponudbe\/chess\/?post_type=product&#038;p=48933"},"modified":"2026-03-11T12:35:07","modified_gmt":"2026-03-11T12:35:07","slug":"the-secret-ingridient","status":"publish","type":"product","link":"https:\/\/chessgamesemporium.com\/de\/shop\/schachbucher\/strategie-und-taktik\/the-secret-ingridient\/","title":{"rendered":"The Secret Ingredient: To Winning at Chess"},"content":{"rendered":"<p>Autor: Jan Markos, David Navara<br \/>\nErscheinungsjahr: 2021<br \/>\nSprache: Englisch<br \/>\nSeiten: 224<br \/>\nFormat: 24 x 17 cm<br \/>\nEiband: Hart<\/p>\n<p>The Secret Ingredient ist ein gro\u00dfmeisterlicher Leitfaden zur Maximierung Ihrer Schachergebnisse, der sich auf Schl\u00fcsselelemente des praktischen Spiels konzentriert, die in der bisherigen Schachliteratur wenig bis gar keine Beachtung gefunden haben.<\/p>\n<p>Wie genau k\u00f6nnen wir den Computer am besten nutzen? Wie bereitet man sich am besten Schritt f\u00fcr Schritt auf einen bestimmten Gegner vor? Wie k\u00f6nnen wir unser Zeitmanagement am Brett optimieren? Und was ist die eine Schl\u00fcsself\u00e4higkeit, die die besten Spieler von denen unterscheidet, die ihr volles Potenzial noch nicht erreicht haben? GM Jan Markos beleuchtet diese und viele weitere Themen, unterst\u00fctzt von den Weltklasse-Erkenntnissen seines guten Freundes GM David Navara.<\/p>\n<p>Jan Markos ist ein slowakischer Gro\u00dfmeister und Trainer. Sein letztes Buch, Under the Surface, wurde vom englischen Schachverband zum Buch des Jahres 2018 gek\u00fcrt.<\/p>\n<p>David Navara ist zehnfacher tschechischer Meister und ein Weltklasse-Gro\u00dfmeister. Er ist bekannt daf\u00fcr, dass er Kampfgeist mit herausragendem Sportsgeist verbindet.<\/p>","protected":false},"excerpt":{"rendered":"<p><a href=\"https:\/\/chessgamesemporium.com\/wp-content\/uploads\/2023\/05\/TheSecretIngredient-excerpt.pdf\" target=\"_blank\" rel=\"noopener\">pdf-Auszug<\/a><\/p>","protected":false},"featured_media":48945,"comment_status":"closed","ping_status":"closed","template":"","meta":{"_seopress_robots_primary_cat":"none","_seopress_titles_title":"","_seopress_titles_desc":"%%post_content%%","_seopress_robots_index":""},"product_brand":[],"product_cat":[512,608],"product_tag":[],"class_list":{"0":"post-48933","1":"product","2":"type-product","3":"status-publish","4":"has-post-thumbnail","6":"product_cat-sahovske-knjige","7":"product_cat-strategija-in-taktika","8":"pa_avtor-david-navara","9":"pa_avtor-jan-markos","10":"pa_leto-izdaje-745","11":"pa_nivo-knjige-srednji","12":"pa_stran-oboje-nevtralno","13":"pa_tip-knjige-srednja-igra-strategija","14":"pa_zalozba-quality-chess","16":"entry","17":"has-media","19":"first","20":"instock","21":"taxable","22":"shipping-taxable","23":"purchasable","24":"product-type-variable","25":"has-product-nav","26":"col","27":"span_1_of_4","28":"owp-content-center","29":"item-entry","30":"owp-thumbs-layout-horizontal","31":"owp-btn-normal","32":"owp-tabs-layout-section","33":"has-no-thumbnails"},"wcpa_form_fields":null,"_links":{"self":[{"href":"https:\/\/chessgamesemporium.com\/de\/wp-json\/wp\/v2\/product\/48933","targetHints":{"allow":["GET"]}}],"collection":[{"href":"https:\/\/chessgamesemporium.com\/de\/wp-json\/wp\/v2\/product"}],"about":[{"href":"https:\/\/chessgamesemporium.com\/de\/wp-json\/wp\/v2\/types\/product"}],"replies":[{"embeddable":true,"href":"https:\/\/chessgamesemporium.com\/de\/wp-json\/wp\/v2\/comments?post=48933"}],"version-history":[{"count":0,"href":"https:\/\/chessgamesemporium.com\/de\/wp-json\/wp\/v2\/product\/48933\/revisions"}],"wp:featuredmedia":[{"embeddable":true,"href":"https:\/\/chessgamesemporium.com\/de\/wp-json\/wp\/v2\/media\/48945"}],"wp:attachment":[{"href":"https:\/\/chessgamesemporium.com\/de\/wp-json\/wp\/v2\/media?parent=48933"}],"wp:term":[{"taxonomy":"product_brand","embeddable":true,"href":"https:\/\/chessgamesemporium.com\/de\/wp-json\/wp\/v2\/product_brand?post=48933"},{"taxonomy":"product_cat","embeddable":true,"href":"https:\/\/chessgamesemporium.com\/de\/wp-json\/wp\/v2\/product_cat?post=48933"},{"taxonomy":"product_tag","embeddable":true,"href":"https:\/\/chessgamesemporium.com\/de\/wp-json\/wp\/v2\/product_tag?post=48933"}],"curies":[{"name":"wp","href":"https:\/\/api.w.org\/{rel}","templated":true}]}}