{"id":48951,"date":"2023-05-29T10:09:35","date_gmt":"2023-05-29T10:09:35","guid":{"rendered":"https:\/\/www.ivh44.si\/Ponudbe\/chess\/?post_type=product&#038;p=48951"},"modified":"2026-03-12T08:03:08","modified_gmt":"2026-03-12T08:03:08","slug":"small-steps-2-success","status":"publish","type":"product","link":"https:\/\/chessgamesemporium.com\/de\/shop\/schachbucher\/strategie-und-taktik\/small-steps-2-success\/","title":{"rendered":"SMALL STEPS 2 SUCCESS"},"content":{"rendered":"<p>Autor: Sam Shankland<br \/>\nErscheinungsjahr: 2019<br \/>\nSprache: Englisch<br \/>\nSeiten: 360<br \/>\nFormat: 24 x 17 cm<br \/>\nEinband: Soft<\/p>\n<p>Das Bauernspiel ist ein grundlegender Aspekt der Schachstrategie, wird aber in der Schachliteratur oft vernachl\u00e4ssigt. In diesem, seinem zweiten Buch \u00fcber das Bauernspiel, beleuchtet Super-GM Sam Shankland das wichtige Thema der passierten Bauern.<\/p>\n<p>Vorbeiziehende Bauern - ob verbunden, alleinstehend oder gesch\u00fctzt - kommen in Mittel- und Endspielen h\u00e4ufig vor, und Ihre Effektivit\u00e4t beim Spiel mit oder gegen sie wird den Unterschied zwischen Sieg und Niederlage ausmachen. Genau wie in seinem vorherigen Buch unterteilt Shankland jedes Thema in eine Reihe von kristallklaren Richtlinien, um dem Leser zu helfen.<\/p>\n<p>Sam Shankland ist Gro\u00dfmeister und st\u00e4ndiges Mitglied der US-Nationalmannschaft, wo er 2014 eine Einzel-Goldmedaille und 2016 Mannschafts-Gold gewann. In den Jahren 2015 und 2017 spielte er an Brett 1 f\u00fcr das US-Team bei der Mannschaftsweltmeisterschaft. Im April 2018 wurde er US-Meister. Dies ist sein erstes Buch.<\/p>","protected":false},"excerpt":{"rendered":"<p><a href=\"https:\/\/chessgamesemporium.com\/wp-content\/uploads\/2023\/05\/SmallSteps2Success-excerpt.pdf\" target=\"_blank\" rel=\"noopener\">pdf-Auszug<\/a><\/p>","protected":false},"featured_media":48965,"comment_status":"closed","ping_status":"closed","template":"","meta":{"_seopress_robots_primary_cat":"none","_seopress_titles_title":"","_seopress_titles_desc":"","_seopress_robots_index":""},"product_brand":[],"product_cat":[608,512],"product_tag":[],"class_list":{"0":"post-48951","1":"product","2":"type-product","3":"status-publish","4":"has-post-thumbnail","6":"product_cat-strategija-in-taktika","7":"product_cat-sahovske-knjige","8":"pa_avtor-sam-shankland","9":"pa_leto-izdaje-820","10":"pa_nivo-knjige-srednji","11":"pa_stran-oboje-nevtralno","12":"pa_tip-knjige-srednja-igra-strategija","13":"pa_zalozba-quality-chess","15":"entry","16":"has-media","18":"first","19":"instock","20":"taxable","21":"shipping-taxable","22":"purchasable","23":"product-type-simple","24":"has-product-nav","25":"col","26":"span_1_of_4","27":"owp-content-center","28":"item-entry","29":"owp-thumbs-layout-horizontal","30":"owp-btn-normal","31":"owp-tabs-layout-section"},"wcpa_form_fields":null,"_links":{"self":[{"href":"https:\/\/chessgamesemporium.com\/de\/wp-json\/wp\/v2\/product\/48951","targetHints":{"allow":["GET"]}}],"collection":[{"href":"https:\/\/chessgamesemporium.com\/de\/wp-json\/wp\/v2\/product"}],"about":[{"href":"https:\/\/chessgamesemporium.com\/de\/wp-json\/wp\/v2\/types\/product"}],"replies":[{"embeddable":true,"href":"https:\/\/chessgamesemporium.com\/de\/wp-json\/wp\/v2\/comments?post=48951"}],"version-history":[{"count":0,"href":"https:\/\/chessgamesemporium.com\/de\/wp-json\/wp\/v2\/product\/48951\/revisions"}],"wp:featuredmedia":[{"embeddable":true,"href":"https:\/\/chessgamesemporium.com\/de\/wp-json\/wp\/v2\/media\/48965"}],"wp:attachment":[{"href":"https:\/\/chessgamesemporium.com\/de\/wp-json\/wp\/v2\/media?parent=48951"}],"wp:term":[{"taxonomy":"product_brand","embeddable":true,"href":"https:\/\/chessgamesemporium.com\/de\/wp-json\/wp\/v2\/product_brand?post=48951"},{"taxonomy":"product_cat","embeddable":true,"href":"https:\/\/chessgamesemporium.com\/de\/wp-json\/wp\/v2\/product_cat?post=48951"},{"taxonomy":"product_tag","embeddable":true,"href":"https:\/\/chessgamesemporium.com\/de\/wp-json\/wp\/v2\/product_tag?post=48951"}],"curies":[{"name":"wp","href":"https:\/\/api.w.org\/{rel}","templated":true}]}}