{"id":48954,"date":"2023-05-29T10:45:26","date_gmt":"2023-05-29T10:45:26","guid":{"rendered":"https:\/\/www.ivh44.si\/Ponudbe\/chess\/?post_type=product&#038;p=48954"},"modified":"2026-03-06T09:05:07","modified_gmt":"2026-03-06T09:05:07","slug":"small-steps-to-giant-improvement","status":"publish","type":"product","link":"https:\/\/chessgamesemporium.com\/de\/shop\/schachbucher\/strategie-und-taktik\/small-steps-to-giant-improvement\/","title":{"rendered":"SMALL STEPS To GIANT IMPROVEMENT"},"content":{"rendered":"<p>Autor: Sam Shankland<br \/>\nErscheinungsjahr: 2018<br \/>\nSprache: Englisch<br \/>\nSeiten: 336<br \/>\nFormat: 24 x 17 cm<br \/>\nEinband: Kartoniert<\/p>\n<p>Beim Schach kann man seinen Zug nicht zur\u00fccknehmen, aber man kann eine verstellte Figur immer wieder auf ihr fr\u00fcheres Feld zur\u00fccksetzen, was einige Zeit kostet. Bauern hingegen k\u00f6nnen sich niemals r\u00fcckw\u00e4rts bewegen, was Bauernz\u00fcge zu wirklich dauerhaften Entscheidungen macht.<\/p>\n<p>Diese Unumkehrbarkeit macht das Bauernspiel zu einem der schwierigsten Aspekte der Schachstrategie, was ein Grund daf\u00fcr ist, dass nur wenige B\u00fccher \u00fcber dieses Thema geschrieben wurden - und die, die es gibt, sind fast unverst\u00e4ndlich. Der zweifache Olympiasieger Sam Shankland ist den umgekehrten Weg gegangen und hat die Prinzipien des Bauernspiels auf grundlegende, leicht verst\u00e4ndliche Richtlinien heruntergebrochen, die jeder Schachspieler kennen sollte. Shankland beginnt mit extrem einfachen Beispielen, hebt dann aber das Niveau an und illustriert die Universalit\u00e4t der Richtlinien des Buches, indem er zeigt, wie Gro\u00dfmeister bessere Entscheidungen h\u00e4tten treffen k\u00f6nnen, wenn sie sie angewendet h\u00e4tten.<\/p>\n<p>Sam Shankland ist Gro\u00dfmeister und st\u00e4ndiges Mitglied der US-Nationalmannschaft, wo er 2014 eine Einzel-Goldmedaille und 2016 Mannschafts-Gold gewann. In den Jahren 2015 und 2017 spielte er an Brett 1 f\u00fcr das US-Team bei der Mannschaftsweltmeisterschaft. Im April 2018 wurde er US-Meister. Dies ist sein erstes Buch.<\/p>","protected":false},"excerpt":{"rendered":"<p><a href=\"https:\/\/chessgamesemporium.com\/wp-content\/uploads\/2023\/05\/SmallStepstoGiantImprovement-excerpt.pdf\" target=\"_blank\" rel=\"noopener\">pdf-Auszug<\/a><\/p>","protected":false},"featured_media":48971,"comment_status":"closed","ping_status":"closed","template":"","meta":{"_seopress_robots_primary_cat":"none","_seopress_titles_title":"","_seopress_titles_desc":"","_seopress_robots_index":""},"product_brand":[],"product_cat":[608,512],"product_tag":[],"class_list":{"0":"post-48954","1":"product","2":"type-product","3":"status-publish","4":"has-post-thumbnail","6":"product_cat-strategija-in-taktika","7":"product_cat-sahovske-knjige","8":"pa_avtor-sam-shankland","9":"pa_leto-izdaje-837","10":"pa_nivo-knjige-srednji","11":"pa_stran-oboje-nevtralno","12":"pa_tip-knjige-srednja-igra-strategija","13":"pa_zalozba-quality-chess","15":"entry","16":"has-media","18":"first","19":"instock","20":"taxable","21":"shipping-taxable","22":"purchasable","23":"product-type-simple","24":"has-product-nav","25":"col","26":"span_1_of_4","27":"owp-content-center","28":"item-entry","29":"owp-thumbs-layout-horizontal","30":"owp-btn-normal","31":"owp-tabs-layout-section"},"wcpa_form_fields":null,"_links":{"self":[{"href":"https:\/\/chessgamesemporium.com\/de\/wp-json\/wp\/v2\/product\/48954","targetHints":{"allow":["GET"]}}],"collection":[{"href":"https:\/\/chessgamesemporium.com\/de\/wp-json\/wp\/v2\/product"}],"about":[{"href":"https:\/\/chessgamesemporium.com\/de\/wp-json\/wp\/v2\/types\/product"}],"replies":[{"embeddable":true,"href":"https:\/\/chessgamesemporium.com\/de\/wp-json\/wp\/v2\/comments?post=48954"}],"version-history":[{"count":0,"href":"https:\/\/chessgamesemporium.com\/de\/wp-json\/wp\/v2\/product\/48954\/revisions"}],"wp:featuredmedia":[{"embeddable":true,"href":"https:\/\/chessgamesemporium.com\/de\/wp-json\/wp\/v2\/media\/48971"}],"wp:attachment":[{"href":"https:\/\/chessgamesemporium.com\/de\/wp-json\/wp\/v2\/media?parent=48954"}],"wp:term":[{"taxonomy":"product_brand","embeddable":true,"href":"https:\/\/chessgamesemporium.com\/de\/wp-json\/wp\/v2\/product_brand?post=48954"},{"taxonomy":"product_cat","embeddable":true,"href":"https:\/\/chessgamesemporium.com\/de\/wp-json\/wp\/v2\/product_cat?post=48954"},{"taxonomy":"product_tag","embeddable":true,"href":"https:\/\/chessgamesemporium.com\/de\/wp-json\/wp\/v2\/product_tag?post=48954"}],"curies":[{"name":"wp","href":"https:\/\/api.w.org\/{rel}","templated":true}]}}