{"id":48979,"date":"2023-05-29T11:34:14","date_gmt":"2023-05-29T11:34:14","guid":{"rendered":"https:\/\/www.ivh44.si\/Ponudbe\/chess\/?post_type=product&#038;p=48979"},"modified":"2026-03-11T12:43:40","modified_gmt":"2026-03-11T12:43:40","slug":"strategic-play","status":"publish","type":"product","link":"https:\/\/chessgamesemporium.com\/de\/shop\/schachbucher\/strategie-und-taktik\/strategic-play\/","title":{"rendered":"STRATEGIC PLAY"},"content":{"rendered":"<p>Autor: Jacob Aagaard<br \/>\nErscheinungsjahr: 2013<br \/>\nSprache: Englisch<br \/>\nSeiten: 304<br \/>\nFormat: 24 x 17 cm<br \/>\nEinband: Soft<\/p>\n<p>In Strategic Play dringt Jacob Aagaard tief in den komplexesten Bereich des Schachdenkens ein. Die Partien und \u00dcbungen in diesem Buch gehen \u00fcber die normalen Schachfertigkeiten wie Mustererkennung, Berechnung und Stellungsanalyse hinaus. Aufbauend auf den beiden vorangegangenen B\u00fcchern der Gro\u00dfmeister-Vorbereitungsserie fordert dieses Buch den Leser heraus, die Komplexit\u00e4t des Schachs zu erforschen und bietet Klarheit und Verst\u00e4ndnis durch Aagaards geradlinigen Ansatz.<\/p>\n<p>Gro\u00dfmeister Jacob Aagaard gewann die Britische Meisterschaft bei seinem ersten und einzigen Versuch. Er erhielt die Auszeichnungen Guardian, ECF und ChessCafe Book of the Year und den FIDE Senior Trainer Titel. Sein Trainingsmaterial wird von Amateuren und Gro\u00dfmeistern gleicherma\u00dfen verwendet.<\/p>","protected":false},"excerpt":{"rendered":"<p><a href=\"https:\/\/chessgamesemporium.com\/wp-content\/uploads\/2023\/05\/StrategicPlay-excerpt.pdf\" target=\"_blank\" rel=\"noopener\">pdf-Auszug<\/a><\/p>","protected":false},"featured_media":49007,"comment_status":"closed","ping_status":"closed","template":"","meta":{"_seopress_robots_primary_cat":"none","_seopress_titles_title":"","_seopress_titles_desc":"","_seopress_robots_index":""},"product_brand":[],"product_cat":[512,608],"product_tag":[],"class_list":{"0":"post-48979","1":"product","2":"type-product","3":"status-publish","4":"has-post-thumbnail","6":"product_cat-sahovske-knjige","7":"product_cat-strategija-in-taktika","8":"pa_avtor-jacob-aagaard","9":"pa_leto-izdaje-883","10":"pa_nivo-knjige-napredni","11":"pa_stran-oboje-nevtralno","12":"pa_tip-knjige-trening-vaje","13":"pa_zalozba-quality-chess","15":"entry","16":"has-media","18":"first","19":"instock","20":"taxable","21":"shipping-taxable","22":"purchasable","23":"product-type-simple","24":"has-product-nav","25":"col","26":"span_1_of_4","27":"owp-content-center","28":"item-entry","29":"owp-thumbs-layout-horizontal","30":"owp-btn-normal","31":"owp-tabs-layout-section"},"wcpa_form_fields":null,"_links":{"self":[{"href":"https:\/\/chessgamesemporium.com\/de\/wp-json\/wp\/v2\/product\/48979","targetHints":{"allow":["GET"]}}],"collection":[{"href":"https:\/\/chessgamesemporium.com\/de\/wp-json\/wp\/v2\/product"}],"about":[{"href":"https:\/\/chessgamesemporium.com\/de\/wp-json\/wp\/v2\/types\/product"}],"replies":[{"embeddable":true,"href":"https:\/\/chessgamesemporium.com\/de\/wp-json\/wp\/v2\/comments?post=48979"}],"version-history":[{"count":0,"href":"https:\/\/chessgamesemporium.com\/de\/wp-json\/wp\/v2\/product\/48979\/revisions"}],"wp:featuredmedia":[{"embeddable":true,"href":"https:\/\/chessgamesemporium.com\/de\/wp-json\/wp\/v2\/media\/49007"}],"wp:attachment":[{"href":"https:\/\/chessgamesemporium.com\/de\/wp-json\/wp\/v2\/media?parent=48979"}],"wp:term":[{"taxonomy":"product_brand","embeddable":true,"href":"https:\/\/chessgamesemporium.com\/de\/wp-json\/wp\/v2\/product_brand?post=48979"},{"taxonomy":"product_cat","embeddable":true,"href":"https:\/\/chessgamesemporium.com\/de\/wp-json\/wp\/v2\/product_cat?post=48979"},{"taxonomy":"product_tag","embeddable":true,"href":"https:\/\/chessgamesemporium.com\/de\/wp-json\/wp\/v2\/product_tag?post=48979"}],"curies":[{"name":"wp","href":"https:\/\/api.w.org\/{rel}","templated":true}]}}