{"id":49018,"date":"2023-05-30T11:07:48","date_gmt":"2023-05-30T11:07:48","guid":{"rendered":"https:\/\/www.ivh44.si\/Ponudbe\/chess\/?post_type=product&#038;p=49018"},"modified":"2026-03-11T07:44:56","modified_gmt":"2026-03-11T07:44:56","slug":"soviet-chess-strategy","status":"publish","type":"product","link":"https:\/\/chessgamesemporium.com\/de\/shop\/schachbucher\/strategie-und-taktik\/soviet-chess-strategy\/","title":{"rendered":"SOVIET CHESS STRATEGY"},"content":{"rendered":"<p>Autor: Alexey Suetin<br \/>\nErscheinungsjahr: 2010<br \/>\nSprache: Englisch<br \/>\nSeiten: 240<br \/>\nFormat: 24 x 17 cm<br \/>\nEinband: Kartoniert<\/p>\n<p>Die Sowjetunion ist Geschichte, aber ihr Einfluss auf das Schach ist auch im 21. Jahrhundert noch stark, wie ein Blick auf die Ratingliste beweist.<\/p>\n<p>Der verstorbene Alexey Suetin war bestens geeignet, die strategischen Geheimnisse der sowjetischen Schachschule zu enth\u00fcllen. Suetin war ein starker Gro\u00dfmeister und viele Jahre lang einer der angesehensten Trainer in Moskau - er f\u00fchrte den ultimativen Strategen, Tigran Petrosian, zur Weltmeisterschaft und z\u00e4hlte Wassili Iwantschuk zu seinen vielen anderen Sch\u00fclern.<\/p>\n<p>Soviet Chess Strategy ist eine Sammlung von Suetins besten Texten. Suetin unterrichtet den Leser \u00fcber alle Schl\u00fcsselaspekte des strategischen Spiels, einschlie\u00dflich des Zentrums, der Dynamik, der genauen Bewertung, des Angriffs und der Verteidigung und der Beziehung zwischen Strategie und Taktik. Es ist noch nicht zu sp\u00e4t, Sch\u00fcler der sowjetischen Schachschule zu werden!<\/p>","protected":false},"excerpt":{"rendered":"<p><a href=\"https:\/\/chessgamesemporium.com\/wp-content\/uploads\/2023\/05\/SovietChessStrategyexcerpt.pdf\" target=\"_blank\" rel=\"noopener\">pdf-Auszug<\/a><\/p>","protected":false},"featured_media":49034,"comment_status":"closed","ping_status":"closed","template":"","meta":{"_seopress_robots_primary_cat":"none","_seopress_titles_title":"","_seopress_titles_desc":"","_seopress_robots_index":""},"product_brand":[],"product_cat":[608,512],"product_tag":[],"class_list":{"0":"post-49018","1":"product","2":"type-product","3":"status-publish","4":"has-post-thumbnail","6":"product_cat-strategija-in-taktika","7":"product_cat-sahovske-knjige","8":"pa_avtor-alexey-suetin","9":"pa_leto-izdaje-989","10":"pa_nivo-knjige-srednji","11":"pa_stran-oboje-nevtralno","12":"pa_tip-knjige-srednja-igra-strategija","13":"pa_zalozba-dover","15":"entry","16":"has-media","18":"first","19":"instock","20":"taxable","21":"shipping-taxable","22":"purchasable","23":"product-type-simple","24":"has-product-nav","25":"col","26":"span_1_of_4","27":"owp-content-center","28":"item-entry","29":"owp-thumbs-layout-horizontal","30":"owp-btn-normal","31":"owp-tabs-layout-section","32":"has-no-thumbnails"},"wcpa_form_fields":null,"_links":{"self":[{"href":"https:\/\/chessgamesemporium.com\/de\/wp-json\/wp\/v2\/product\/49018","targetHints":{"allow":["GET"]}}],"collection":[{"href":"https:\/\/chessgamesemporium.com\/de\/wp-json\/wp\/v2\/product"}],"about":[{"href":"https:\/\/chessgamesemporium.com\/de\/wp-json\/wp\/v2\/types\/product"}],"replies":[{"embeddable":true,"href":"https:\/\/chessgamesemporium.com\/de\/wp-json\/wp\/v2\/comments?post=49018"}],"version-history":[{"count":0,"href":"https:\/\/chessgamesemporium.com\/de\/wp-json\/wp\/v2\/product\/49018\/revisions"}],"wp:featuredmedia":[{"embeddable":true,"href":"https:\/\/chessgamesemporium.com\/de\/wp-json\/wp\/v2\/media\/49034"}],"wp:attachment":[{"href":"https:\/\/chessgamesemporium.com\/de\/wp-json\/wp\/v2\/media?parent=49018"}],"wp:term":[{"taxonomy":"product_brand","embeddable":true,"href":"https:\/\/chessgamesemporium.com\/de\/wp-json\/wp\/v2\/product_brand?post=49018"},{"taxonomy":"product_cat","embeddable":true,"href":"https:\/\/chessgamesemporium.com\/de\/wp-json\/wp\/v2\/product_cat?post=49018"},{"taxonomy":"product_tag","embeddable":true,"href":"https:\/\/chessgamesemporium.com\/de\/wp-json\/wp\/v2\/product_tag?post=49018"}],"curies":[{"name":"wp","href":"https:\/\/api.w.org\/{rel}","templated":true}]}}