{"id":49025,"date":"2023-05-30T12:33:20","date_gmt":"2023-05-30T12:33:20","guid":{"rendered":"https:\/\/www.ivh44.si\/Ponudbe\/chess\/?post_type=product&#038;p=49025"},"modified":"2026-03-06T10:30:29","modified_gmt":"2026-03-06T10:30:29","slug":"thinking-inside-the-box","status":"publish","type":"product","link":"https:\/\/chessgamesemporium.com\/de\/shop\/schachbucher\/strategie-und-taktik\/thinking-inside-the-box\/","title":{"rendered":"THINKING INSIDE the BOX"},"content":{"rendered":"<p>Autor: Jacob Aagaard<br \/>\nErscheinungsjahr: 2018<br \/>\nSprache: Englisch<br \/>\nSeiten: 408<br \/>\nFormat: 24 x 17 cm<br \/>\nEinband: Soft<\/p>\n<p>Grandmaster Preparation THINKING INSIDE the BOX<\/p>\n<p>In Thinking Inside the Box beschreibt Jacob Aagaard seine Philosophie der Schachverbesserung, die er in mehr als zwanzig Jahren des Nachdenkens \u00fcber eine einzige Frage entwickelt hat: Wie k\u00f6nnen wir bessere Entscheidungen am Schachbrett treffen?<\/p>\n<p>Als letzter Band der preisgekr\u00f6nten Gro\u00dfmeister-Vorbereitungsserie vereint dieses Buch die Konzepte der vorherigen f\u00fcnf B\u00fccher und befasst sich mit Themen wie:<\/p>\n<p>- Schachpsychologie<br \/>\n- Die vier Arten von Entscheidungen, die wir am Brett treffen<br \/>\n- Wie man einfache Stellungen spielt<br \/>\n- Was ist Berechnung?<br \/>\n- Wie Sie Ihre Partien analysieren<br \/>\n- Und vieles mehr<\/p>\n<p>Thinking Inside the Box ist der ultimative Leitfaden zur Selbstverbesserung, der sowohl f\u00fcr Amateure als auch f\u00fcr Weltklassespieler geschrieben wurde.<\/p>\n<p>Gro\u00dfmeister Jacob Aagaard gewann die Britische Meisterschaft bei seinem ersten und einzigen Versuch. Er erhielt die Auszeichnungen Guardian, ECF und ChessCafe Book of the Year und den FIDE Senior Trainer Titel. Sein Trainingsmaterial wird von Amateuren und Gro\u00dfmeistern gleicherma\u00dfen verwendet.<\/p>\n<p>Nicht sicher, ob dieses Buch zu deinem Spielniveau passt?<br \/>\nLies unseren Leitfaden, <a href=\"https:\/\/chessgamesemporium.com\/de\/kako-izbrati-pravo-sahovsko-knjigo-za-napredovanje\/\">wie du das richtige Schachbuch zur Verbesserung ausw\u00e4hlst<\/a><\/p>","protected":false},"excerpt":{"rendered":"<p><a href=\"https:\/\/chessgamesemporium.com\/wp-content\/uploads\/2023\/05\/Thinking_Inside_the_Box-excerpt.pdf\" target=\"_blank\" rel=\"noopener\">pdf-Auszug<\/a><\/p>","protected":false},"featured_media":49048,"comment_status":"closed","ping_status":"closed","template":"","meta":{"_seopress_robots_primary_cat":"none","_seopress_titles_title":"","_seopress_titles_desc":"","_seopress_robots_index":""},"product_brand":[],"product_cat":[608,512],"product_tag":[],"class_list":{"0":"post-49025","1":"product","2":"type-product","3":"status-publish","4":"has-post-thumbnail","6":"product_cat-strategija-in-taktika","7":"product_cat-sahovske-knjige","8":"pa_avtor-jacob-aagaard","9":"pa_leto-izdaje-837","10":"pa_nivo-knjige-napredni","11":"pa_stran-oboje-nevtralno","12":"pa_tip-knjige-trening-vaje","13":"pa_zalozba-quality-chess","15":"entry","16":"has-media","18":"first","19":"instock","20":"taxable","21":"shipping-taxable","22":"purchasable","23":"product-type-simple","24":"has-product-nav","25":"col","26":"span_1_of_4","27":"owp-content-center","28":"item-entry","29":"owp-thumbs-layout-horizontal","30":"owp-btn-normal","31":"owp-tabs-layout-section"},"wcpa_form_fields":null,"_links":{"self":[{"href":"https:\/\/chessgamesemporium.com\/de\/wp-json\/wp\/v2\/product\/49025","targetHints":{"allow":["GET"]}}],"collection":[{"href":"https:\/\/chessgamesemporium.com\/de\/wp-json\/wp\/v2\/product"}],"about":[{"href":"https:\/\/chessgamesemporium.com\/de\/wp-json\/wp\/v2\/types\/product"}],"replies":[{"embeddable":true,"href":"https:\/\/chessgamesemporium.com\/de\/wp-json\/wp\/v2\/comments?post=49025"}],"version-history":[{"count":0,"href":"https:\/\/chessgamesemporium.com\/de\/wp-json\/wp\/v2\/product\/49025\/revisions"}],"wp:featuredmedia":[{"embeddable":true,"href":"https:\/\/chessgamesemporium.com\/de\/wp-json\/wp\/v2\/media\/49048"}],"wp:attachment":[{"href":"https:\/\/chessgamesemporium.com\/de\/wp-json\/wp\/v2\/media?parent=49025"}],"wp:term":[{"taxonomy":"product_brand","embeddable":true,"href":"https:\/\/chessgamesemporium.com\/de\/wp-json\/wp\/v2\/product_brand?post=49025"},{"taxonomy":"product_cat","embeddable":true,"href":"https:\/\/chessgamesemporium.com\/de\/wp-json\/wp\/v2\/product_cat?post=49025"},{"taxonomy":"product_tag","embeddable":true,"href":"https:\/\/chessgamesemporium.com\/de\/wp-json\/wp\/v2\/product_tag?post=49025"}],"curies":[{"name":"wp","href":"https:\/\/api.w.org\/{rel}","templated":true}]}}