{"id":49064,"date":"2023-05-31T11:12:54","date_gmt":"2023-05-31T11:12:54","guid":{"rendered":"https:\/\/www.ivh44.si\/Ponudbe\/chess\/?post_type=product&#038;p=49064"},"modified":"2026-03-11T08:33:03","modified_gmt":"2026-03-11T08:33:03","slug":"chess-evolution-2-beyond-the-basics","status":"publish","type":"product","link":"https:\/\/chessgamesemporium.com\/de\/shop\/schachbucher\/strategie-und-taktik\/chess-evolution-2-beyond-the-basics\/","title":{"rendered":"CHESS EVOLUTION 2 Beyond the Basics"},"content":{"rendered":"<p>Autor: Artur Yusupov<br \/>\nErscheinungsjahr: 2012<br \/>\nSprache: Englisch<br \/>\nSeiten: 304<br \/>\nFormat: 24 x 17 cm<br \/>\nEinband: Soft<\/p>\n<p>Chess Evolution 2 setzt Jusupovs preisgekr\u00f6nte Lehrserie fort. Die Fundamentals-Serie zeigt den Spielern die grundlegenden Ideen, die sie kennen sollten, und die Beyond the Basics-Serie f\u00fchrt sie dann auf den Weg zur Meisterschaft. Jusupow f\u00fchrt den Leser anhand sorgf\u00e4ltig ausgew\u00e4hlter Stellungen und Ratschl\u00e4ge zu einem h\u00f6heren Niveau des Schachverst\u00e4ndnisses. Dieses neue Verst\u00e4ndnis wird dann durch eine Reihe von R\u00e4tseln getestet.<\/p>\n<p>Artur Jussupow war von 1986 bis 1992 die Nr. 3 in der Schachwelt, gleich hinter den legend\u00e4ren Karpow und Kasparow. Er hat alles gewonnen, was es im Schach zu gewinnen gibt, au\u00dfer der Weltmeisterschaft, und ist jetzt Schachtrainer. Er hat mit Spielern gearbeitet, die vom aktuellen Weltmeister Anand bis zu lokalen Amateuren in Deutschland, wo er lebt, reichen.<\/p>","protected":false},"excerpt":{"rendered":"<p><a href=\"https:\/\/chessgamesemporium.com\/wp-content\/uploads\/2023\/05\/Chess_Evolution_2-excerpt-1.pdf\" target=\"_blank\" rel=\"noopener\">pdf-Auszug<\/a><\/p>","protected":false},"featured_media":49073,"comment_status":"closed","ping_status":"closed","template":"","meta":{"_seopress_robots_primary_cat":"none","_seopress_titles_title":"","_seopress_titles_desc":"","_seopress_robots_index":""},"product_brand":[],"product_cat":[512,608],"product_tag":[],"class_list":{"0":"post-49064","1":"product","2":"type-product","3":"status-publish","4":"has-post-thumbnail","6":"product_cat-sahovske-knjige","7":"product_cat-strategija-in-taktika","8":"pa_avtor-artur-yusupov","9":"pa_leto-izdaje-977","10":"pa_nivo-knjige-srednji","11":"pa_stran-oboje-nevtralno","12":"pa_tip-knjige-trening-vaje","13":"pa_zalozba-quality-chess","15":"entry","16":"has-media","18":"first","19":"instock","20":"taxable","21":"shipping-taxable","22":"purchasable","23":"product-type-simple","24":"has-product-nav","25":"col","26":"span_1_of_4","27":"owp-content-center","28":"item-entry","29":"owp-thumbs-layout-horizontal","30":"owp-btn-normal","31":"owp-tabs-layout-section"},"wcpa_form_fields":null,"_links":{"self":[{"href":"https:\/\/chessgamesemporium.com\/de\/wp-json\/wp\/v2\/product\/49064","targetHints":{"allow":["GET"]}}],"collection":[{"href":"https:\/\/chessgamesemporium.com\/de\/wp-json\/wp\/v2\/product"}],"about":[{"href":"https:\/\/chessgamesemporium.com\/de\/wp-json\/wp\/v2\/types\/product"}],"replies":[{"embeddable":true,"href":"https:\/\/chessgamesemporium.com\/de\/wp-json\/wp\/v2\/comments?post=49064"}],"version-history":[{"count":0,"href":"https:\/\/chessgamesemporium.com\/de\/wp-json\/wp\/v2\/product\/49064\/revisions"}],"wp:featuredmedia":[{"embeddable":true,"href":"https:\/\/chessgamesemporium.com\/de\/wp-json\/wp\/v2\/media\/49073"}],"wp:attachment":[{"href":"https:\/\/chessgamesemporium.com\/de\/wp-json\/wp\/v2\/media?parent=49064"}],"wp:term":[{"taxonomy":"product_brand","embeddable":true,"href":"https:\/\/chessgamesemporium.com\/de\/wp-json\/wp\/v2\/product_brand?post=49064"},{"taxonomy":"product_cat","embeddable":true,"href":"https:\/\/chessgamesemporium.com\/de\/wp-json\/wp\/v2\/product_cat?post=49064"},{"taxonomy":"product_tag","embeddable":true,"href":"https:\/\/chessgamesemporium.com\/de\/wp-json\/wp\/v2\/product_tag?post=49064"}],"curies":[{"name":"wp","href":"https:\/\/api.w.org\/{rel}","templated":true}]}}