{"id":49079,"date":"2023-05-31T11:28:07","date_gmt":"2023-05-31T11:28:07","guid":{"rendered":"https:\/\/www.ivh44.si\/Ponudbe\/chess\/?post_type=product&#038;p=49079"},"modified":"2026-03-06T10:30:29","modified_gmt":"2026-03-06T10:30:29","slug":"boost-your-chess-2-beyond-the-basics","status":"publish","type":"product","link":"https:\/\/chessgamesemporium.com\/de\/shop\/schachbucher\/strategie-und-taktik\/boost-your-chess-2-beyond-the-basics\/","title":{"rendered":"BOOST YOUR CHESS 2 Beyond the Basics"},"content":{"rendered":"<p>Autor: Artur Yusupov<br \/>\nErscheinungsjahr: 2010<br \/>\nSprache: Englisch<br \/>\nSeiten: 288<br \/>\nFormat: 24 x 17 cm<br \/>\nEinband: Soft<\/p>\n<p>Boost your Chess 2 setzt Artur Yusupovs Beyond the Basics-Serie fort und hilft Spielern, ihre F\u00e4higkeiten auf einem soliden Fundament aufzubauen. Jusupow f\u00fchrt den Leser mit sorgf\u00e4ltig ausgew\u00e4hlten Stellungen und Ratschl\u00e4gen zu einem h\u00f6heren Schachverst\u00e4ndnis. Dieses neue Verst\u00e4ndnis wird dann durch eine Reihe von R\u00e4tseln getestet.<\/p>\n<p>Artur Jussupow war von 1986 bis 1992 die Nr. 3 in der Schachwelt, gleich hinter den legend\u00e4ren Karpow und Kasparow. Er hat alles gewonnen, was es im Schach zu gewinnen gibt, au\u00dfer der Weltmeisterschaft, und ist jetzt Schachtrainer. Er hat mit Spielern gearbeitet, die vom aktuellen Weltmeister Anand bis zu lokalen Amateuren in Deutschland, wo er lebt, reichen.<\/p>","protected":false},"excerpt":{"rendered":"<p><a href=\"https:\/\/chessgamesemporium.com\/wp-content\/uploads\/2023\/05\/BoostYourChess2-excerpt.pdf\" target=\"_blank\" rel=\"noopener\">pdf-Auszug<\/a><\/p>","protected":false},"featured_media":49091,"comment_status":"closed","ping_status":"closed","template":"","meta":{"_seopress_robots_primary_cat":"none","_seopress_titles_title":"","_seopress_titles_desc":"","_seopress_robots_index":""},"product_brand":[],"product_cat":[608,512],"product_tag":[],"class_list":{"0":"post-49079","1":"product","2":"type-product","3":"status-publish","4":"has-post-thumbnail","6":"product_cat-strategija-in-taktika","7":"product_cat-sahovske-knjige","8":"pa_avtor-artur-yusupov","9":"pa_leto-izdaje-989","10":"pa_nivo-knjige-srednji","11":"pa_stran-oboje-nevtralno","12":"pa_tip-knjige-trening-vaje","13":"pa_zalozba-quality-chess","15":"entry","16":"has-media","18":"first","19":"instock","20":"taxable","21":"shipping-taxable","22":"purchasable","23":"product-type-simple","24":"has-product-nav","25":"col","26":"span_1_of_4","27":"owp-content-center","28":"item-entry","29":"owp-thumbs-layout-horizontal","30":"owp-btn-normal","31":"owp-tabs-layout-section"},"wcpa_form_fields":null,"_links":{"self":[{"href":"https:\/\/chessgamesemporium.com\/de\/wp-json\/wp\/v2\/product\/49079","targetHints":{"allow":["GET"]}}],"collection":[{"href":"https:\/\/chessgamesemporium.com\/de\/wp-json\/wp\/v2\/product"}],"about":[{"href":"https:\/\/chessgamesemporium.com\/de\/wp-json\/wp\/v2\/types\/product"}],"replies":[{"embeddable":true,"href":"https:\/\/chessgamesemporium.com\/de\/wp-json\/wp\/v2\/comments?post=49079"}],"version-history":[{"count":0,"href":"https:\/\/chessgamesemporium.com\/de\/wp-json\/wp\/v2\/product\/49079\/revisions"}],"wp:featuredmedia":[{"embeddable":true,"href":"https:\/\/chessgamesemporium.com\/de\/wp-json\/wp\/v2\/media\/49091"}],"wp:attachment":[{"href":"https:\/\/chessgamesemporium.com\/de\/wp-json\/wp\/v2\/media?parent=49079"}],"wp:term":[{"taxonomy":"product_brand","embeddable":true,"href":"https:\/\/chessgamesemporium.com\/de\/wp-json\/wp\/v2\/product_brand?post=49079"},{"taxonomy":"product_cat","embeddable":true,"href":"https:\/\/chessgamesemporium.com\/de\/wp-json\/wp\/v2\/product_cat?post=49079"},{"taxonomy":"product_tag","embeddable":true,"href":"https:\/\/chessgamesemporium.com\/de\/wp-json\/wp\/v2\/product_tag?post=49079"}],"curies":[{"name":"wp","href":"https:\/\/api.w.org\/{rel}","templated":true}]}}