{"id":49103,"date":"2023-05-31T12:06:33","date_gmt":"2023-05-31T12:06:33","guid":{"rendered":"https:\/\/www.ivh44.si\/Ponudbe\/chess\/?post_type=product&#038;p=49103"},"modified":"2026-04-15T11:01:00","modified_gmt":"2026-04-15T11:01:00","slug":"pump-up-your-rating","status":"publish","type":"product","link":"https:\/\/chessgamesemporium.com\/de\/shop\/schachbucher\/strategie-und-taktik\/pump-up-your-rating\/","title":{"rendered":"PUMP UP YOUR RATING"},"content":{"rendered":"<p>Autor: Axel Smith<br \/>\nErscheinungsjahr: 2013<br \/>\nSprache: Englisch<br \/>\nSeiten: 376<br \/>\nFormat: 24 x 17 cm<br \/>\nEinband: Kartoniert<\/p>\n<p>Jeder normale Mensch wei\u00df, wie er seine k\u00f6rperliche Kraft steigern kann, aber bei den meisten Schachspielern herrscht Verwirrung, wenn es um die Verbesserung ihrer Spielst\u00e4rke geht. Axel Smiths Trainingsmethoden haben seine Freunde, Mannschaftskameraden und Sch\u00fcler zu Gro\u00dfmeister-Normen und Titeln gef\u00fchrt. Harte Arbeit ist erforderlich, aber Axel Smith wei\u00df, wie Sie Ihr Rating aufpumpen k\u00f6nnen.<\/p>\n<p>Jeder Bereich des Schachs wird behandelt - von der Er\u00f6ffnungsvorbereitung \u00fcber das Mittelspiel bis hin zur Endspieltechnik. Smith befasst sich sowohl mit den technischen als auch mit den psychologischen Seiten des Schachs und zeigt, wie man am besten \u00fcbt und sich verbessert.<\/p>\n<p>Der internationale Meister Axel Smith aus Schweden hat als Trainer gro\u00dfe Erfolge erzielt. Indem er seine Methoden bei sich selbst anwandte, steigerte er sein Rating innerhalb von zwei Jahren von 2093 auf 2458. Er ist nun kurz davor, den Gro\u00dfmeistertitel zu erlangen.<\/p>","protected":false},"excerpt":{"rendered":"<p><a href=\"https:\/\/chessgamesemporium.com\/wp-content\/uploads\/2023\/05\/PumpUpYourRating-excerpt.pdf\" target=\"_blank\" rel=\"noopener\">pdf-Auszug<\/a><\/p>","protected":false},"featured_media":49113,"comment_status":"closed","ping_status":"closed","template":"","meta":{"_seopress_robots_primary_cat":"none","_seopress_titles_title":"","_seopress_titles_desc":"","_seopress_robots_index":""},"product_brand":[],"product_cat":[608,512],"product_tag":[],"class_list":{"0":"post-49103","1":"product","2":"type-product","3":"status-publish","4":"has-post-thumbnail","6":"product_cat-strategija-in-taktika","7":"product_cat-sahovske-knjige","8":"pa_avtor-axel-smith","9":"pa_leto-izdaje-883","10":"pa_nivo-knjige-srednji","11":"pa_stran-oboje-nevtralno","12":"pa_tip-knjige-trening-vaje","13":"pa_zalozba-quality-chess","15":"entry","16":"has-media","18":"first","19":"instock","20":"taxable","21":"shipping-taxable","22":"purchasable","23":"product-type-variable","24":"has-product-nav","25":"col","26":"span_1_of_4","27":"owp-content-center","28":"item-entry","29":"owp-thumbs-layout-horizontal","30":"owp-btn-normal","31":"owp-tabs-layout-section"},"wcpa_form_fields":null,"_links":{"self":[{"href":"https:\/\/chessgamesemporium.com\/de\/wp-json\/wp\/v2\/product\/49103","targetHints":{"allow":["GET"]}}],"collection":[{"href":"https:\/\/chessgamesemporium.com\/de\/wp-json\/wp\/v2\/product"}],"about":[{"href":"https:\/\/chessgamesemporium.com\/de\/wp-json\/wp\/v2\/types\/product"}],"replies":[{"embeddable":true,"href":"https:\/\/chessgamesemporium.com\/de\/wp-json\/wp\/v2\/comments?post=49103"}],"version-history":[{"count":0,"href":"https:\/\/chessgamesemporium.com\/de\/wp-json\/wp\/v2\/product\/49103\/revisions"}],"wp:featuredmedia":[{"embeddable":true,"href":"https:\/\/chessgamesemporium.com\/de\/wp-json\/wp\/v2\/media\/49113"}],"wp:attachment":[{"href":"https:\/\/chessgamesemporium.com\/de\/wp-json\/wp\/v2\/media?parent=49103"}],"wp:term":[{"taxonomy":"product_brand","embeddable":true,"href":"https:\/\/chessgamesemporium.com\/de\/wp-json\/wp\/v2\/product_brand?post=49103"},{"taxonomy":"product_cat","embeddable":true,"href":"https:\/\/chessgamesemporium.com\/de\/wp-json\/wp\/v2\/product_cat?post=49103"},{"taxonomy":"product_tag","embeddable":true,"href":"https:\/\/chessgamesemporium.com\/de\/wp-json\/wp\/v2\/product_tag?post=49103"}],"curies":[{"name":"wp","href":"https:\/\/api.w.org\/{rel}","templated":true}]}}