{"id":49143,"date":"2023-06-01T09:44:32","date_gmt":"2023-06-01T09:44:32","guid":{"rendered":"https:\/\/www.ivh44.si\/Ponudbe\/chess\/?post_type=product&#038;p=49143"},"modified":"2026-03-12T07:43:52","modified_gmt":"2026-03-12T07:43:52","slug":"the-nemesis-gellers-greatest-games","status":"publish","type":"product","link":"https:\/\/chessgamesemporium.com\/de\/shop\/schachbucher\/biografien\/the-nemesis-gellers-greatest-games\/","title":{"rendered":"THE NEMESIS GELLER&#8217;S GREATEST GAMES"},"content":{"rendered":"<p>Autor: Efim Geller<br \/>\nErscheinungsjahr: 2019<br \/>\nSprache: Englisch<br \/>\nSeiten: 480<br \/>\nFormat: 24 x 17 cm<br \/>\nEinband: Soft<\/p>\n<p>Efim Geller (1925-1998) war einer der Giganten des sowjetischen Schachs. Im Laufe seines Lebens schlug er die Weltmeister h\u00e4ufiger als er verlor und hatte unter anderem gegen Bobby Fischer und Mikhail Botvinnik ein gesundes Plus an Punkten. Daher verdient er den Spitznamen \"Die Nemesis\".<\/p>\n<p>Geller wurde zwar nie Weltmeister, aber er gewann alles andere - zwei sowjetische Titel, sieben Olympiade-Mannschaftsgoldmedaillen und drei Olympiade-Goldmedaillen f\u00fcr Einzelleistungen sind nur einige seiner Errungenschaften. Geller kr\u00f6nte seine lange Karriere, indem er 1992 Weltmeister der Senioren wurde. Geller war auch f\u00fcr seine F\u00e4higkeit bekannt, seine Weisheit zu teilen - er trainierte die Weltmeister Boris Spassky und Anatoly Karpov. In The Nemesis kommentiert Geller \u00fcber 130 seiner gr\u00f6\u00dften Partien mit Witz und Einsicht.<\/p>","protected":false},"excerpt":{"rendered":"<p><a href=\"https:\/\/chessgamesemporium.com\/wp-content\/uploads\/2023\/06\/TheNemesis-excerpt.pdf\" target=\"_blank\" rel=\"noopener\">pdf-Auszug<\/a><\/p>","protected":false},"featured_media":58394,"comment_status":"closed","ping_status":"closed","template":"","meta":{"_seopress_robots_primary_cat":"none","_seopress_titles_title":"","_seopress_titles_desc":"","_seopress_robots_index":""},"product_brand":[],"product_cat":[610,512],"product_tag":[],"class_list":{"0":"post-49143","1":"product","2":"type-product","3":"status-publish","4":"has-post-thumbnail","6":"product_cat-biografije","7":"product_cat-sahovske-knjige","8":"pa_avtor-efim-geller","9":"pa_leto-izdaje-820","10":"pa_nivo-knjige-srednji","11":"pa_stran-oboje-nevtralno","12":"pa_tip-knjige-biografije-zgodovina","13":"pa_zalozba-quality-chess","15":"entry","16":"has-media","18":"first","19":"instock","20":"taxable","21":"shipping-taxable","22":"purchasable","23":"product-type-simple","24":"has-product-nav","25":"col","26":"span_1_of_4","27":"owp-content-center","28":"item-entry","29":"owp-thumbs-layout-horizontal","30":"owp-btn-normal","31":"owp-tabs-layout-section"},"wcpa_form_fields":null,"_links":{"self":[{"href":"https:\/\/chessgamesemporium.com\/de\/wp-json\/wp\/v2\/product\/49143","targetHints":{"allow":["GET"]}}],"collection":[{"href":"https:\/\/chessgamesemporium.com\/de\/wp-json\/wp\/v2\/product"}],"about":[{"href":"https:\/\/chessgamesemporium.com\/de\/wp-json\/wp\/v2\/types\/product"}],"replies":[{"embeddable":true,"href":"https:\/\/chessgamesemporium.com\/de\/wp-json\/wp\/v2\/comments?post=49143"}],"version-history":[{"count":0,"href":"https:\/\/chessgamesemporium.com\/de\/wp-json\/wp\/v2\/product\/49143\/revisions"}],"wp:featuredmedia":[{"embeddable":true,"href":"https:\/\/chessgamesemporium.com\/de\/wp-json\/wp\/v2\/media\/58394"}],"wp:attachment":[{"href":"https:\/\/chessgamesemporium.com\/de\/wp-json\/wp\/v2\/media?parent=49143"}],"wp:term":[{"taxonomy":"product_brand","embeddable":true,"href":"https:\/\/chessgamesemporium.com\/de\/wp-json\/wp\/v2\/product_brand?post=49143"},{"taxonomy":"product_cat","embeddable":true,"href":"https:\/\/chessgamesemporium.com\/de\/wp-json\/wp\/v2\/product_cat?post=49143"},{"taxonomy":"product_tag","embeddable":true,"href":"https:\/\/chessgamesemporium.com\/de\/wp-json\/wp\/v2\/product_tag?post=49143"}],"curies":[{"name":"wp","href":"https:\/\/api.w.org\/{rel}","templated":true}]}}