{"id":49201,"date":"2023-06-06T11:53:10","date_gmt":"2023-06-06T11:53:10","guid":{"rendered":"https:\/\/www.ivh44.si\/Ponudbe\/chess\/?post_type=product&#038;p=49201"},"modified":"2026-03-11T09:31:04","modified_gmt":"2026-03-11T09:31:04","slug":"moji-veliki-predhodniki-2","status":"publish","type":"product","link":"https:\/\/chessgamesemporium.com\/de\/shop\/schachbucher\/biografien\/moji-veliki-predhodniki-2\/","title":{"rendered":"MOJI VELIKI PREDHODNIKI 2"},"content":{"rendered":"<p>Autor: Gari Kasparov<br \/>\nErscheinungsjahr: 2006<br \/>\nSprache: Slowenisch<br \/>\nSeiten: 536<br \/>\nFormat: 24 x 17 cm<br \/>\nEiband: Hart<\/p>\n<p>Von Euwe nach Tal<\/p>\n<p>Gari Kimovi\u010d Kasparov - der dreizehnte Schachweltmeister, einer der gr\u00f6\u00dften Spieler in der Geschichte des k\u00f6niglichen Spiels. Autor zahlreicher B\u00fccher, darunter \"The Sicilian Scheveningen\", \"Unlimited Challenge\", \"The Test of Time\".<\/p>\n<p>Die Buchreihe \"Meine gro\u00dfen Vorg\u00e4nger\" ist in der Schachliteratur un\u00fcbertroffen: Der 13. Schachweltmeister erz\u00e4hlt von den Schicksalen und Werken seiner zw\u00f6lf Vorg\u00e4nger und ihrer Gegner.<\/p>\n<p>Der zweite Band behandelt die Weltmeister f\u00fcnf bis acht: Max Euwe, Mikhail Botvinnik, Vasily Smyslov und Mikhail Tal. Die Weltmeister der drei\u00dfiger bis sechziger Jahre waren wichtig, denn in dieser Zeit wurde das Schachspiel zu einer Wissenschaft.<\/p>","protected":false},"excerpt":{"rendered":"<p>Avtor: Gari Kasparov Leto izdaje: 2006 Jezik: Slovenski \u0160t. strani: 536 Format: 24 x 17 cm Platnice: trde Od Euweja do Talja. Gari Kimovi\u010d Kasparov \u2013 13. svetovni prvak, eden izmed najve\u010djih \u0161ahistov v zgodovini kraljevske igre. Avtor knjig: \u00bbSiciljanska obrama. Scheweningen\u00ab (1984), \u00bbDva dvoboja\u00ab (1987), \u00bbDvoboj brez konca\u00ab (1989). Knjige \u00bbMoji veliki predhodniki\u00ab nimajo [&hellip;]<\/p>","protected":false},"featured_media":49225,"comment_status":"closed","ping_status":"closed","template":"","meta":{"_seopress_robots_primary_cat":"none","_seopress_titles_title":"","_seopress_titles_desc":"","_seopress_robots_index":""},"product_brand":[],"product_cat":[610,512],"product_tag":[],"class_list":{"0":"post-49201","1":"product","2":"type-product","3":"status-publish","4":"has-post-thumbnail","6":"product_cat-biografije","7":"product_cat-sahovske-knjige","8":"pa_avtor-garry-kasparov","9":"pa_leto-izdaje-1014","10":"pa_nivo-knjige-srednji","11":"pa_stran-oboje-nevtralno","12":"pa_tip-knjige-biografije-zgodovina","13":"pa_zalozba-sahohlacnik","15":"entry","16":"has-media","18":"first","19":"instock","20":"taxable","21":"shipping-taxable","22":"purchasable","23":"product-type-simple","24":"has-product-nav","25":"col","26":"span_1_of_4","27":"owp-content-center","28":"item-entry","29":"owp-thumbs-layout-horizontal","30":"owp-btn-normal","31":"owp-tabs-layout-section","32":"has-no-thumbnails"},"wcpa_form_fields":null,"_links":{"self":[{"href":"https:\/\/chessgamesemporium.com\/de\/wp-json\/wp\/v2\/product\/49201","targetHints":{"allow":["GET"]}}],"collection":[{"href":"https:\/\/chessgamesemporium.com\/de\/wp-json\/wp\/v2\/product"}],"about":[{"href":"https:\/\/chessgamesemporium.com\/de\/wp-json\/wp\/v2\/types\/product"}],"replies":[{"embeddable":true,"href":"https:\/\/chessgamesemporium.com\/de\/wp-json\/wp\/v2\/comments?post=49201"}],"version-history":[{"count":0,"href":"https:\/\/chessgamesemporium.com\/de\/wp-json\/wp\/v2\/product\/49201\/revisions"}],"wp:featuredmedia":[{"embeddable":true,"href":"https:\/\/chessgamesemporium.com\/de\/wp-json\/wp\/v2\/media\/49225"}],"wp:attachment":[{"href":"https:\/\/chessgamesemporium.com\/de\/wp-json\/wp\/v2\/media?parent=49201"}],"wp:term":[{"taxonomy":"product_brand","embeddable":true,"href":"https:\/\/chessgamesemporium.com\/de\/wp-json\/wp\/v2\/product_brand?post=49201"},{"taxonomy":"product_cat","embeddable":true,"href":"https:\/\/chessgamesemporium.com\/de\/wp-json\/wp\/v2\/product_cat?post=49201"},{"taxonomy":"product_tag","embeddable":true,"href":"https:\/\/chessgamesemporium.com\/de\/wp-json\/wp\/v2\/product_tag?post=49201"}],"curies":[{"name":"wp","href":"https:\/\/api.w.org\/{rel}","templated":true}]}}