{"id":49250,"date":"2023-06-08T09:16:16","date_gmt":"2023-06-08T09:16:16","guid":{"rendered":"https:\/\/www.ivh44.si\/Ponudbe\/chess\/?post_type=product&#038;p=49250"},"modified":"2024-03-26T09:19:12","modified_gmt":"2024-03-26T09:19:12","slug":"otvaranje-i-sredisnjica","status":"publish","type":"product","link":"https:\/\/chessgamesemporium.com\/de\/shop\/alle-produkte\/otvaranje-i-sredisnjica\/","title":{"rendered":"OTVARANJE i SREDI\u0160NJICA"},"content":{"rendered":"<p>Autor: A. Suetin<br \/>\nErscheinungsjahr: 2005<br \/>\nSprache: Serbisch<br \/>\nSeiten: 238<br \/>\nFormat: 21 x 14,8 cm<br \/>\nEinband: Soft<\/p>\n<p>Das Buch stellt die wichtigsten strategischen Probleme der modernen Er\u00f6ffnung mit dem \u00dcbergang zum Mittelspiel vor. In diesem Buch finden wir typische Bauernstrukturen, die sich aus der Er\u00f6ffnung ergeben und die Grundlage f\u00fcr die Wahl des richtigen Plans im Mittelspiel.<\/p>\n<p>Das Buch richtet sich sowohl an Trainer, gute Spieler als auch an Anf\u00e4nger.<\/p>","protected":false},"excerpt":{"rendered":"<p>Avtor: A. Suetin Leto izdaje: 2005 Jezik: Srbski \u0160t. strani: 238 Format: 21 x 14,8 cm Platnice: mehke V knjigi so predstavljeni najva\u017enej\u0161i strate\u0161ki problemi modernih otvoritev s prehodom v sredi\u0161nico. Prikazane so tipi\u010dne strukture, ki nastajajo v otvoritvah in so osnova pri izbiri plana v sredi\u0161nici. Knjiga je namenjena trenerjem, dobrim igralcem, kot tudi [&hellip;]<\/p>","protected":false},"featured_media":49274,"comment_status":"closed","ping_status":"closed","template":"","meta":{"_seopress_robots_primary_cat":"none","_seopress_titles_title":"","_seopress_titles_desc":"","_seopress_robots_index":""},"product_brand":[],"product_cat":[194],"product_tag":[],"class_list":{"0":"post-49250","1":"product","2":"type-product","3":"status-publish","4":"has-post-thumbnail","6":"product_cat-vsi-izdelki","8":"entry","9":"has-media","11":"first","12":"instock","13":"taxable","14":"shipping-taxable","15":"purchasable","16":"product-type-simple","17":"has-product-nav","18":"col","19":"span_1_of_4","20":"owp-content-center","21":"item-entry","22":"owp-thumbs-layout-horizontal","23":"owp-btn-normal","24":"owp-tabs-layout-section","25":"has-no-thumbnails"},"wcpa_form_fields":null,"_links":{"self":[{"href":"https:\/\/chessgamesemporium.com\/de\/wp-json\/wp\/v2\/product\/49250","targetHints":{"allow":["GET"]}}],"collection":[{"href":"https:\/\/chessgamesemporium.com\/de\/wp-json\/wp\/v2\/product"}],"about":[{"href":"https:\/\/chessgamesemporium.com\/de\/wp-json\/wp\/v2\/types\/product"}],"replies":[{"embeddable":true,"href":"https:\/\/chessgamesemporium.com\/de\/wp-json\/wp\/v2\/comments?post=49250"}],"version-history":[{"count":0,"href":"https:\/\/chessgamesemporium.com\/de\/wp-json\/wp\/v2\/product\/49250\/revisions"}],"wp:featuredmedia":[{"embeddable":true,"href":"https:\/\/chessgamesemporium.com\/de\/wp-json\/wp\/v2\/media\/49274"}],"wp:attachment":[{"href":"https:\/\/chessgamesemporium.com\/de\/wp-json\/wp\/v2\/media?parent=49250"}],"wp:term":[{"taxonomy":"product_brand","embeddable":true,"href":"https:\/\/chessgamesemporium.com\/de\/wp-json\/wp\/v2\/product_brand?post=49250"},{"taxonomy":"product_cat","embeddable":true,"href":"https:\/\/chessgamesemporium.com\/de\/wp-json\/wp\/v2\/product_cat?post=49250"},{"taxonomy":"product_tag","embeddable":true,"href":"https:\/\/chessgamesemporium.com\/de\/wp-json\/wp\/v2\/product_tag?post=49250"}],"curies":[{"name":"wp","href":"https:\/\/api.w.org\/{rel}","templated":true}]}}