{"id":49330,"date":"2023-06-08T11:19:33","date_gmt":"2023-06-08T11:19:33","guid":{"rendered":"https:\/\/www.ivh44.si\/Ponudbe\/chess\/?post_type=product&#038;p=49330"},"modified":"2024-03-26T09:10:04","modified_gmt":"2024-03-26T09:10:04","slug":"vestina-izmene","status":"publish","type":"product","link":"https:\/\/chessgamesemporium.com\/de\/shop\/alle-produkte\/vestina-izmene\/","title":{"rendered":"VE\u0160TINA IZMENE"},"content":{"rendered":"<p>Autor: G. Nesis<br \/>\nErscheinungsjahr: 2005<br \/>\nSprache: Serbisch<br \/>\nSeiten: 87<br \/>\nFormat: 21 x 14,8 cm<br \/>\nEinband: Soft<\/p>\n<p>In diesem Buch untersucht Gro\u00dfmeister G. E. Nesis eines der wichtigsten und h\u00e4ufigsten Ereignisse in einer Schachpartie - den Abtausch. Abtausch wird nach der Phase der Partie, in der er stattfindet, unterschieden. Dieses Thema stellt ein gro\u00dfes Interesse der Schachspieler dar, weil oft sogar st\u00e4rkere Spieler den Abtausch vermeiden und seine wirkliche Macht ignorieren.<\/p>\n<p>Dieses Buch ist f\u00fcr alle Fans des Spiels.<\/p>","protected":false},"excerpt":{"rendered":"<p>Avtor: G. Nesis Leto izdaje: 2005 Jezik: Srbski \u0160t. strani: 87 Format: 21 x 14,8 cm Platnice: mehke V tej knjigi Velemojster G. E. Nesis prou\u010duje enega od najva\u017enej\u0161ih in najpogostej\u0161ih dogodkov v \u0161ahovski igri \u2013 menjavi. Menjave so razdelane glede na fazo igre v kateri so se zgodile. Ta tema predstavlja velik interes \u0161ahistov, [&hellip;]<\/p>","protected":false},"featured_media":49346,"comment_status":"closed","ping_status":"closed","template":"","meta":{"_seopress_robots_primary_cat":"none","_seopress_titles_title":"","_seopress_titles_desc":"","_seopress_robots_index":""},"product_brand":[],"product_cat":[194],"product_tag":[],"class_list":{"0":"post-49330","1":"product","2":"type-product","3":"status-publish","4":"has-post-thumbnail","6":"product_cat-vsi-izdelki","8":"entry","9":"has-media","11":"first","12":"instock","13":"taxable","14":"shipping-taxable","15":"purchasable","16":"product-type-simple","17":"has-product-nav","18":"col","19":"span_1_of_4","20":"owp-content-center","21":"item-entry","22":"owp-thumbs-layout-horizontal","23":"owp-btn-normal","24":"owp-tabs-layout-section","25":"has-no-thumbnails"},"wcpa_form_fields":null,"_links":{"self":[{"href":"https:\/\/chessgamesemporium.com\/de\/wp-json\/wp\/v2\/product\/49330","targetHints":{"allow":["GET"]}}],"collection":[{"href":"https:\/\/chessgamesemporium.com\/de\/wp-json\/wp\/v2\/product"}],"about":[{"href":"https:\/\/chessgamesemporium.com\/de\/wp-json\/wp\/v2\/types\/product"}],"replies":[{"embeddable":true,"href":"https:\/\/chessgamesemporium.com\/de\/wp-json\/wp\/v2\/comments?post=49330"}],"version-history":[{"count":0,"href":"https:\/\/chessgamesemporium.com\/de\/wp-json\/wp\/v2\/product\/49330\/revisions"}],"wp:featuredmedia":[{"embeddable":true,"href":"https:\/\/chessgamesemporium.com\/de\/wp-json\/wp\/v2\/media\/49346"}],"wp:attachment":[{"href":"https:\/\/chessgamesemporium.com\/de\/wp-json\/wp\/v2\/media?parent=49330"}],"wp:term":[{"taxonomy":"product_brand","embeddable":true,"href":"https:\/\/chessgamesemporium.com\/de\/wp-json\/wp\/v2\/product_brand?post=49330"},{"taxonomy":"product_cat","embeddable":true,"href":"https:\/\/chessgamesemporium.com\/de\/wp-json\/wp\/v2\/product_cat?post=49330"},{"taxonomy":"product_tag","embeddable":true,"href":"https:\/\/chessgamesemporium.com\/de\/wp-json\/wp\/v2\/product_tag?post=49330"}],"curies":[{"name":"wp","href":"https:\/\/api.w.org\/{rel}","templated":true}]}}