{"id":49363,"date":"2023-06-08T12:08:46","date_gmt":"2023-06-08T12:08:46","guid":{"rendered":"https:\/\/www.ivh44.si\/Ponudbe\/chess\/?post_type=product&#038;p=49363"},"modified":"2024-05-28T08:59:54","modified_gmt":"2024-05-28T08:59:54","slug":"gambit","status":"publish","type":"product","link":"https:\/\/chessgamesemporium.com\/de\/shop\/alle-produkte\/gambit\/","title":{"rendered":"GAMBIT"},"content":{"rendered":"<p>Autor: M. Judovi\u010d<br \/>\nErscheinungsjahr: 2005<br \/>\nSprache: Serbisch<br \/>\nSeiten: 94<br \/>\nFormat: 21 x 14,8 cm<br \/>\nEinband: Kartoniert<\/p>\n<p>Dieses Buch des internationalen Schachmeisters und Schriftstellers M. Judovi\u010d ist f\u00fcr harte und scharfe Er\u00f6ffnungen - Gambits - bestimmt. Darin wird der Leser Beispiele aus der Geschichte und der modernen Praxis finden, er wird auf Begriffe wie Raum, Tempo, harmonische Entwicklung der Figuren und Vorbereitung des Angriffs treffen. Der Autor hat 20 interessante Partien ausgew\u00e4hlt und die wichtigsten Momente darin hervorgehoben, so dass der Leser selbst nachforschen und die Fragen beantworten kann.<\/p>\n<p>Das Buch ist f\u00fcr einen breiten Leserkreis bestimmt.<\/p>","protected":false},"excerpt":{"rendered":"<p>Avtor: M. Judovi\u010d Leto izdaje: 2005 Jezik: Srbski \u0160t. strani: 94 Format: 21 x 14,8 cm Platnice: mehke Knjiga mednarodnega mojstra in \u0161ahovskega pisca M. Judovi\u010da je namenjena te\u017ekim in ostrim otvoritvam \u2013 gambitom. V njej bo bralec na\u0161el primere iz zgodovine in moderne igre, se spoznal s pojmi kot so: prostor, tempo, harmoni\u010dni razvoj [&hellip;]<\/p>","protected":false},"featured_media":49387,"comment_status":"closed","ping_status":"closed","template":"","meta":{"_seopress_robots_primary_cat":"none","_seopress_titles_title":"","_seopress_titles_desc":"","_seopress_robots_index":""},"product_brand":[],"product_cat":[194],"product_tag":[],"class_list":{"0":"post-49363","1":"product","2":"type-product","3":"status-publish","4":"has-post-thumbnail","6":"product_cat-vsi-izdelki","8":"entry","9":"has-media","11":"first","12":"outofstock","13":"taxable","14":"shipping-taxable","15":"purchasable","16":"product-type-simple","17":"has-product-nav","18":"col","19":"span_1_of_4","20":"owp-content-center","21":"item-entry","22":"owp-thumbs-layout-horizontal","23":"owp-btn-normal","24":"owp-tabs-layout-section","25":"has-no-thumbnails"},"wcpa_form_fields":null,"_links":{"self":[{"href":"https:\/\/chessgamesemporium.com\/de\/wp-json\/wp\/v2\/product\/49363","targetHints":{"allow":["GET"]}}],"collection":[{"href":"https:\/\/chessgamesemporium.com\/de\/wp-json\/wp\/v2\/product"}],"about":[{"href":"https:\/\/chessgamesemporium.com\/de\/wp-json\/wp\/v2\/types\/product"}],"replies":[{"embeddable":true,"href":"https:\/\/chessgamesemporium.com\/de\/wp-json\/wp\/v2\/comments?post=49363"}],"version-history":[{"count":0,"href":"https:\/\/chessgamesemporium.com\/de\/wp-json\/wp\/v2\/product\/49363\/revisions"}],"wp:featuredmedia":[{"embeddable":true,"href":"https:\/\/chessgamesemporium.com\/de\/wp-json\/wp\/v2\/media\/49387"}],"wp:attachment":[{"href":"https:\/\/chessgamesemporium.com\/de\/wp-json\/wp\/v2\/media?parent=49363"}],"wp:term":[{"taxonomy":"product_brand","embeddable":true,"href":"https:\/\/chessgamesemporium.com\/de\/wp-json\/wp\/v2\/product_brand?post=49363"},{"taxonomy":"product_cat","embeddable":true,"href":"https:\/\/chessgamesemporium.com\/de\/wp-json\/wp\/v2\/product_cat?post=49363"},{"taxonomy":"product_tag","embeddable":true,"href":"https:\/\/chessgamesemporium.com\/de\/wp-json\/wp\/v2\/product_tag?post=49363"}],"curies":[{"name":"wp","href":"https:\/\/api.w.org\/{rel}","templated":true}]}}