{"id":49427,"date":"2023-06-21T10:16:49","date_gmt":"2023-06-21T10:16:49","guid":{"rendered":"https:\/\/www.ivh44.si\/Ponudbe\/chess\/?post_type=product&#038;p=49427"},"modified":"2026-03-12T13:09:11","modified_gmt":"2026-03-12T13:09:11","slug":"analyzing-the-chess-mind","status":"publish","type":"product","link":"https:\/\/chessgamesemporium.com\/de\/shop\/schachbucher\/strategie-und-taktik\/analyzing-the-chess-mind\/","title":{"rendered":"Analyzing the Chess Mind"},"content":{"rendered":"<p>Autor: Boris Gulko, Dr. Joel R. Sneed<br \/>\nErscheinungsjahr: 2022<br \/>\nSprache: Englisch<br \/>\nSeiten: 224<br \/>\nFormat: 24 x 17 cm<br \/>\nEinband: Soft<\/p>\n<p>Analyzing the Chess Mind ist eine Erkundung der Psychologie im Schach. Die Psychologie beeinflusst die Schachz\u00fcge, die wir machen, wie die Autoren auf unterhaltsame Weise in fachm\u00e4nnisch kommentierten Beispielen illustrieren, aber unsere pers\u00f6nliche Schachpsychologie ist nicht festgelegt. Wir k\u00f6nnen unsere Schachpsychologie verbessern, und die Autoren zeigen, wie.<\/p>\n<p>Um \u00fcber Schachpsychologie zu schreiben, w\u00fcrden die idealen Autoren \u00fcber Weltklasse-Schachkenntnisse und fortgeschrittene berufliche Qualifikationen in Psychologie verf\u00fcgen, daher sind GM Boris Gulko und Dr. Joel Sneed perfekt f\u00fcr die Aufgabe von Analyzing the Chess Mind.<\/p>\n<p>GM Boris Gulko ist einer der wenigen Spieler, die eine Pluspunktzahl gegen Garri Kasparow haben, und er ist auch der einzige Mann, der sowohl sowjetischer als auch amerikanischer Schachmeister war. Er hat einen Master-Abschluss in Psychologie von der Staatlichen Universit\u00e4t Moskau.<\/p>\n<p>Dr. Joel R. Sneed ist Professor f\u00fcr Psychologie an der City University of New York und ein begeisterter Amateurschachspieler.<\/p>","protected":false},"excerpt":{"rendered":"<p><a href=\"https:\/\/chessgamesemporium.com\/wp-content\/uploads\/2023\/06\/AnalyzingtheChessMind-excerpt.pdf\" target=\"_blank\" rel=\"noopener\">pdf-Auszug<\/a><\/p>","protected":false},"featured_media":49440,"comment_status":"closed","ping_status":"closed","template":"","meta":{"_seopress_robots_primary_cat":"none","_seopress_titles_title":"","_seopress_titles_desc":"","_seopress_robots_index":""},"product_brand":[],"product_cat":[512,608],"product_tag":[],"class_list":{"0":"post-49427","1":"product","2":"type-product","3":"status-publish","4":"has-post-thumbnail","6":"product_cat-sahovske-knjige","7":"product_cat-strategija-in-taktika","8":"pa_avtor-boris-gulko","9":"pa_avtor-dr-joel-r-sneed","10":"pa_leto-izdaje-1037","11":"pa_nivo-knjige-napredni","12":"pa_stran-oboje-nevtralno","13":"pa_tip-knjige-srednja-igra-strategija","14":"pa_zalozba-quality-chess","16":"entry","17":"has-media","19":"first","20":"instock","21":"taxable","22":"shipping-taxable","23":"purchasable","24":"product-type-simple","25":"has-product-nav","26":"col","27":"span_1_of_4","28":"owp-content-center","29":"item-entry","30":"owp-thumbs-layout-horizontal","31":"owp-btn-normal","32":"owp-tabs-layout-section"},"wcpa_form_fields":null,"_links":{"self":[{"href":"https:\/\/chessgamesemporium.com\/de\/wp-json\/wp\/v2\/product\/49427","targetHints":{"allow":["GET"]}}],"collection":[{"href":"https:\/\/chessgamesemporium.com\/de\/wp-json\/wp\/v2\/product"}],"about":[{"href":"https:\/\/chessgamesemporium.com\/de\/wp-json\/wp\/v2\/types\/product"}],"replies":[{"embeddable":true,"href":"https:\/\/chessgamesemporium.com\/de\/wp-json\/wp\/v2\/comments?post=49427"}],"version-history":[{"count":0,"href":"https:\/\/chessgamesemporium.com\/de\/wp-json\/wp\/v2\/product\/49427\/revisions"}],"wp:featuredmedia":[{"embeddable":true,"href":"https:\/\/chessgamesemporium.com\/de\/wp-json\/wp\/v2\/media\/49440"}],"wp:attachment":[{"href":"https:\/\/chessgamesemporium.com\/de\/wp-json\/wp\/v2\/media?parent=49427"}],"wp:term":[{"taxonomy":"product_brand","embeddable":true,"href":"https:\/\/chessgamesemporium.com\/de\/wp-json\/wp\/v2\/product_brand?post=49427"},{"taxonomy":"product_cat","embeddable":true,"href":"https:\/\/chessgamesemporium.com\/de\/wp-json\/wp\/v2\/product_cat?post=49427"},{"taxonomy":"product_tag","embeddable":true,"href":"https:\/\/chessgamesemporium.com\/de\/wp-json\/wp\/v2\/product_tag?post=49427"}],"curies":[{"name":"wp","href":"https:\/\/api.w.org\/{rel}","templated":true}]}}