{"id":49428,"date":"2023-06-21T10:20:42","date_gmt":"2023-06-21T10:20:42","guid":{"rendered":"https:\/\/www.ivh44.si\/Ponudbe\/chess\/?post_type=product&#038;p=49428"},"modified":"2026-03-20T10:41:28","modified_gmt":"2026-03-20T10:41:28","slug":"think-like-a-super-gm","status":"publish","type":"product","link":"https:\/\/chessgamesemporium.com\/de\/shop\/schachbucher\/strategie-und-taktik\/think-like-a-super-gm\/","title":{"rendered":"Think Like a Super-GM"},"content":{"rendered":"<p>Autor: Michael Adams, Philip Hurtado<br \/>\nErscheinungsjahr: 2022<br \/>\nSprache: Englisch<br \/>\nSeiten: 464<br \/>\nFormat: 24 x 17 cm<br \/>\nEinband: Soft<\/p>\n<p>Think Like a Super-GM ist eine einzigartige Zusammenarbeit, die die Schachkenntnisse eines Elite-Gro\u00dfmeisters mit einer wissenschaftlichen Untersuchung des Denkens am Schachbrett verbindet.<\/p>\n<p>40 Schachr\u00e4tsel wurden einer Gruppe von Spielern vorgelegt, die von gelegentlichen Vereinsspielern bis hin zu Super-GM und Co-Autor Michael Adams reichte. Der Forscher Philip Hurtado zeichnete nicht nur die gew\u00e4hlten Z\u00fcge, sondern auch die detaillierten Gedankeng\u00e4nge jedes Spielers auf, um das Geheimnis zu l\u00fcften, was genau \u00fcberlegene Schachst\u00e4rke ausmacht.<\/p>\n<p>Dieses Buch bietet den Lesern die einzigartige M\u00f6glichkeit, nicht nur die R\u00e4tsel zu l\u00f6sen, sondern auch ihr Denken mit dem von Vereinsspielern, starken Amateuren, IMs, GMs und Michael Adams selbst zu vergleichen. Mit einem zus\u00e4tzlichen Bonus-R\u00e4tselteil und einem faszinierenden Eyetracker-Experiment, das zeigt, worauf verschiedene Spieler ihre Aufmerksamkeit auf dem Brett richten, ist dies ein Schachverbesserungsbuch wie kein anderes.<\/p>\n<p>GM Michael Adams ist ein Weltmeisterschaftsfinalist und die langj\u00e4hrige britische Nummer eins, mit einer Spitzenplatzierung von 4 in der Welt.<\/p>\n<p>Philip Hurtado ist Ingenieur, Physiker, Statistiker und leidenschaftlicher Amateurschachspieler.<\/p>","protected":false},"excerpt":{"rendered":"<p><a href=\"https:\/\/chessgamesemporium.com\/wp-content\/uploads\/2023\/06\/ThinkLikeaSuper-GM-excerpt.pdf\" target=\"_blank\" rel=\"noopener\">pdf-Auszug<\/a><\/p>","protected":false},"featured_media":49442,"comment_status":"closed","ping_status":"closed","template":"","meta":{"_seopress_robots_primary_cat":"none","_seopress_titles_title":"","_seopress_titles_desc":"","_seopress_robots_index":""},"product_brand":[],"product_cat":[512,608],"product_tag":[],"class_list":{"0":"post-49428","1":"product","2":"type-product","3":"status-publish","4":"has-post-thumbnail","6":"product_cat-sahovske-knjige","7":"product_cat-strategija-in-taktika","8":"pa_avtor-michael-adams","9":"pa_avtor-philip-hurtado","10":"pa_leto-izdaje-747","11":"pa_nivo-knjige-napredni","12":"pa_stran-oboje-nevtralno","13":"pa_tip-knjige-srednja-igra-strategija","14":"pa_zalozba-quality-chess","16":"entry","17":"has-media","19":"first","20":"instock","21":"taxable","22":"shipping-taxable","23":"purchasable","24":"product-type-simple","25":"has-product-nav","26":"col","27":"span_1_of_4","28":"owp-content-center","29":"item-entry","30":"owp-thumbs-layout-horizontal","31":"owp-btn-normal","32":"owp-tabs-layout-section"},"wcpa_form_fields":null,"_links":{"self":[{"href":"https:\/\/chessgamesemporium.com\/de\/wp-json\/wp\/v2\/product\/49428","targetHints":{"allow":["GET"]}}],"collection":[{"href":"https:\/\/chessgamesemporium.com\/de\/wp-json\/wp\/v2\/product"}],"about":[{"href":"https:\/\/chessgamesemporium.com\/de\/wp-json\/wp\/v2\/types\/product"}],"replies":[{"embeddable":true,"href":"https:\/\/chessgamesemporium.com\/de\/wp-json\/wp\/v2\/comments?post=49428"}],"version-history":[{"count":0,"href":"https:\/\/chessgamesemporium.com\/de\/wp-json\/wp\/v2\/product\/49428\/revisions"}],"wp:featuredmedia":[{"embeddable":true,"href":"https:\/\/chessgamesemporium.com\/de\/wp-json\/wp\/v2\/media\/49442"}],"wp:attachment":[{"href":"https:\/\/chessgamesemporium.com\/de\/wp-json\/wp\/v2\/media?parent=49428"}],"wp:term":[{"taxonomy":"product_brand","embeddable":true,"href":"https:\/\/chessgamesemporium.com\/de\/wp-json\/wp\/v2\/product_brand?post=49428"},{"taxonomy":"product_cat","embeddable":true,"href":"https:\/\/chessgamesemporium.com\/de\/wp-json\/wp\/v2\/product_cat?post=49428"},{"taxonomy":"product_tag","embeddable":true,"href":"https:\/\/chessgamesemporium.com\/de\/wp-json\/wp\/v2\/product_tag?post=49428"}],"curies":[{"name":"wp","href":"https:\/\/api.w.org\/{rel}","templated":true}]}}