{"id":49444,"date":"2023-06-21T10:22:37","date_gmt":"2023-06-21T10:22:37","guid":{"rendered":"https:\/\/www.ivh44.si\/Ponudbe\/chess\/?post_type=product&#038;p=49444"},"modified":"2026-03-20T10:26:24","modified_gmt":"2026-03-20T10:26:24","slug":"playing-the-sveshnikov","status":"publish","type":"product","link":"https:\/\/chessgamesemporium.com\/de\/shop\/schachbucher\/schach-eroffnungen\/playing-the-sveshnikov\/","title":{"rendered":"Playing the Sveshnikov"},"content":{"rendered":"<p>Avtor: Milos Pavlovic<br \/>\nErscheinungsjahr: 2023<br \/>\nSprache: Englisch<br \/>\nSeiten: 360<br \/>\nFormat: 24 x 17 cm<br \/>\nEinband: Soft<\/p>\n<p>Der Sizilianer Sweschnikow entsteht nach den Er\u00f6ffnungsz\u00fcgen 1.e4 c5 2.Nf3 Nc6 3.d4 cxd4 4.Nxd4 Nf6 5.Nc3 e5 und ist eine ideale Waffe, die auf soliden Prinzipien der schnellen Entwicklung und der Eroberung des zentralen Raums beruht. Jahrzehntelange praktische Tests und Analysen haben die theoretische Solidit\u00e4t von Schwarz' System bewiesen, und sein dynamisches Gegenangriffspotenzial macht es zu einer beliebten Wahl bei Vereinsspielern und Spitzengro\u00dfmeistern gleicherma\u00dfen.<\/p>\n<p>Der serbische Gro\u00dfmeister Milo\u0161 Pavlovi\u0107 ist ein lebenslanger Sweschnikow-Spieler und ein erfahrener Schachtrainer, was ihn zum idealen F\u00fchrer f\u00fcr diese Er\u00f6ffnung macht. Playing the Sveshnikov bietet ein komplettes Repertoire f\u00fcr Schwarz im Sweschnikow, einschlie\u00dflich sekund\u00e4rer Empfehlungen gegen bestimmte Schl\u00fcsselvarianten. Mit erstklassigen Analysen, zahlreichen Neuerungen und durchdachten Erkl\u00e4rungen bietet dieses Buch alles, was Sie brauchen, um Sweschnikow zu lernen und mit Erfolg zu spielen.<\/p>\n<p>Milo\u0161 Pavlovi\u0107 ist ein ehemaliger jugoslawischer Meister, der seit 1993 den Gro\u00dfmeistertitel tr\u00e4gt. Als erfahrener Turnierspieler, Theoretiker und FIDE-Trainer ist er ein Experte f\u00fcr den Sweschnikow, da er den gr\u00f6\u00dften Teil seiner Schachkarriere beide Seiten des Spiels gespielt hat.<\/p>","protected":false},"excerpt":{"rendered":"<p><a href=\"https:\/\/chessgamesemporium.com\/wp-content\/uploads\/2023\/06\/PlayingtheSveshnikovExcerpt.pdf\" target=\"_blank\" rel=\"noopener\">pdf-Auszug<\/a><\/p>","protected":false},"featured_media":49445,"comment_status":"closed","ping_status":"closed","template":"","meta":{"_seopress_robots_primary_cat":"none","_seopress_titles_title":"","_seopress_titles_desc":"","_seopress_robots_index":""},"product_brand":[],"product_cat":[605,512],"product_tag":[],"class_list":{"0":"post-49444","1":"product","2":"type-product","3":"status-publish","4":"has-post-thumbnail","6":"product_cat-otvoritve","7":"product_cat-sahovske-knjige","8":"pa_avtor-milos-pavlovic","9":"pa_glavna-linija-1-e4-c5-2-nf3-nc6-3-d4-cxd4-4-nxd4-nf6-5-nc3-e5","10":"pa_leto-izdaje-1037","11":"pa_nivo-knjige-napredni","12":"pa_otvoritev-tema-sveshnikov","13":"pa_stran-crni","14":"pa_tip-knjige-otvoritve","15":"pa_zalozba-quality-chess","17":"entry","18":"has-media","20":"first","21":"instock","22":"taxable","23":"shipping-taxable","24":"purchasable","25":"product-type-simple","26":"has-product-nav","27":"col","28":"span_1_of_4","29":"owp-content-center","30":"item-entry","31":"owp-thumbs-layout-horizontal","32":"owp-btn-normal","33":"owp-tabs-layout-section"},"wcpa_form_fields":null,"_links":{"self":[{"href":"https:\/\/chessgamesemporium.com\/de\/wp-json\/wp\/v2\/product\/49444","targetHints":{"allow":["GET"]}}],"collection":[{"href":"https:\/\/chessgamesemporium.com\/de\/wp-json\/wp\/v2\/product"}],"about":[{"href":"https:\/\/chessgamesemporium.com\/de\/wp-json\/wp\/v2\/types\/product"}],"replies":[{"embeddable":true,"href":"https:\/\/chessgamesemporium.com\/de\/wp-json\/wp\/v2\/comments?post=49444"}],"version-history":[{"count":0,"href":"https:\/\/chessgamesemporium.com\/de\/wp-json\/wp\/v2\/product\/49444\/revisions"}],"wp:featuredmedia":[{"embeddable":true,"href":"https:\/\/chessgamesemporium.com\/de\/wp-json\/wp\/v2\/media\/49445"}],"wp:attachment":[{"href":"https:\/\/chessgamesemporium.com\/de\/wp-json\/wp\/v2\/media?parent=49444"}],"wp:term":[{"taxonomy":"product_brand","embeddable":true,"href":"https:\/\/chessgamesemporium.com\/de\/wp-json\/wp\/v2\/product_brand?post=49444"},{"taxonomy":"product_cat","embeddable":true,"href":"https:\/\/chessgamesemporium.com\/de\/wp-json\/wp\/v2\/product_cat?post=49444"},{"taxonomy":"product_tag","embeddable":true,"href":"https:\/\/chessgamesemporium.com\/de\/wp-json\/wp\/v2\/product_tag?post=49444"}],"curies":[{"name":"wp","href":"https:\/\/api.w.org\/{rel}","templated":true}]}}