{"id":49626,"date":"2023-07-18T08:50:22","date_gmt":"2023-07-18T08:50:22","guid":{"rendered":"https:\/\/www.ivh44.si\/Ponudbe\/chess\/?post_type=product&#038;p=49626"},"modified":"2026-04-20T11:19:49","modified_gmt":"2026-04-20T11:19:49","slug":"luxus-schachset-antikes-art","status":"publish","type":"product","link":"https:\/\/chessgamesemporium.com\/de\/shop\/schachsets\/luxus-schachspiele\/luxus-schachset-antikes-art\/","title":{"rendered":"Luxus-Schachspiel Antique Art"},"content":{"rendered":"<p>Luxus-Schachspiel Antique Art<\/p>\n<p>Luxuri\u00f6ses handgefertigtes Schachspiel aus Holz und k\u00fcnstlerischen Mosaiken.<br \/>\nDieses Schachbrett ist unbemalt, so dass die nat\u00fcrlichen Holzfarben durchscheinen.<br \/>\nDas Brett wird lackiert, um seinen Glanz zu erh\u00f6hen und das Holz zu sch\u00fctzen.<\/p>\n<p>Feld: 3 x 3 cm<br \/>\nMa\u00dfe Schachbrett: 38 \u00d7 38 \u00d7 8 cm<\/p>\n<p>Schachfiguren aus Messing<\/p>\n<p>Das luxuri\u00f6se Schachset Antik Art verk\u00f6rpert den H\u00f6hepunkt handwerklicher Kunst und zeitloser Eleganz. Das handgefertigte Holzbrett mit kunstvollem Mosaik, kombiniert mit pr\u00e4zise gefertigten Messingfiguren, schafft eine beeindruckende visuelle Pr\u00e4senz, die \u00fcber ein klassisches Schachspiel hinausgeht. Jedes Detail steht f\u00fcr Pr\u00e4zision, Prestige und Einzigartigkeit und macht dieses Set zu mehr als nur einem Spiel \u2013 es ist ein Ausdruck pers\u00f6nlichen Stils.<\/p>\n<p>Dieses exklusive Holzschachset ist die ideale Wahl f\u00fcr Sammler, Kunstliebhaber und alle, die ein hochwertiges Geschenk suchen. Perfekt f\u00fcr elegante Wohnr\u00e4ume, Gesch\u00e4ftsgeschenke oder besondere Anl\u00e4sse. Antik Art vereint Tradition, Handwerkskunst und moderne \u00c4sthetik zu einem au\u00dfergew\u00f6hnlichen Meisterwerk.<\/p>\n<p>Nicht f\u00fcr Kinder unter 3 Jahren geeignet.<\/p>","protected":false},"excerpt":{"rendered":"<p>Luksuzni \u0161ah Antik Art Luksuzni ro\u010dno narejen \u0161ah iz lesa in umetni\u0161kega mozaika. \u0160ahovnica ni barvana, vse barve so naravne barve lesa. \u0160ahovnica je le lakirana za za\u0161\u010dito in dodatni lesk. Dimenzije polja: 30 mm Dimenzije \u0161ahovnice: 38 x 38 x 8 cm \u0160ahovske figure iz medenine Luksuzni \u0161ah Antik Art predstavlja vrhunec umetni\u0161ke izdelave [&hellip;]<\/p>","protected":false},"featured_media":49675,"comment_status":"closed","ping_status":"closed","template":"","meta":{"_seopress_robots_primary_cat":"none","_seopress_titles_title":"Luksuzni \u0161ah Antik Art \u2013 ekskluziven \u0161ahovski komplet","_seopress_titles_desc":"Ekskluziven lesen \u0161ahovski komplet kot unikatna dekoracija ali presti\u017eno darilo za rojstni dan, praznik ali poslovne partnerje. Eleganten in vrhunski videz.","_seopress_robots_index":""},"product_brand":[],"product_cat":[611,510],"product_tag":[],"class_list":{"0":"post-49626","1":"product","2":"type-product","3":"status-publish","4":"has-post-thumbnail","6":"product_cat-ekskluzivne-garniture","7":"product_cat-sahovski-kompleti","9":"entry","10":"has-media","12":"first","13":"instock","14":"taxable","15":"shipping-taxable","16":"purchasable","17":"product-type-simple","18":"has-product-nav","19":"col","20":"span_1_of_4","21":"owp-content-center","22":"item-entry","23":"owp-thumbs-layout-horizontal","24":"owp-btn-normal","25":"owp-tabs-layout-section"},"wcpa_form_fields":null,"_links":{"self":[{"href":"https:\/\/chessgamesemporium.com\/de\/wp-json\/wp\/v2\/product\/49626","targetHints":{"allow":["GET"]}}],"collection":[{"href":"https:\/\/chessgamesemporium.com\/de\/wp-json\/wp\/v2\/product"}],"about":[{"href":"https:\/\/chessgamesemporium.com\/de\/wp-json\/wp\/v2\/types\/product"}],"replies":[{"embeddable":true,"href":"https:\/\/chessgamesemporium.com\/de\/wp-json\/wp\/v2\/comments?post=49626"}],"version-history":[{"count":0,"href":"https:\/\/chessgamesemporium.com\/de\/wp-json\/wp\/v2\/product\/49626\/revisions"}],"wp:featuredmedia":[{"embeddable":true,"href":"https:\/\/chessgamesemporium.com\/de\/wp-json\/wp\/v2\/media\/49675"}],"wp:attachment":[{"href":"https:\/\/chessgamesemporium.com\/de\/wp-json\/wp\/v2\/media?parent=49626"}],"wp:term":[{"taxonomy":"product_brand","embeddable":true,"href":"https:\/\/chessgamesemporium.com\/de\/wp-json\/wp\/v2\/product_brand?post=49626"},{"taxonomy":"product_cat","embeddable":true,"href":"https:\/\/chessgamesemporium.com\/de\/wp-json\/wp\/v2\/product_cat?post=49626"},{"taxonomy":"product_tag","embeddable":true,"href":"https:\/\/chessgamesemporium.com\/de\/wp-json\/wp\/v2\/product_tag?post=49626"}],"curies":[{"name":"wp","href":"https:\/\/api.w.org\/{rel}","templated":true}]}}