{"id":49719,"date":"2023-07-20T08:44:35","date_gmt":"2023-07-20T08:44:35","guid":{"rendered":"https:\/\/www.ivh44.si\/Ponudbe\/chess\/?post_type=product&#038;p=49719"},"modified":"2026-01-26T12:13:05","modified_gmt":"2026-01-26T12:13:05","slug":"luxus-schachspiel-bilbao","status":"publish","type":"product","link":"https:\/\/chessgamesemporium.com\/de\/shop\/schachsets\/luxus-schachspiele\/luxus-schachspiel-bilbao\/","title":{"rendered":"Luxus-Schachspiel BILBAO"},"content":{"rendered":"<p>Dieses einzigartige Holzschachspiel enth\u00e4lt eine Vielzahl von sorgf\u00e4ltig ausgew\u00e4hlten Produkten. Das Set enth\u00e4lt ein perfekt abgestimmtes Schachbrett aus Nussbaumwurzelholz, das von geschickten Handwerkern nach der Kunst der Intarsienarbeit hergestellt wurde. Die Schachfiguren sind gewichtet und haben eine K\u00f6nigsh\u00f6he von 7,7 cm.<\/p>\n<p>Sorgf\u00e4ltig ausgew\u00e4hlte Holzfurniere, traditionelle Designs und eine besondere Handwerkskunst, die sich der Intarsienkunst bedient, verleihen unserer Holzschach-Kollektion Leben.<\/p>","protected":false},"excerpt":{"rendered":"<p>Ta edinstven lesen \u0161ahovski komplet vklju\u010duje razli\u010dne premi\u0161ljeno izbrane izdelke. Komplet vklju\u010duje popolnoma usklajeno \u0161ahovnico narejena iz Orehove korenine, katero so izdelali spretni obrtniki z uporabo umetnosti intarzije. \u0160ahovske figure so obte\u017eene in imajo kralja vi\u0161ine 7,7 cm. Skrbno izbrani leseni furnirji, tradicionalni modeli in posebna izdelava z uporabo umetnosti intarzije dajejo \u017eivljenje na\u0161i zbirki [&hellip;]<\/p>","protected":false},"featured_media":49724,"comment_status":"closed","ping_status":"closed","template":"","meta":{"_seopress_robots_primary_cat":"none","_seopress_titles_title":"","_seopress_titles_desc":"","_seopress_robots_index":""},"product_brand":[],"product_cat":[611,510],"product_tag":[],"class_list":{"0":"post-49719","1":"product","2":"type-product","3":"status-publish","4":"has-post-thumbnail","6":"product_cat-ekskluzivne-garniture","7":"product_cat-sahovski-kompleti","9":"entry","10":"has-media","12":"first","13":"instock","14":"taxable","15":"shipping-taxable","16":"purchasable","17":"product-type-simple","18":"has-product-nav","19":"col","20":"span_1_of_4","21":"owp-content-center","22":"item-entry","23":"owp-thumbs-layout-horizontal","24":"owp-btn-normal","25":"owp-tabs-layout-section"},"wcpa_form_fields":null,"_links":{"self":[{"href":"https:\/\/chessgamesemporium.com\/de\/wp-json\/wp\/v2\/product\/49719","targetHints":{"allow":["GET"]}}],"collection":[{"href":"https:\/\/chessgamesemporium.com\/de\/wp-json\/wp\/v2\/product"}],"about":[{"href":"https:\/\/chessgamesemporium.com\/de\/wp-json\/wp\/v2\/types\/product"}],"replies":[{"embeddable":true,"href":"https:\/\/chessgamesemporium.com\/de\/wp-json\/wp\/v2\/comments?post=49719"}],"version-history":[{"count":0,"href":"https:\/\/chessgamesemporium.com\/de\/wp-json\/wp\/v2\/product\/49719\/revisions"}],"wp:featuredmedia":[{"embeddable":true,"href":"https:\/\/chessgamesemporium.com\/de\/wp-json\/wp\/v2\/media\/49724"}],"wp:attachment":[{"href":"https:\/\/chessgamesemporium.com\/de\/wp-json\/wp\/v2\/media?parent=49719"}],"wp:term":[{"taxonomy":"product_brand","embeddable":true,"href":"https:\/\/chessgamesemporium.com\/de\/wp-json\/wp\/v2\/product_brand?post=49719"},{"taxonomy":"product_cat","embeddable":true,"href":"https:\/\/chessgamesemporium.com\/de\/wp-json\/wp\/v2\/product_cat?post=49719"},{"taxonomy":"product_tag","embeddable":true,"href":"https:\/\/chessgamesemporium.com\/de\/wp-json\/wp\/v2\/product_tag?post=49719"}],"curies":[{"name":"wp","href":"https:\/\/api.w.org\/{rel}","templated":true}]}}