{"id":51011,"date":"2023-09-05T09:33:31","date_gmt":"2023-09-05T09:33:31","guid":{"rendered":"https:\/\/chessgamesemporium.com\/?post_type=product&#038;p=51011"},"modified":"2024-02-13T12:38:15","modified_gmt":"2024-02-13T12:38:15","slug":"schachset-tournament-rollup-5","status":"publish","type":"product","link":"https:\/\/chessgamesemporium.com\/de\/shop\/schachsets\/kombi-schachspiele\/schachset-tournament-rollup-5\/","title":{"rendered":"Schachset TOURNAMENT ROLL-UP 5"},"content":{"rendered":"<p>Schachfiguren:<br \/>\nQualit\u00e4tsschachfiguren aus Holz, gefilzter Boden<br \/>\nTurniergr\u00f6\u00dfe<br \/>\nMaterial: Hainbuche<\/p>\n<p>Diese Schachfiguren sind ideal f\u00fcr unsere Schachbretter Nr. 6 oder Nr. 5+, liegen gut in der Hand und gleiten gut \u00fcber das Brett.<\/p>\n<p>Abmessungen: (H\u00f6he der Figur | Durchmesser der Basis)<br \/>\nK\u00f6nig: 9,2 cm | 3,2 cm<br \/>\nDame: 8,3 cm | 3,2 cm<br \/>\nTurm: 5,3 cm | 2,8 cm<br \/>\nL\u00e4ufer: 6,7 cm | 2,9 cm<br \/>\nSpringer: 5,9 cm | 2,8 cm<br \/>\nBauer: 4,5 cm | 2,4 cm<\/p>\n<p>Schachbrett:<br \/>\nMaterial: PVC, Leinwand<br \/>\nFarbe: Schwarz \/ Wei\u00df<br \/>\nFeld: 5,0 x 5,0 cm<br \/>\nMa\u00dfe Schachbrett: 44 x 44 cm<br \/>\nAbwaschbare<\/p>\n<p>Warnung! Nicht geeignet f\u00fcr Kinder unter 3 Jahren wegen Kleinteilen! Es besteht Erstickungsgefahr.<\/p>","protected":false},"excerpt":{"rendered":"<p>Figure: Kvalitetne podlo\u017eene lesene figure. obte\u017eene Turnirska velikost Material: gabrovina Te \u0161ahovske figure so idealne za 6 in 5+ velikosti \u0161ahovnic in lepo drsijo po \u0161ahovnici. Dimenzije: (vi\u0161ina | premer podlage) Kralj: 9,2 cm | 3,2 cm Dama: 8,3 cm | 3,2 cm Top: 5,3 cm | 2,8 cm Lovec: 6,7 cm | 2,9 cm [&hellip;]<\/p>","protected":false},"featured_media":51014,"comment_status":"closed","ping_status":"closed","template":"","meta":{"_seopress_robots_primary_cat":"none","_seopress_titles_title":"","_seopress_titles_desc":"","_seopress_robots_index":""},"product_brand":[],"product_cat":[581,510],"product_tag":[],"class_list":{"0":"post-51011","1":"product","2":"type-product","3":"status-publish","4":"has-post-thumbnail","6":"product_cat-sestavljeni-kompleti","7":"product_cat-sahovski-kompleti","9":"entry","10":"has-media","12":"first","13":"instock","14":"taxable","15":"shipping-taxable","16":"purchasable","17":"product-type-simple","18":"has-product-nav","19":"col","20":"span_1_of_4","21":"owp-content-center","22":"item-entry","23":"owp-thumbs-layout-horizontal","24":"owp-btn-normal","25":"owp-tabs-layout-section"},"wcpa_form_fields":null,"_links":{"self":[{"href":"https:\/\/chessgamesemporium.com\/de\/wp-json\/wp\/v2\/product\/51011","targetHints":{"allow":["GET"]}}],"collection":[{"href":"https:\/\/chessgamesemporium.com\/de\/wp-json\/wp\/v2\/product"}],"about":[{"href":"https:\/\/chessgamesemporium.com\/de\/wp-json\/wp\/v2\/types\/product"}],"replies":[{"embeddable":true,"href":"https:\/\/chessgamesemporium.com\/de\/wp-json\/wp\/v2\/comments?post=51011"}],"version-history":[{"count":0,"href":"https:\/\/chessgamesemporium.com\/de\/wp-json\/wp\/v2\/product\/51011\/revisions"}],"wp:featuredmedia":[{"embeddable":true,"href":"https:\/\/chessgamesemporium.com\/de\/wp-json\/wp\/v2\/media\/51014"}],"wp:attachment":[{"href":"https:\/\/chessgamesemporium.com\/de\/wp-json\/wp\/v2\/media?parent=51011"}],"wp:term":[{"taxonomy":"product_brand","embeddable":true,"href":"https:\/\/chessgamesemporium.com\/de\/wp-json\/wp\/v2\/product_brand?post=51011"},{"taxonomy":"product_cat","embeddable":true,"href":"https:\/\/chessgamesemporium.com\/de\/wp-json\/wp\/v2\/product_cat?post=51011"},{"taxonomy":"product_tag","embeddable":true,"href":"https:\/\/chessgamesemporium.com\/de\/wp-json\/wp\/v2\/product_tag?post=51011"}],"curies":[{"name":"wp","href":"https:\/\/api.w.org\/{rel}","templated":true}]}}